{"id":954,"date":"2016-07-15T14:19:56","date_gmt":"2016-07-15T14:19:56","guid":{"rendered":"http:\/\/test.kriesi.at\/enfold-medical\/?page_id=954"},"modified":"2025-06-13T15:21:52","modified_gmt":"2025-06-13T12:21:52","slug":"iletisim","status":"publish","type":"page","link":"https:\/\/bulentsekerel.com\/index.php\/iletisim\/","title":{"rendered":"\u0130leti\u015fim"},"content":{"rendered":"<div id='av_section_1'  class='avia-section av-2q18fm-9848e936c7fe221436decec69ababab2 main_color avia-section-huge avia-no-border-styling  avia-builder-el-0  avia-builder-el-no-sibling  avia-bg-style-scroll container_wrap sidebar_right'  ><div class='container av-section-cont-open' ><main  role=\"main\" itemprop=\"mainContentOfPage\"  class='template-page content  av-content-small alpha units'><div class='post-entry post-entry-type-page post-entry-954'><div class='entry-content-wrapper clearfix'>\n\n<style type=\"text\/css\" data-created_by=\"avia_inline_auto\" id=\"style-css-av-2hyq3m-e91743f2b79a8c319149aa4982c26eb2\">\n.flex_column.av-2hyq3m-e91743f2b79a8c319149aa4982c26eb2{\n-webkit-border-radius:0px 0px 0px 0px;\n-moz-border-radius:0px 0px 0px 0px;\nborder-radius:0px 0px 0px 0px;\npadding:0px 0px 0px 0px;\n}\n<\/style>\n<div class='flex_column av-2hyq3m-e91743f2b79a8c319149aa4982c26eb2 av_one_half  avia-builder-el-1  el_before_av_one_half  avia-builder-el-first  first flex_column_div av-animated-generic bottom-to-top av-zero-column-padding '     ><\/div>\n<style type=\"text\/css\" data-created_by=\"avia_inline_auto\" id=\"style-css-av-ugn4q-48773bd67f440b826ec7d9bd22df1173\">\n.flex_column.av-ugn4q-48773bd67f440b826ec7d9bd22df1173{\n-webkit-border-radius:0px 0px 0px 0px;\n-moz-border-radius:0px 0px 0px 0px;\nborder-radius:0px 0px 0px 0px;\npadding:0px 0px 0px 0px;\n}\n<\/style>\n<div class='flex_column av-ugn4q-48773bd67f440b826ec7d9bd22df1173 av_one_half  avia-builder-el-3  el_after_av_one_half  avia-builder-el-last  flex_column_div av-animated-generic bottom-to-top av-zero-column-padding '     ><p>\n<style type=\"text\/css\" data-created_by=\"avia_inline_auto\" id=\"style-css-av-gfwlu-e2133473c1ec0d9291c4f3160635ccdb\">\n#top .av-special-heading.av-gfwlu-e2133473c1ec0d9291c4f3160635ccdb{\npadding-bottom:20px;\nfont-size:34px;\n}\nbody .av-special-heading.av-gfwlu-e2133473c1ec0d9291c4f3160635ccdb .av-special-heading-tag .heading-char{\nfont-size:25px;\n}\n#top #wrap_all .av-special-heading.av-gfwlu-e2133473c1ec0d9291c4f3160635ccdb .av-special-heading-tag{\nfont-size:34px;\n}\n.av-special-heading.av-gfwlu-e2133473c1ec0d9291c4f3160635ccdb .av-subheading{\nfont-size:15px;\n}\n\n@media only screen and (min-width: 480px) and (max-width: 767px){ \n#top #wrap_all .av-special-heading.av-gfwlu-e2133473c1ec0d9291c4f3160635ccdb .av-special-heading-tag{\nfont-size:0.8em;\n}\n}\n\n@media only screen and (max-width: 479px){ \n#top #wrap_all .av-special-heading.av-gfwlu-e2133473c1ec0d9291c4f3160635ccdb .av-special-heading-tag{\nfont-size:0.8em;\n}\n}\n<\/style>\n<div  class='av-special-heading av-gfwlu-e2133473c1ec0d9291c4f3160635ccdb av-special-heading-h3 blockquote modern-quote  avia-builder-el-4  el_before_av_textblock  avia-builder-el-first  av-inherit-size'><h3 class='av-special-heading-tag'  itemprop=\"headline\"  >Bize Ula\u015f\u0131n<\/h3><div class=\"special-heading-border\"><div class=\"special-heading-inner-border\"><\/div><\/div><\/div><br \/>\n<section  class='av_textblock_section av-bw6be-aae0f3e96e43476f6aab9e22ab31a757'  itemscope=\"itemscope\" itemtype=\"https:\/\/schema.org\/CreativeWork\" ><div class='avia_textblock'  itemprop=\"text\" ><p><strong>\u0130\u015f Bilgileri<\/strong><br \/>\nHacettepe \u00dcni. T\u0131p Fak. \u00c7ocuk Allerji ve Ast\u0131m \u00dcnitesi 06100 S\u0131hh\u0131ye &#8211; ANKARA<\/p>\n<p>e-posta: b_sekerel@yahoo.com<\/p>\n<p><strong>Muayenehane Bilgileri<\/strong><br \/>\nCinnah Cad. no: 65\/2, \u00c7ankaya &#8211; ANKARA<\/p>\n<p>Telefon:<a href=\"https:\/\/wa.me\/905300627930\">\u00a00 530 062 79 30<\/a><\/p>\n<\/div><\/section><\/p><\/div><\/div><\/div><\/main><!-- close content main element --><\/div><\/div><div id='after_section_1'  class='main_color av_default_container_wrap container_wrap sidebar_right'  ><div class='container av-section-cont-open' ><div class='template-page content  av-content-small alpha units'><div class='post-entry post-entry-type-page post-entry-954'><div class='entry-content-wrapper clearfix'>\n","protected":false},"excerpt":{"rendered":"","protected":false},"author":1,"featured_media":0,"parent":0,"menu_order":0,"comment_status":"closed","ping_status":"closed","template":"","meta":[],"yoast_head":"<!-- This site is optimized with the Yoast SEO plugin v20.1 - https:\/\/yoast.com\/wordpress\/plugins\/seo\/ -->\n<title>\u0130leti\u015fim - Prof. Dr. B\u00fclent Enis \u015eekerel<\/title>\n<meta name=\"description\" content=\"Prof. Dr. B\u00fclent \u015eekerel ileti\u015fim bilgileri\" \/>\n<meta name=\"robots\" content=\"index, follow, max-snippet:-1, max-image-preview:large, max-video-preview:-1\" \/>\n<link rel=\"canonical\" href=\"https:\/\/bulentsekerel.com\/index.php\/iletisim\/\" \/>\n<meta property=\"og:locale\" content=\"tr_TR\" \/>\n<meta property=\"og:type\" content=\"article\" \/>\n<meta property=\"og:title\" content=\"\u0130leti\u015fim - Prof. Dr. B\u00fclent Enis \u015eekerel\" \/>\n<meta property=\"og:description\" content=\"Prof. Dr. B\u00fclent \u015eekerel ileti\u015fim bilgileri\" \/>\n<meta property=\"og:url\" content=\"https:\/\/bulentsekerel.com\/index.php\/iletisim\/\" \/>\n<meta property=\"og:site_name\" content=\"Prof. Dr. B\u00fclent Enis \u015eekerel\" \/>\n<meta property=\"article:modified_time\" content=\"2025-06-13T12:21:52+00:00\" \/>\n<meta name=\"twitter:card\" content=\"summary_large_image\" \/>\n<meta name=\"twitter:label1\" content=\"Tahmini okuma s\u00fcresi\" \/>\n\t<meta name=\"twitter:data1\" content=\"1 dakika\" \/>\n<script type=\"application\/ld+json\" class=\"yoast-schema-graph\">{\"@context\":\"https:\/\/schema.org\",\"@graph\":[{\"@type\":\"WebPage\",\"@id\":\"https:\/\/bulentsekerel.com\/index.php\/iletisim\/\",\"url\":\"https:\/\/bulentsekerel.com\/index.php\/iletisim\/\",\"name\":\"\u0130leti\u015fim - Prof. Dr. B\u00fclent Enis \u015eekerel\",\"isPartOf\":{\"@id\":\"https:\/\/bulentsekerel.com\/#website\"},\"datePublished\":\"2016-07-15T14:19:56+00:00\",\"dateModified\":\"2025-06-13T12:21:52+00:00\",\"description\":\"Prof. Dr. B\u00fclent \u015eekerel ileti\u015fim bilgileri\",\"breadcrumb\":{\"@id\":\"https:\/\/bulentsekerel.com\/index.php\/iletisim\/#breadcrumb\"},\"inLanguage\":\"tr\",\"potentialAction\":[{\"@type\":\"ReadAction\",\"target\":[\"https:\/\/bulentsekerel.com\/index.php\/iletisim\/\"]}]},{\"@type\":\"BreadcrumbList\",\"@id\":\"https:\/\/bulentsekerel.com\/index.php\/iletisim\/#breadcrumb\",\"itemListElement\":[{\"@type\":\"ListItem\",\"position\":1,\"name\":\"Anasayfa\",\"item\":\"https:\/\/bulentsekerel.com\/\"},{\"@type\":\"ListItem\",\"position\":2,\"name\":\"\u0130leti\u015fim\"}]},{\"@type\":\"WebSite\",\"@id\":\"https:\/\/bulentsekerel.com\/#website\",\"url\":\"https:\/\/bulentsekerel.com\/\",\"name\":\"Prof. Dr. B\u00fclent Enis \u015eekerel\",\"description\":\"\u00c7ocuk Sa\u011fl\u0131\u011f\u0131 ve Hastal\u0131klar\u0131 &amp; \u00c7ocuk Alerji - Ast\u0131m Uzman\u0131\",\"potentialAction\":[{\"@type\":\"SearchAction\",\"target\":{\"@type\":\"EntryPoint\",\"urlTemplate\":\"https:\/\/bulentsekerel.com\/?s={search_term_string}\"},\"query-input\":\"required name=search_term_string\"}],\"inLanguage\":\"tr\"}]}<\/script>\n<!-- \/ Yoast SEO plugin. -->","yoast_head_json":{"title":"\u0130leti\u015fim - Prof. Dr. B\u00fclent Enis \u015eekerel","description":"Prof. Dr. B\u00fclent \u015eekerel ileti\u015fim bilgileri","robots":{"index":"index","follow":"follow","max-snippet":"max-snippet:-1","max-image-preview":"max-image-preview:large","max-video-preview":"max-video-preview:-1"},"canonical":"https:\/\/bulentsekerel.com\/index.php\/iletisim\/","og_locale":"tr_TR","og_type":"article","og_title":"\u0130leti\u015fim - Prof. Dr. B\u00fclent Enis \u015eekerel","og_description":"Prof. Dr. B\u00fclent \u015eekerel ileti\u015fim bilgileri","og_url":"https:\/\/bulentsekerel.com\/index.php\/iletisim\/","og_site_name":"Prof. Dr. B\u00fclent Enis \u015eekerel","article_modified_time":"2025-06-13T12:21:52+00:00","twitter_card":"summary_large_image","twitter_misc":{"Tahmini okuma s\u00fcresi":"1 dakika"},"schema":{"@context":"https:\/\/schema.org","@graph":[{"@type":"WebPage","@id":"https:\/\/bulentsekerel.com\/index.php\/iletisim\/","url":"https:\/\/bulentsekerel.com\/index.php\/iletisim\/","name":"\u0130leti\u015fim - Prof. Dr. B\u00fclent Enis \u015eekerel","isPartOf":{"@id":"https:\/\/bulentsekerel.com\/#website"},"datePublished":"2016-07-15T14:19:56+00:00","dateModified":"2025-06-13T12:21:52+00:00","description":"Prof. Dr. B\u00fclent \u015eekerel ileti\u015fim bilgileri","breadcrumb":{"@id":"https:\/\/bulentsekerel.com\/index.php\/iletisim\/#breadcrumb"},"inLanguage":"tr","potentialAction":[{"@type":"ReadAction","target":["https:\/\/bulentsekerel.com\/index.php\/iletisim\/"]}]},{"@type":"BreadcrumbList","@id":"https:\/\/bulentsekerel.com\/index.php\/iletisim\/#breadcrumb","itemListElement":[{"@type":"ListItem","position":1,"name":"Anasayfa","item":"https:\/\/bulentsekerel.com\/"},{"@type":"ListItem","position":2,"name":"\u0130leti\u015fim"}]},{"@type":"WebSite","@id":"https:\/\/bulentsekerel.com\/#website","url":"https:\/\/bulentsekerel.com\/","name":"Prof. Dr. B\u00fclent Enis \u015eekerel","description":"\u00c7ocuk Sa\u011fl\u0131\u011f\u0131 ve Hastal\u0131klar\u0131 &amp; \u00c7ocuk Alerji - Ast\u0131m Uzman\u0131","potentialAction":[{"@type":"SearchAction","target":{"@type":"EntryPoint","urlTemplate":"https:\/\/bulentsekerel.com\/?s={search_term_string}"},"query-input":"required name=search_term_string"}],"inLanguage":"tr"}]}},"_links":{"self":[{"href":"https:\/\/bulentsekerel.com\/index.php\/wp-json\/wp\/v2\/pages\/954"}],"collection":[{"href":"https:\/\/bulentsekerel.com\/index.php\/wp-json\/wp\/v2\/pages"}],"about":[{"href":"https:\/\/bulentsekerel.com\/index.php\/wp-json\/wp\/v2\/types\/page"}],"author":[{"embeddable":true,"href":"https:\/\/bulentsekerel.com\/index.php\/wp-json\/wp\/v2\/users\/1"}],"replies":[{"embeddable":true,"href":"https:\/\/bulentsekerel.com\/index.php\/wp-json\/wp\/v2\/comments?post=954"}],"version-history":[{"count":4,"href":"https:\/\/bulentsekerel.com\/index.php\/wp-json\/wp\/v2\/pages\/954\/revisions"}],"predecessor-version":[{"id":2900,"href":"https:\/\/bulentsekerel.com\/index.php\/wp-json\/wp\/v2\/pages\/954\/revisions\/2900"}],"wp:attachment":[{"href":"https:\/\/bulentsekerel.com\/index.php\/wp-json\/wp\/v2\/media?parent=954"}],"curies":[{"name":"wp","href":"https:\/\/api.w.org\/{rel}","templated":true}]}}