{"id":948,"date":"2016-07-15T14:19:13","date_gmt":"2016-07-15T11:19:13","guid":{"rendered":"http:\/\/test.kriesi.at\/enfold-medical\/?page_id=948"},"modified":"2019-12-24T20:37:28","modified_gmt":"2019-12-24T18:37:28","slug":"muayenehane","status":"publish","type":"page","link":"https:\/\/bulentsekerel.com\/index.php\/hakkinda\/muayenehane\/","title":{"rendered":"Muayenehane"},"content":{"rendered":"<div id='av-layout-grid-1'  class='av-layout-grid-container av-av_layout_row-75e9ceea773422d3be03848f3a0fe8c7 entry-content-wrapper main_color av-flex-cells  avia-builder-el-0  el_before_av_layout_row  avia-builder-el-first   container_wrap sidebar_right'  >\n\n<style type=\"text\/css\" data-created_by=\"avia_inline_auto\" id=\"style-css-av-av_cell_one_half-9baa9bb91212c61c2a9880c4c6e0eacf\">\n.flex_cell.av-av_cell_one_half-9baa9bb91212c61c2a9880c4c6e0eacf{\nvertical-align:middle;\nheight:500px;\nmin-height:500px;\nbackground:url(https:\/\/bulentsekerel.com\/wp-content\/uploads\/2016\/07\/239_portre_bulentenissekerel_boraucak_result.jpg) 50% 0% no-repeat scroll #22689e;\n}\n.responsive #top #wrap_all .flex_cell.av-av_cell_one_half-9baa9bb91212c61c2a9880c4c6e0eacf{\npadding:0px 0px 0px 0px !important;\n}\n<\/style>\n<div class='flex_cell av-av_cell_one_half-9baa9bb91212c61c2a9880c4c6e0eacf av-gridrow-cell av_one_half no_margin  avia-builder-el-1  el_before_av_cell_one_half  avia-builder-el-first  av-zero-padding avia-full-stretch' ><div class='flex_cell_inner'><\/div><\/div>\n<style type=\"text\/css\" data-created_by=\"avia_inline_auto\" id=\"style-css-av-av_cell_one_half-5c5ed6c1abb4eeade2d768bf0254a310\">\n.flex_cell.av-av_cell_one_half-5c5ed6c1abb4eeade2d768bf0254a310{\nvertical-align:middle;\nheight:500px;\nmin-height:500px;\nbackground-color:#22689e;\n}\n.responsive #top #wrap_all .flex_cell.av-av_cell_one_half-5c5ed6c1abb4eeade2d768bf0254a310{\npadding:80px 80px 80px 80px !important;\n}\n<\/style>\n<div class='flex_cell av-av_cell_one_half-5c5ed6c1abb4eeade2d768bf0254a310 av-gridrow-cell av_one_half no_margin  avia-builder-el-2  el_after_av_cell_one_half  avia-builder-el-last ' ><div class='flex_cell_inner'><p>\n<style type=\"text\/css\" data-created_by=\"avia_inline_auto\" id=\"style-css-av-av_heading-a9bd4deae1a2a8e27079aa56be0762f1\">\n#top .av-special-heading.av-av_heading-a9bd4deae1a2a8e27079aa56be0762f1{\npadding-bottom:25px;\ncolor:#ffffff;\nfont-size:34px;\n}\nbody .av-special-heading.av-av_heading-a9bd4deae1a2a8e27079aa56be0762f1 .av-special-heading-tag .heading-char{\nfont-size:25px;\n}\n#top #wrap_all .av-special-heading.av-av_heading-a9bd4deae1a2a8e27079aa56be0762f1 .av-special-heading-tag{\nfont-size:34px;\n}\n.av-special-heading.av-av_heading-a9bd4deae1a2a8e27079aa56be0762f1 .special-heading-inner-border{\nborder-color:#ffffff;\n}\n.av-special-heading.av-av_heading-a9bd4deae1a2a8e27079aa56be0762f1 .av-subheading{\nfont-size:15px;\n}\n\n@media only screen and (min-width: 480px) and (max-width: 767px){ \n#top #wrap_all .av-special-heading.av-av_heading-a9bd4deae1a2a8e27079aa56be0762f1 .av-special-heading-tag{\nfont-size:0.8em;\n}\n}\n\n@media only screen and (max-width: 479px){ \n#top #wrap_all .av-special-heading.av-av_heading-a9bd4deae1a2a8e27079aa56be0762f1 .av-special-heading-tag{\nfont-size:0.8em;\n}\n}\n<\/style>\n<div  class='av-special-heading av-av_heading-a9bd4deae1a2a8e27079aa56be0762f1 av-special-heading-h3 custom-color-heading blockquote modern-quote  avia-builder-el-3  el_before_av_textblock  avia-builder-el-first  av-inherit-size'><h3 class='av-special-heading-tag'  itemprop=\"headline\"  ><span class='special_amp'>&#8220;<\/span>\u0130leti\u015fim kuran, d\u00fc\u015f\u00fcnen, sorgulayan, risk alan, bilgili, ilkeli, duyarl\u0131 a\u00e7\u0131k fikirli, dengeli, yans\u0131tan \u00e7ocuklar i\u00e7in<span class='special_amp'>&#8221;<\/span><\/h3><div class=\"special-heading-border\"><div class=\"special-heading-inner-border\"><\/div><\/div><\/div><br \/>\n\n<style type=\"text\/css\" data-created_by=\"avia_inline_auto\" id=\"style-css-av-av_textblock-0495ba487d93331d0a255e1072a23468\">\n#top .av_textblock_section.av-av_textblock-0495ba487d93331d0a255e1072a23468 .avia_textblock{\ncolor:#ffffff;\n}\n<\/style>\n<section  class='av_textblock_section av-av_textblock-0495ba487d93331d0a255e1072a23468'  itemscope=\"itemscope\" itemtype=\"https:\/\/schema.org\/CreativeWork\" ><div class='avia_textblock av_inherit_color'  itemprop=\"text\" ><p><em>&#8220;To the children who are communicator, inquirer, thinker, risk taker, knowledgeable, principled, caring, open-minded, balanced and reflective&#8221;<\/em><\/p>\n<\/div><\/section><\/p>\n<\/div><\/div><\/div><div id='av-layout-grid-2'  class='av-layout-grid-container av-av_layout_row-75e9ceea773422d3be03848f3a0fe8c7 entry-content-wrapper main_color av-flex-cells  avia-builder-el-5  el_after_av_layout_row  el_before_av_layout_row  grid-row-not-first  container_wrap sidebar_right'  >\n\n<style type=\"text\/css\" data-created_by=\"avia_inline_auto\" id=\"style-css-av-av_cell_one_half-586874aae10e0989b51fc119d431d46f\">\n.flex_cell.av-av_cell_one_half-586874aae10e0989b51fc119d431d46f{\nvertical-align:middle;\nheight:500px;\nmin-height:500px;\nbackground:url(https:\/\/bulentsekerel.com\/wp-content\/uploads\/2016\/07\/246_portre_bulentenissekerel_boraucak_result.jpg) 0% 0% no-repeat scroll #22689e;\n}\n.responsive #top #wrap_all .flex_cell.av-av_cell_one_half-586874aae10e0989b51fc119d431d46f{\npadding:0px 0px 0px 0px !important;\n}\n<\/style>\n<div class='flex_cell av-av_cell_one_half-586874aae10e0989b51fc119d431d46f av-gridrow-cell av_one_half no_margin  avia-builder-el-6  el_before_av_cell_one_half  avia-builder-el-first  av-zero-padding avia-full-stretch' ><div class='flex_cell_inner'><\/div><\/div>\n<style type=\"text\/css\" data-created_by=\"avia_inline_auto\" id=\"style-css-av-av_cell_one_half-a7b9916dd8afa793451a42e2d026c5d1\">\n.flex_cell.av-av_cell_one_half-a7b9916dd8afa793451a42e2d026c5d1{\nvertical-align:middle;\nheight:500px;\nmin-height:500px;\nbackground:url(https:\/\/bulentsekerel.com\/wp-content\/uploads\/2016\/07\/260_portre_bulentenissekerel_boraucak_result.jpg) 0% 0% no-repeat scroll #22689e;\n}\n.responsive #top #wrap_all .flex_cell.av-av_cell_one_half-a7b9916dd8afa793451a42e2d026c5d1{\npadding:80px 80px 80px 80px !important;\n}\n<\/style>\n<div class='flex_cell av-av_cell_one_half-a7b9916dd8afa793451a42e2d026c5d1 av-gridrow-cell av_one_half no_margin  avia-builder-el-7  el_after_av_cell_one_half  avia-builder-el-last  avia-full-stretch' ><div class='flex_cell_inner'><\/div><\/div>\n<\/div><\/p>\n<div id='av-layout-grid-3'  class='av-layout-grid-container av-av_layout_row-75e9ceea773422d3be03848f3a0fe8c7 entry-content-wrapper main_color av-flex-cells  avia-builder-el-8  el_after_av_layout_row  avia-builder-el-last  grid-row-not-first  container_wrap sidebar_right'  >\n\n<style type=\"text\/css\" data-created_by=\"avia_inline_auto\" id=\"style-css-av-av_cell_one_half-2d585e6b99f89a7261d1d8916f0a8e05\">\n.flex_cell.av-av_cell_one_half-2d585e6b99f89a7261d1d8916f0a8e05{\nvertical-align:middle;\nheight:500px;\nmin-height:500px;\nbackground:url(https:\/\/bulentsekerel.com\/wp-content\/uploads\/2016\/07\/230_portre_bulentenissekerel_boraucak_result.jpg) 0% 0% no-repeat scroll #22689e;\n}\n.responsive #top #wrap_all .flex_cell.av-av_cell_one_half-2d585e6b99f89a7261d1d8916f0a8e05{\npadding:0px 0px 0px 0px !important;\n}\n<\/style>\n<div class='flex_cell av-av_cell_one_half-2d585e6b99f89a7261d1d8916f0a8e05 av-gridrow-cell av_one_half no_margin  avia-builder-el-9  el_before_av_cell_one_half  avia-builder-el-first  av-zero-padding avia-full-stretch' ><div class='flex_cell_inner'><\/div><\/div>\n<style type=\"text\/css\" data-created_by=\"avia_inline_auto\" id=\"style-css-av-av_cell_one_half-ae8cfbd1a4a164acd4275e9856e37e6b\">\n.flex_cell.av-av_cell_one_half-ae8cfbd1a4a164acd4275e9856e37e6b{\nvertical-align:middle;\nheight:500px;\nmin-height:500px;\nbackground:url(https:\/\/bulentsekerel.com\/wp-content\/uploads\/2016\/07\/251_portre_bulentenissekerel_boraucak_result.jpg) 0% 0% no-repeat scroll #22689e;\n}\n.responsive #top #wrap_all .flex_cell.av-av_cell_one_half-ae8cfbd1a4a164acd4275e9856e37e6b{\npadding:80px 80px 80px 80px !important;\n}\n<\/style>\n<div class='flex_cell av-av_cell_one_half-ae8cfbd1a4a164acd4275e9856e37e6b av-gridrow-cell av_one_half no_margin  avia-builder-el-10  el_after_av_cell_one_half  avia-builder-el-last  avia-full-stretch' ><div class='flex_cell_inner'><\/div><\/div>\n<\/div>\n","protected":false},"excerpt":{"rendered":"","protected":false},"author":1,"featured_media":0,"parent":957,"menu_order":0,"comment_status":"closed","ping_status":"closed","template":"","meta":[],"yoast_head":"<!-- This site is optimized with the Yoast SEO plugin v20.1 - https:\/\/yoast.com\/wordpress\/plugins\/seo\/ -->\n<title>Muayenehane - Prof. Dr. B\u00fclent Enis \u015eekerel<\/title>\n<meta name=\"description\" content=\"Prof. Dr. B\u00fclent Enis \u015eekerel Muayenehanesi ileti\u015fim bilgileri ve haritas\u0131 i\u00e7in sayfam\u0131z\u0131 ziyaret edebilirsiniz. Daha fazlas\u0131 i\u00e7in t\u0131klay\u0131n.\" \/>\n<meta name=\"robots\" content=\"index, follow, max-snippet:-1, max-image-preview:large, max-video-preview:-1\" \/>\n<link rel=\"canonical\" href=\"https:\/\/bulentsekerel.com\/index.php\/hakkinda\/muayenehane\/\" \/>\n<meta property=\"og:locale\" content=\"tr_TR\" \/>\n<meta property=\"og:type\" content=\"article\" \/>\n<meta property=\"og:title\" content=\"Muayenehane - Prof. Dr. B\u00fclent Enis \u015eekerel\" \/>\n<meta property=\"og:description\" content=\"Prof. Dr. B\u00fclent Enis \u015eekerel Muayenehanesi ileti\u015fim bilgileri ve haritas\u0131 i\u00e7in sayfam\u0131z\u0131 ziyaret edebilirsiniz. Daha fazlas\u0131 i\u00e7in t\u0131klay\u0131n.\" \/>\n<meta property=\"og:url\" content=\"https:\/\/bulentsekerel.com\/index.php\/hakkinda\/muayenehane\/\" \/>\n<meta property=\"og:site_name\" content=\"Prof. Dr. B\u00fclent Enis \u015eekerel\" \/>\n<meta property=\"article:modified_time\" content=\"2019-12-24T18:37:28+00:00\" \/>\n<meta name=\"twitter:card\" content=\"summary_large_image\" \/>\n<meta name=\"twitter:label1\" content=\"Tahmini okuma s\u00fcresi\" \/>\n\t<meta name=\"twitter:data1\" content=\"2 dakika\" \/>\n<script type=\"application\/ld+json\" class=\"yoast-schema-graph\">{\"@context\":\"https:\/\/schema.org\",\"@graph\":[{\"@type\":\"WebPage\",\"@id\":\"https:\/\/bulentsekerel.com\/index.php\/hakkinda\/muayenehane\/\",\"url\":\"https:\/\/bulentsekerel.com\/index.php\/hakkinda\/muayenehane\/\",\"name\":\"Muayenehane - Prof. Dr. B\u00fclent Enis \u015eekerel\",\"isPartOf\":{\"@id\":\"https:\/\/bulentsekerel.com\/#website\"},\"datePublished\":\"2016-07-15T11:19:13+00:00\",\"dateModified\":\"2019-12-24T18:37:28+00:00\",\"description\":\"Prof. Dr. B\u00fclent Enis \u015eekerel Muayenehanesi ileti\u015fim bilgileri ve haritas\u0131 i\u00e7in sayfam\u0131z\u0131 ziyaret edebilirsiniz. Daha fazlas\u0131 i\u00e7in t\u0131klay\u0131n.\",\"breadcrumb\":{\"@id\":\"https:\/\/bulentsekerel.com\/index.php\/hakkinda\/muayenehane\/#breadcrumb\"},\"inLanguage\":\"tr\",\"potentialAction\":[{\"@type\":\"ReadAction\",\"target\":[\"https:\/\/bulentsekerel.com\/index.php\/hakkinda\/muayenehane\/\"]}]},{\"@type\":\"BreadcrumbList\",\"@id\":\"https:\/\/bulentsekerel.com\/index.php\/hakkinda\/muayenehane\/#breadcrumb\",\"itemListElement\":[{\"@type\":\"ListItem\",\"position\":1,\"name\":\"Anasayfa\",\"item\":\"https:\/\/bulentsekerel.com\/\"},{\"@type\":\"ListItem\",\"position\":2,\"name\":\"Hakk\u0131nda\",\"item\":\"https:\/\/bulentsekerel.com\/index.php\/hakkinda\/\"},{\"@type\":\"ListItem\",\"position\":3,\"name\":\"Muayenehane\"}]},{\"@type\":\"WebSite\",\"@id\":\"https:\/\/bulentsekerel.com\/#website\",\"url\":\"https:\/\/bulentsekerel.com\/\",\"name\":\"Prof. Dr. B\u00fclent Enis \u015eekerel\",\"description\":\"\u00c7ocuk Sa\u011fl\u0131\u011f\u0131 ve Hastal\u0131klar\u0131 &amp; \u00c7ocuk Alerji - Ast\u0131m Uzman\u0131\",\"potentialAction\":[{\"@type\":\"SearchAction\",\"target\":{\"@type\":\"EntryPoint\",\"urlTemplate\":\"https:\/\/bulentsekerel.com\/?s={search_term_string}\"},\"query-input\":\"required name=search_term_string\"}],\"inLanguage\":\"tr\"}]}<\/script>\n<!-- \/ Yoast SEO plugin. -->","yoast_head_json":{"title":"Muayenehane - Prof. Dr. B\u00fclent Enis \u015eekerel","description":"Prof. Dr. B\u00fclent Enis \u015eekerel Muayenehanesi ileti\u015fim bilgileri ve haritas\u0131 i\u00e7in sayfam\u0131z\u0131 ziyaret edebilirsiniz. Daha fazlas\u0131 i\u00e7in t\u0131klay\u0131n.","robots":{"index":"index","follow":"follow","max-snippet":"max-snippet:-1","max-image-preview":"max-image-preview:large","max-video-preview":"max-video-preview:-1"},"canonical":"https:\/\/bulentsekerel.com\/index.php\/hakkinda\/muayenehane\/","og_locale":"tr_TR","og_type":"article","og_title":"Muayenehane - Prof. Dr. B\u00fclent Enis \u015eekerel","og_description":"Prof. Dr. B\u00fclent Enis \u015eekerel Muayenehanesi ileti\u015fim bilgileri ve haritas\u0131 i\u00e7in sayfam\u0131z\u0131 ziyaret edebilirsiniz. Daha fazlas\u0131 i\u00e7in t\u0131klay\u0131n.","og_url":"https:\/\/bulentsekerel.com\/index.php\/hakkinda\/muayenehane\/","og_site_name":"Prof. Dr. B\u00fclent Enis \u015eekerel","article_modified_time":"2019-12-24T18:37:28+00:00","twitter_card":"summary_large_image","twitter_misc":{"Tahmini okuma s\u00fcresi":"2 dakika"},"schema":{"@context":"https:\/\/schema.org","@graph":[{"@type":"WebPage","@id":"https:\/\/bulentsekerel.com\/index.php\/hakkinda\/muayenehane\/","url":"https:\/\/bulentsekerel.com\/index.php\/hakkinda\/muayenehane\/","name":"Muayenehane - Prof. Dr. B\u00fclent Enis \u015eekerel","isPartOf":{"@id":"https:\/\/bulentsekerel.com\/#website"},"datePublished":"2016-07-15T11:19:13+00:00","dateModified":"2019-12-24T18:37:28+00:00","description":"Prof. Dr. B\u00fclent Enis \u015eekerel Muayenehanesi ileti\u015fim bilgileri ve haritas\u0131 i\u00e7in sayfam\u0131z\u0131 ziyaret edebilirsiniz. Daha fazlas\u0131 i\u00e7in t\u0131klay\u0131n.","breadcrumb":{"@id":"https:\/\/bulentsekerel.com\/index.php\/hakkinda\/muayenehane\/#breadcrumb"},"inLanguage":"tr","potentialAction":[{"@type":"ReadAction","target":["https:\/\/bulentsekerel.com\/index.php\/hakkinda\/muayenehane\/"]}]},{"@type":"BreadcrumbList","@id":"https:\/\/bulentsekerel.com\/index.php\/hakkinda\/muayenehane\/#breadcrumb","itemListElement":[{"@type":"ListItem","position":1,"name":"Anasayfa","item":"https:\/\/bulentsekerel.com\/"},{"@type":"ListItem","position":2,"name":"Hakk\u0131nda","item":"https:\/\/bulentsekerel.com\/index.php\/hakkinda\/"},{"@type":"ListItem","position":3,"name":"Muayenehane"}]},{"@type":"WebSite","@id":"https:\/\/bulentsekerel.com\/#website","url":"https:\/\/bulentsekerel.com\/","name":"Prof. Dr. B\u00fclent Enis \u015eekerel","description":"\u00c7ocuk Sa\u011fl\u0131\u011f\u0131 ve Hastal\u0131klar\u0131 &amp; \u00c7ocuk Alerji - Ast\u0131m Uzman\u0131","potentialAction":[{"@type":"SearchAction","target":{"@type":"EntryPoint","urlTemplate":"https:\/\/bulentsekerel.com\/?s={search_term_string}"},"query-input":"required name=search_term_string"}],"inLanguage":"tr"}]}},"_links":{"self":[{"href":"https:\/\/bulentsekerel.com\/index.php\/wp-json\/wp\/v2\/pages\/948"}],"collection":[{"href":"https:\/\/bulentsekerel.com\/index.php\/wp-json\/wp\/v2\/pages"}],"about":[{"href":"https:\/\/bulentsekerel.com\/index.php\/wp-json\/wp\/v2\/types\/page"}],"author":[{"embeddable":true,"href":"https:\/\/bulentsekerel.com\/index.php\/wp-json\/wp\/v2\/users\/1"}],"replies":[{"embeddable":true,"href":"https:\/\/bulentsekerel.com\/index.php\/wp-json\/wp\/v2\/comments?post=948"}],"version-history":[{"count":0,"href":"https:\/\/bulentsekerel.com\/index.php\/wp-json\/wp\/v2\/pages\/948\/revisions"}],"up":[{"embeddable":true,"href":"https:\/\/bulentsekerel.com\/index.php\/wp-json\/wp\/v2\/pages\/957"}],"wp:attachment":[{"href":"https:\/\/bulentsekerel.com\/index.php\/wp-json\/wp\/v2\/media?parent=948"}],"curies":[{"name":"wp","href":"https:\/\/api.w.org\/{rel}","templated":true}]}}