{"id":1486,"date":"2017-06-05T15:30:11","date_gmt":"2017-06-05T12:30:11","guid":{"rendered":"http:\/\/www.bulentsekerel.com\/?page_id=1486"},"modified":"2017-06-05T15:40:01","modified_gmt":"2017-06-05T12:40:01","slug":"alerjik-proktokolit","status":"publish","type":"page","link":"https:\/\/bulentsekerel.com\/index.php\/alerjik-proktokolit\/","title":{"rendered":"Alerjik Proktokolit"},"content":{"rendered":"\n<style type=\"text\/css\" data-created_by=\"avia_inline_auto\" id=\"style-css-av-av_image-1ce0a7a49d419bc499efb277e73d46dc\">\n.avia-image-container.av-av_image-1ce0a7a49d419bc499efb277e73d46dc img.avia_image{\nbox-shadow:none;\n}\n.avia-image-container.av-av_image-1ce0a7a49d419bc499efb277e73d46dc .av-image-caption-overlay-center{\ncolor:#ffffff;\n}\n<\/style>\n<div  class='avia-image-container av-av_image-1ce0a7a49d419bc499efb277e73d46dc av-styling- avia-align-center  avia-builder-el-0  el_before_av_heading  avia-builder-el-first '   itemprop=\"image\" itemscope=\"itemscope\" itemtype=\"https:\/\/schema.org\/ImageObject\" ><div class=\"avia-image-container-inner\"><div class=\"avia-image-overlay-wrap\"><img decoding=\"async\" class='wp-image-1489 avia-img-lazy-loading-not-1489 avia_image ' src=\"https:\/\/bulentsekerel.com\/wp-content\/uploads\/2017\/06\/cow-35561_1280-265x300.png\" alt='' title='Alerjik Proktokolit'  height=\"300\" width=\"265\"  itemprop=\"thumbnailUrl\" srcset=\"https:\/\/bulentsekerel.com\/wp-content\/uploads\/2017\/06\/cow-35561_1280-265x300.png 265w, https:\/\/bulentsekerel.com\/wp-content\/uploads\/2017\/06\/cow-35561_1280-768x870.png 768w, https:\/\/bulentsekerel.com\/wp-content\/uploads\/2017\/06\/cow-35561_1280-909x1030.png 909w, https:\/\/bulentsekerel.com\/wp-content\/uploads\/2017\/06\/cow-35561_1280-622x705.png 622w, https:\/\/bulentsekerel.com\/wp-content\/uploads\/2017\/06\/cow-35561_1280-450x510.png 450w, https:\/\/bulentsekerel.com\/wp-content\/uploads\/2017\/06\/cow-35561_1280.png 1130w\" sizes=\"(max-width: 265px) 100vw, 265px\" \/><\/div><\/div><\/div>\n\n<style type=\"text\/css\" data-created_by=\"avia_inline_auto\" id=\"style-css-av-av_heading-136b1e7d1ce3da97b4acbf5846b66a95\">\n#top .av-special-heading.av-av_heading-136b1e7d1ce3da97b4acbf5846b66a95{\npadding-bottom:10px;\n}\nbody .av-special-heading.av-av_heading-136b1e7d1ce3da97b4acbf5846b66a95 .av-special-heading-tag .heading-char{\nfont-size:25px;\n}\n.av-special-heading.av-av_heading-136b1e7d1ce3da97b4acbf5846b66a95 .av-subheading{\nfont-size:15px;\n}\n<\/style>\n<div  class='av-special-heading av-av_heading-136b1e7d1ce3da97b4acbf5846b66a95 av-special-heading-h1  avia-builder-el-1  el_after_av_image  el_before_av_textblock '><h1 class='av-special-heading-tag'  itemprop=\"headline\"  >Alerjik Proktokolit<\/h1><div class=\"special-heading-border\"><div class=\"special-heading-inner-border\"><\/div><\/div><\/div>\n<section  class='av_textblock_section av-av_textblock-0366cc7376be6c9e82a3e9cc8987b64f'  itemscope=\"itemscope\" itemtype=\"https:\/\/schema.org\/CreativeWork\" ><div class='avia_textblock'  itemprop=\"text\" ><p>\u00c7o\u011funlukla anne s\u00fct\u00fc ile beslenen bir bebekte bazen mukuslu bazen de hem mukuslu hem de kanl\u0131 kaka yapma ile kendini belli eden bir hastal\u0131kt\u0131r. Bu yak\u0131nma d\u0131\u015f\u0131nda bazen gaz sanc\u0131s\u0131, meme reddi gibi yak\u0131nmalar\u0131 olabilirse de bebe\u011fin kilo al\u0131m\u0131nda \u00a0ve boy uzamas\u0131 gibi b\u00fcy\u00fcme geli\u015fmede sorun yoktur. Bebe\u011fin genel durumu yerindedir.<\/p>\n<p><strong>Alerjik Proktokolit Tan\u0131m<\/strong><\/p>\n<p>Bu durum <a href=\"https:\/\/bulentsekerel.com\/index.php\/besin-alerjisi\/\">besin alerjisi<\/a>nden ileri geldi\u011finde &#8220;alerjik proktokolit&#8221; veya &#8220;Besin proteini ile ili\u015fkili proktokolit&#8221; ismi ile an\u0131l\u0131r. Alerjik proktokoliti olan bebekte alerjik g\u0131dan\u0131n t\u00fcketilmesi ve\/veya alerjik g\u0131dan\u0131n anne s\u00fct\u00fc arac\u0131l\u0131\u011f\u0131 ile al\u0131nmas\u0131 durumunda kal\u0131n ba\u011f\u0131rsakta bir iltihap olu\u015fur ve bu durum kendisini bebe\u011fin kakas\u0131nda mukus ve k\u0131rm\u0131z\u0131 renkli kan g\u00f6r\u00fclmesi ile belli eder. Kanama genellikle hafiftir ve bu y\u00fczden bebekte kans\u0131zl\u0131k geli\u015fmesi beklenmez. Kaka mikroskopik olarak incelendi\u011finde alyuvarlar yan\u0131nda mukuslu b\u00f6lgelerde l\u00f6kositler g\u00f6r\u00fcl\u00fcr.<\/p>\n<p><strong>\u00a0S\u0131kl\u0131k ve Do\u011fal Seyri<\/strong><\/p>\n<p>Ya\u015fam\u0131n ilk 6 ay\u0131nda en s\u0131k g\u00f6r\u00fclen <a href=\"https:\/\/bulentsekerel.com\/index.php\/alerjik-hastaliklar\/\">alerjik hastal\u0131klar<\/a>dan biridir ve kan g\u00f6r\u00fclmesi nedeniyle ebeveynlerde en fazla endi\u015feye neden olan hastal\u0131klar\u0131n ba\u015f\u0131nda gelir. Oysa hastal\u0131k di\u011fer <a href=\"https:\/\/bulentsekerel.com\/index.php\/besin-alerjisi\/\">besin alerjileri<\/a>ne g\u00f6re \u00e7ok daha selim seyreder ve alerjik proktokolitli bebeklerin hemen hemen t\u00fcm\u00fcn\u00fcn 1-2 y\u0131l i\u00e7inde d\u00fczelir.<\/p>\n<p><strong>Sorumlu Alerjenler<\/strong><\/p>\n<p>En s\u0131k neden olan alerjik g\u0131da inek s\u00fct\u00fcd\u00fcr. Ama daha az oranda \u00a0soya, bu\u011fday, yumurta, tah\u0131l, k\u0131rm\u0131z\u0131 et, sebze gibi ba\u015fka besinlerden de ileri gelebilir. Ancak hastalar\u0131n yakla\u015f\u0131k be\u015fte birinde birden fazla besine kar\u015f\u0131 alerji vard\u0131r.<\/p>\n<p><strong>Alerjik Proktokolit\u00a0<\/strong><strong>Te\u015fhis<\/strong><\/p>\n<p>Alerjik proktokoliti olan bir bebekte bebe\u011fe besinler ile alerji testi yap\u0131lmas\u0131n\u0131n yarar\u0131 yoktur, \u00e7\u00fcnk\u00fc deri testleri olu\u015fumunda IgE antikorun arac\u0131l\u0131k etti\u011fi alerjik hastal\u0131klarda kullan\u0131l\u0131r. Benzer \u015fekilde besin alerjeni ile yap\u0131lan yama testinin de yarar\u0131 yoktur.\u00a0 Te\u015fhis, kabaca &#8220;deneme yan\u0131lma&#8221; \u00fczerine kuruludur. Yaln\u0131zca anne s\u00fct\u00fc ile beslenen bir bebekte sorumlu besinin anne diyetinden kald\u0131r\u0131lmas\u0131 gerekir. E\u011fer bebek anne s\u00fct\u00fc yan\u0131nda ek g\u0131daya ba\u015flam\u0131\u015fsa veya sadece ek g\u0131da al\u0131yorsa bebe\u011fin sorumlu besinin sadece bebek diyetinden \u00e7\u0131kar\u0131lmas\u0131 gerekir. Bu son durumda annenin diyet yapmas\u0131na gerek yoktur. Diyetin ard\u0131ndan \u00e7o\u011funlukla g\u00fcnler i\u00e7inde bazen de birka\u00e7 hafta i\u00e7inde yak\u0131nmalar\u0131n ortadan kalkmas\u0131 beklenir. Tan\u0131y\u0131 do\u011frulamak i\u00e7in bu besinin tekrardan diyete eklenerek bozulman\u0131n g\u00f6r\u00fclmesi gerekir. \u00d6zetle eliminasyon-y\u00fckleme-eliminasyon \u00fc\u00e7l\u00fcs\u00fc hekimler i\u00e7in tan\u0131 koydurucudur. \u00a0<strong>\u00a0 \u00a0 \u00a0 \u00a0 \u00a0 \u00a0 \u00a0 \u00a0 \u00a0<\/strong><\/p>\n<p><strong>Alerjik Proktokolit Sosyal Y\u00fck\u00fc<\/strong><\/p>\n<p><a href=\"https:\/\/bulentsekerel.com\/index.php\/alerjik-hastaliklar\/\">Alerjik hastal\u0131klar<\/a> i\u00e7in de en selim seyirli hastal\u0131klardan biri olmas\u0131na kar\u015f\u0131n hasta ve ailelerinde olu\u015fturdu\u011fu sosyal y\u00fck beklenenin \u00e7ok \u00fczerindedir. Bunda \u00e7ocu\u011fun kan\u0131yor olmas\u0131n\u0131n ve b\u00fcy\u00fck umutlarla \u00e7ocuk sahibi olan bir ailenin birden hastal\u0131k ger\u00e7ekli\u011fi ile y\u00fczle\u015fmesinin rol\u00fc olabilir. Kakada kan varl\u0131\u011f\u0131n\u0131n olu\u015fturdu\u011fu endi\u015fe nedeniyle ebeveynlerin kontrols\u00fcz bi\u00e7imde bir\u00e7ok besini hem kendi diyetlerinden hem de bebe\u011fin diyetinden \u00e7\u0131karma e\u011filimleri g\u00f6zlenebilmektedir. Oysa bir besinin hele de inek s\u00fct\u00fc, et ve anne s\u00fct\u00fc gibi temel besinlerin diyetten \u00e7\u0131kar\u0131lmas\u0131n\u0131n sadece hekim kontrol\u00fcnde ve izni ile yap\u0131lmas\u0131 gerekir. Bir\u00e7ok \u00e7al\u0131\u015fmada temel besinlerin diyetten \u00e7\u0131kar\u0131lmas\u0131 durumunda hem bebek hem de anne de beslenme yetersizli\u011fi geli\u015fti\u011fi rapor edilmi\u015ftir. Bu nedenle \u00f6zellikle de temel besinlerin diyetten \u00e7\u0131kar\u0131ld\u0131\u011f\u0131 ailelerde hekim yan\u0131nda <a href=\"https:\/\/bulentsekerel.com\/index.php\/besin-alerjisi\/\">besin alerjisi<\/a> hakk\u0131nda deneyimli bir diyetisyenden de destek al\u0131nmas\u0131 gerekir.<\/p>\n<p>Sosyal medyan\u0131n giderek ya\u015fam\u0131n ayr\u0131lmaz bir par\u00e7as\u0131 oldu\u011fu g\u00fcn\u00fcm\u00fczde, ailelerin buradan bilgi ve yard\u0131m alma beklentileri anla\u015f\u0131l\u0131rd\u0131r. Ancak medyadan al\u0131nan bilginin do\u011fruluk ve g\u00fcvenilirli\u011finin sorgudan ge\u00e7irilmesi, kayna\u011f\u0131n g\u00fcvenirli\u011finin ara\u015ft\u0131r\u0131lmas\u0131 gerekir. \u00a0Hastalara destek ad\u0131 alt\u0131nda annelerdeki endi\u015feleri artt\u0131ran, kayg\u0131y\u0131 b\u00fcy\u00fcten, korku salan tavsiyelerden uzak durulmas\u0131 ve hekim olmayanlar\u0131n t\u0131bbi y\u00f6nlendirmeler yapmas\u0131na \u015f\u00fcphe ile yakla\u015f\u0131lmas\u0131 gerekir.<\/p>\n<\/div><\/section>\n","protected":false},"excerpt":{"rendered":"","protected":false},"author":1,"featured_media":1489,"parent":0,"menu_order":0,"comment_status":"closed","ping_status":"closed","template":"","meta":[],"yoast_head":"<!-- This site is optimized with the Yoast SEO plugin v20.1 - https:\/\/yoast.com\/wordpress\/plugins\/seo\/ -->\n<title>Alerjik Proktokolit - Prof. Dr. B\u00fclent Enis \u015eekerel<\/title>\n<meta name=\"description\" content=\"Prof. Dr. B\u00fclent Enis \u015eekerel taraf\u0131ndan haz\u0131rlanan, &quot;Alerjik Proktokolit&quot; konulu yaz\u0131ya bu sayfadan eri\u015febilirsiniz.\" \/>\n<meta name=\"robots\" content=\"index, follow, max-snippet:-1, max-image-preview:large, max-video-preview:-1\" \/>\n<link rel=\"canonical\" href=\"https:\/\/bulentsekerel.com\/index.php\/alerjik-proktokolit\/\" \/>\n<meta property=\"og:locale\" content=\"tr_TR\" \/>\n<meta property=\"og:type\" content=\"article\" \/>\n<meta property=\"og:title\" content=\"Alerjik Proktokolit - Prof. Dr. B\u00fclent Enis \u015eekerel\" \/>\n<meta property=\"og:description\" content=\"Prof. Dr. B\u00fclent Enis \u015eekerel taraf\u0131ndan haz\u0131rlanan, &quot;Alerjik Proktokolit&quot; konulu yaz\u0131ya bu sayfadan eri\u015febilirsiniz.\" \/>\n<meta property=\"og:url\" content=\"https:\/\/bulentsekerel.com\/index.php\/alerjik-proktokolit\/\" \/>\n<meta property=\"og:site_name\" content=\"Prof. Dr. B\u00fclent Enis \u015eekerel\" \/>\n<meta property=\"article:modified_time\" content=\"2017-06-05T12:40:01+00:00\" \/>\n<meta property=\"og:image\" content=\"https:\/\/bulentsekerel.com\/wp-content\/uploads\/2017\/06\/cow-35561_1280.png\" \/>\n\t<meta property=\"og:image:width\" content=\"1130\" \/>\n\t<meta property=\"og:image:height\" content=\"1280\" \/>\n\t<meta property=\"og:image:type\" content=\"image\/png\" \/>\n<meta name=\"twitter:card\" content=\"summary_large_image\" \/>\n<meta name=\"twitter:label1\" content=\"Tahmini okuma s\u00fcresi\" \/>\n\t<meta name=\"twitter:data1\" content=\"4 dakika\" \/>\n<script type=\"application\/ld+json\" class=\"yoast-schema-graph\">{\"@context\":\"https:\/\/schema.org\",\"@graph\":[{\"@type\":\"WebPage\",\"@id\":\"https:\/\/bulentsekerel.com\/index.php\/alerjik-proktokolit\/\",\"url\":\"https:\/\/bulentsekerel.com\/index.php\/alerjik-proktokolit\/\",\"name\":\"Alerjik Proktokolit - Prof. Dr. B\u00fclent Enis \u015eekerel\",\"isPartOf\":{\"@id\":\"https:\/\/bulentsekerel.com\/#website\"},\"datePublished\":\"2017-06-05T12:30:11+00:00\",\"dateModified\":\"2017-06-05T12:40:01+00:00\",\"description\":\"Prof. Dr. B\u00fclent Enis \u015eekerel taraf\u0131ndan haz\u0131rlanan, \\\"Alerjik Proktokolit\\\" konulu yaz\u0131ya bu sayfadan eri\u015febilirsiniz.\",\"breadcrumb\":{\"@id\":\"https:\/\/bulentsekerel.com\/index.php\/alerjik-proktokolit\/#breadcrumb\"},\"inLanguage\":\"tr\",\"potentialAction\":[{\"@type\":\"ReadAction\",\"target\":[\"https:\/\/bulentsekerel.com\/index.php\/alerjik-proktokolit\/\"]}]},{\"@type\":\"BreadcrumbList\",\"@id\":\"https:\/\/bulentsekerel.com\/index.php\/alerjik-proktokolit\/#breadcrumb\",\"itemListElement\":[{\"@type\":\"ListItem\",\"position\":1,\"name\":\"Anasayfa\",\"item\":\"https:\/\/bulentsekerel.com\/\"},{\"@type\":\"ListItem\",\"position\":2,\"name\":\"Alerjik Proktokolit\"}]},{\"@type\":\"WebSite\",\"@id\":\"https:\/\/bulentsekerel.com\/#website\",\"url\":\"https:\/\/bulentsekerel.com\/\",\"name\":\"Prof. Dr. B\u00fclent Enis \u015eekerel\",\"description\":\"\u00c7ocuk Sa\u011fl\u0131\u011f\u0131 ve Hastal\u0131klar\u0131 &amp; \u00c7ocuk Alerji - Ast\u0131m Uzman\u0131\",\"potentialAction\":[{\"@type\":\"SearchAction\",\"target\":{\"@type\":\"EntryPoint\",\"urlTemplate\":\"https:\/\/bulentsekerel.com\/?s={search_term_string}\"},\"query-input\":\"required name=search_term_string\"}],\"inLanguage\":\"tr\"}]}<\/script>\n<!-- \/ Yoast SEO plugin. -->","yoast_head_json":{"title":"Alerjik Proktokolit - Prof. Dr. B\u00fclent Enis \u015eekerel","description":"Prof. Dr. B\u00fclent Enis \u015eekerel taraf\u0131ndan haz\u0131rlanan, \"Alerjik Proktokolit\" konulu yaz\u0131ya bu sayfadan eri\u015febilirsiniz.","robots":{"index":"index","follow":"follow","max-snippet":"max-snippet:-1","max-image-preview":"max-image-preview:large","max-video-preview":"max-video-preview:-1"},"canonical":"https:\/\/bulentsekerel.com\/index.php\/alerjik-proktokolit\/","og_locale":"tr_TR","og_type":"article","og_title":"Alerjik Proktokolit - Prof. Dr. B\u00fclent Enis \u015eekerel","og_description":"Prof. Dr. B\u00fclent Enis \u015eekerel taraf\u0131ndan haz\u0131rlanan, \"Alerjik Proktokolit\" konulu yaz\u0131ya bu sayfadan eri\u015febilirsiniz.","og_url":"https:\/\/bulentsekerel.com\/index.php\/alerjik-proktokolit\/","og_site_name":"Prof. Dr. B\u00fclent Enis \u015eekerel","article_modified_time":"2017-06-05T12:40:01+00:00","og_image":[{"width":1130,"height":1280,"url":"https:\/\/bulentsekerel.com\/wp-content\/uploads\/2017\/06\/cow-35561_1280.png","type":"image\/png"}],"twitter_card":"summary_large_image","twitter_misc":{"Tahmini okuma s\u00fcresi":"4 dakika"},"schema":{"@context":"https:\/\/schema.org","@graph":[{"@type":"WebPage","@id":"https:\/\/bulentsekerel.com\/index.php\/alerjik-proktokolit\/","url":"https:\/\/bulentsekerel.com\/index.php\/alerjik-proktokolit\/","name":"Alerjik Proktokolit - Prof. Dr. B\u00fclent Enis \u015eekerel","isPartOf":{"@id":"https:\/\/bulentsekerel.com\/#website"},"datePublished":"2017-06-05T12:30:11+00:00","dateModified":"2017-06-05T12:40:01+00:00","description":"Prof. Dr. B\u00fclent Enis \u015eekerel taraf\u0131ndan haz\u0131rlanan, \"Alerjik Proktokolit\" konulu yaz\u0131ya bu sayfadan eri\u015febilirsiniz.","breadcrumb":{"@id":"https:\/\/bulentsekerel.com\/index.php\/alerjik-proktokolit\/#breadcrumb"},"inLanguage":"tr","potentialAction":[{"@type":"ReadAction","target":["https:\/\/bulentsekerel.com\/index.php\/alerjik-proktokolit\/"]}]},{"@type":"BreadcrumbList","@id":"https:\/\/bulentsekerel.com\/index.php\/alerjik-proktokolit\/#breadcrumb","itemListElement":[{"@type":"ListItem","position":1,"name":"Anasayfa","item":"https:\/\/bulentsekerel.com\/"},{"@type":"ListItem","position":2,"name":"Alerjik Proktokolit"}]},{"@type":"WebSite","@id":"https:\/\/bulentsekerel.com\/#website","url":"https:\/\/bulentsekerel.com\/","name":"Prof. Dr. B\u00fclent Enis \u015eekerel","description":"\u00c7ocuk Sa\u011fl\u0131\u011f\u0131 ve Hastal\u0131klar\u0131 &amp; \u00c7ocuk Alerji - Ast\u0131m Uzman\u0131","potentialAction":[{"@type":"SearchAction","target":{"@type":"EntryPoint","urlTemplate":"https:\/\/bulentsekerel.com\/?s={search_term_string}"},"query-input":"required name=search_term_string"}],"inLanguage":"tr"}]}},"_links":{"self":[{"href":"https:\/\/bulentsekerel.com\/index.php\/wp-json\/wp\/v2\/pages\/1486"}],"collection":[{"href":"https:\/\/bulentsekerel.com\/index.php\/wp-json\/wp\/v2\/pages"}],"about":[{"href":"https:\/\/bulentsekerel.com\/index.php\/wp-json\/wp\/v2\/types\/page"}],"author":[{"embeddable":true,"href":"https:\/\/bulentsekerel.com\/index.php\/wp-json\/wp\/v2\/users\/1"}],"replies":[{"embeddable":true,"href":"https:\/\/bulentsekerel.com\/index.php\/wp-json\/wp\/v2\/comments?post=1486"}],"version-history":[{"count":0,"href":"https:\/\/bulentsekerel.com\/index.php\/wp-json\/wp\/v2\/pages\/1486\/revisions"}],"wp:featuredmedia":[{"embeddable":true,"href":"https:\/\/bulentsekerel.com\/index.php\/wp-json\/wp\/v2\/media\/1489"}],"wp:attachment":[{"href":"https:\/\/bulentsekerel.com\/index.php\/wp-json\/wp\/v2\/media?parent=1486"}],"curies":[{"name":"wp","href":"https:\/\/api.w.org\/{rel}","templated":true}]}}