{"id":1478,"date":"2017-06-05T15:17:23","date_gmt":"2017-06-05T12:17:23","guid":{"rendered":"http:\/\/www.bulentsekerel.com\/?page_id=1478"},"modified":"2017-06-05T15:29:20","modified_gmt":"2017-06-05T12:29:20","slug":"ari-alerjisi","status":"publish","type":"page","link":"https:\/\/bulentsekerel.com\/index.php\/ari-alerjisi\/","title":{"rendered":"Ar\u0131 Alerjisi"},"content":{"rendered":"\n<style type=\"text\/css\" data-created_by=\"avia_inline_auto\" id=\"style-css-av-av_image-7e67e1ba96b1e7e9f624553ea1d14c73\">\n.avia-image-container.av-av_image-7e67e1ba96b1e7e9f624553ea1d14c73 img.avia_image{\nbox-shadow:none;\n}\n.avia-image-container.av-av_image-7e67e1ba96b1e7e9f624553ea1d14c73 .av-image-caption-overlay-center{\ncolor:#ffffff;\n}\n<\/style>\n<div  class='avia-image-container av-av_image-7e67e1ba96b1e7e9f624553ea1d14c73 av-styling- avia-align-center  avia-builder-el-0  el_before_av_heading  avia-builder-el-first '   itemprop=\"image\" itemscope=\"itemscope\" itemtype=\"https:\/\/schema.org\/ImageObject\" ><div class=\"avia-image-container-inner\"><div class=\"avia-image-overlay-wrap\"><img decoding=\"async\" class='wp-image-1484 avia-img-lazy-loading-not-1484 avia_image ' src=\"https:\/\/bulentsekerel.com\/wp-content\/uploads\/2017\/06\/pexels-photo-395241-300x199.jpeg\" alt='' title='ar\u0131 alerjisi'  height=\"199\" width=\"300\"  itemprop=\"thumbnailUrl\" srcset=\"https:\/\/bulentsekerel.com\/wp-content\/uploads\/2017\/06\/pexels-photo-395241-300x199.jpeg 300w, https:\/\/bulentsekerel.com\/wp-content\/uploads\/2017\/06\/pexels-photo-395241-768x510.jpeg 768w, https:\/\/bulentsekerel.com\/wp-content\/uploads\/2017\/06\/pexels-photo-395241-1030x684.jpeg 1030w, https:\/\/bulentsekerel.com\/wp-content\/uploads\/2017\/06\/pexels-photo-395241-1500x996.jpeg 1500w, https:\/\/bulentsekerel.com\/wp-content\/uploads\/2017\/06\/pexels-photo-395241-705x468.jpeg 705w, https:\/\/bulentsekerel.com\/wp-content\/uploads\/2017\/06\/pexels-photo-395241-450x299.jpeg 450w\" sizes=\"(max-width: 300px) 100vw, 300px\" \/><\/div><\/div><\/div>\n\n<style type=\"text\/css\" data-created_by=\"avia_inline_auto\" id=\"style-css-av-av_heading-dfcd73876454da114a4b11124d509488\">\n#top .av-special-heading.av-av_heading-dfcd73876454da114a4b11124d509488{\npadding-bottom:10px;\n}\nbody .av-special-heading.av-av_heading-dfcd73876454da114a4b11124d509488 .av-special-heading-tag .heading-char{\nfont-size:25px;\n}\n.av-special-heading.av-av_heading-dfcd73876454da114a4b11124d509488 .av-subheading{\nfont-size:15px;\n}\n<\/style>\n<div  class='av-special-heading av-av_heading-dfcd73876454da114a4b11124d509488 av-special-heading-h1  avia-builder-el-1  el_after_av_image  el_before_av_textblock '><h1 class='av-special-heading-tag'  itemprop=\"headline\"  >Ar\u0131 Alerjisi<\/h1><div class=\"special-heading-border\"><div class=\"special-heading-inner-border\"><\/div><\/div><\/div>\n<section  class='av_textblock_section av-av_textblock-0366cc7376be6c9e82a3e9cc8987b64f'  itemscope=\"itemscope\" itemtype=\"https:\/\/schema.org\/CreativeWork\" ><div class='avia_textblock'  itemprop=\"text\" ><p>Bir yeti\u015fkin i\u00e7in ya\u015fam\u0131nda <strong>ar\u0131 sokmas\u0131<\/strong>na maruz kalmam\u0131\u015f biri yok gibidir. Ar\u0131 sokmalar\u0131nda \u00e7o\u011funlukla sokulan b\u00f6lgede\u00a0 k\u0131zar\u0131kl\u0131k, \u015fi\u015flik, a\u011fr\u0131 ve \u0131s\u0131 art\u0131\u015f\u0131 ile karakterize bir tepki olu\u015fur. Bu tip reaksiyonlar \u00a0hemen her zaman so\u011fuk uygulama, a\u011fr\u0131 kesici ve a\u011f\u0131zdan <a href=\"https:\/\/bulentsekerel.com\/index.php\/alerji\/\">alerji<\/a> ila\u00e7lar\u0131 kullan\u0131m\u0131 ile veya bu ila\u00e7lar\u0131 kullanmadan 2-5 g\u00fcn i\u00e7inde ge\u00e7erler. Bu reaksiyon ar\u0131 sokmas\u0131nda &#8220;beklenen reaksiyon&#8221;dur ve alerji olarak isimlendirilmez. Reaksiyonun temel nedeni ar\u0131 zehrinde bulunan kimyasal maddelerin olu\u015fturdu\u011fu tahri\u015f edici etki oldu\u011fu s\u00f6ylenebilir.<\/p>\n<h3><strong>Alerjik reaksiyon tipleri\u00a0<\/strong><\/h3>\n<p>Ancak ar\u0131 sokmas\u0131 sonucu olu\u015fan reaksiyon beklenenden daha \u015fiddetli ve kapsaml\u0131 oluyorsa bu durum <strong>ar\u0131 alerjisi<\/strong> olabilir. Alerjik reaksiyonun temel nedeni ar\u0131 zehrinde bulunan kimyasal maddelere kar\u015f\u0131 ba\u011f\u0131\u015f\u0131kl\u0131k sisteminin orant\u0131s\u0131z \u015fiddette verdi\u011fi tepkidir.\u00a0 <strong>Ar\u0131 alerjisi<\/strong>nin kabaca iki de\u011fi\u015fik tipi vard\u0131r.<\/p>\n<ul>\n<li>Ar\u0131 soktu\u011fu b\u00f6lgede \u00e7ok b\u00fcy\u00fck bir reaksiyon olu\u015fmas\u0131 (\u00f6rne\u011fin&gt;5cm) durumunda bu reaksiyona &#8220;b\u00fcy\u00fck lokal reaksiyon&#8221; denir. Bu reaksiyon sokma b\u00f6lgesinde olur ve hasta i\u00e7in \u00e7ok rahats\u0131zl\u0131k verici niteliktedir. Sokma b\u00f6lgesi kol ve bacak gibi bir b\u00f6lgede ise \u015fi\u015flik o uzvun damarlar\u0131na bask\u0131 yaparak parmaklar\u0131n dola\u015f\u0131m\u0131n\u0131 olumsuz etkileyebilir. Bu tip reaksiyon genelde g\u00fcnlerce s\u00fcrer ve t\u0131bbi tedaviler ile h\u0131zla d\u00fczeltilebilir.<\/li>\n<li>Ama ar\u0131 sokmas\u0131 sonras\u0131nda sokulan b\u00f6lge d\u0131\u015f\u0131ndaki alanlarda tepki olu\u015fuyorsa bu reaksiyona &#8220;sistemik reaksiyon, anafilaksi&#8221; ismi verilir. Anafilaksi de ciltte k\u0131rm\u0131z\u0131l\u0131k, \u015fi\u015flik, d\u00f6k\u00fcnt\u00fc, ka\u015f\u0131nt\u0131 yan\u0131nda\u00a0 nefes darl\u0131\u011f\u0131, kusma, kar\u0131n a\u011fr\u0131s\u0131, tansiyon d\u00fc\u015fmesi, sersemlik gibi belirtiler g\u00f6r\u00fclebilir. Sistemik reaksiyon veya anafilaksi her zaman kayg\u0131 uyand\u0131r\u0131r \u00e7\u00fcnk\u00fc reaksiyon\u00a0 ya\u015fam\u0131 tehdit edecek boyutlara ula\u015fabilir.\u00a0 Reaksiyon \u00e7o\u011funlukla ar\u0131 soktuktan sonraki dakikalarda ortaya \u00e7\u0131kar. \u00c7ok nadiren iki saatten sonra olabilir.<\/li>\n<\/ul>\n<h3><strong>Ar\u0131 Alerjisi Nedenleri<\/strong><\/h3>\n<p>En s\u0131k <strong>ar\u0131 alerjisi<\/strong> bal ar\u0131s\u0131 sokmas\u0131ndan ileri gelirse de sar\u0131ca ar\u0131s\u0131, yaban ar\u0131s\u0131, e\u015fek ar\u0131s\u0131, t\u00fcyl\u00fc ar\u0131 gibi di\u011fer ar\u0131 tipleri de alerjiye neden olabilir. Ar\u0131 sokmas\u0131 sonucu ar\u0131 alerjisinin geli\u015fip geli\u015fmeyece\u011fini ara\u015ft\u0131ran \u00e7al\u0131\u015fmalar baz\u0131 risk fakt\u00f6rlerine i\u015faret etse de hangi hastan\u0131n \u0131s\u0131r\u0131lma sonucunda ne \u015fiddette bir reaksiyon ge\u00e7irece\u011fi kesin olarak \u00f6ng\u00f6r\u00fclemez. Kald\u0131 ki ar\u0131 alerjisi olan hastalar\u0131n \u00f6yk\u00fclerinde <a href=\"https:\/\/bulentsekerel.com\/index.php\/alerji\/\">alerji<\/a> geli\u015fmeden \u00f6nceki d\u00f6nemde bir\u00e7ok ar\u0131 sokmas\u0131na maruz kald\u0131klar\u0131 ama sorun ya\u015famad\u0131klar\u0131 \u00f6\u011frenilir.<\/p>\n<h3><strong>Ar\u0131 Alerjisi Tan\u0131s\u0131<\/strong><\/h3>\n<p>Ar\u0131 alerjisi tan\u0131s\u0131nda \u00f6yk\u00fcde ar\u0131 sokmas\u0131 sonucu k\u0131sa s\u00fcre i\u00e7inde birden fazla sistemin etkilenme \u00f6yk\u00fcs\u00fc olmal\u0131 ve tan\u0131y\u0131 kesinle\u015ftirmek i\u00e7in alerji uzman\u0131 taraf\u0131ndan ar\u0131 zehri(venomu) ile alerji testi yap\u0131lmal\u0131d\u0131r. \u00a0Testleri hem kan hem de deri testi \u015feklinde yap\u0131labilir<\/p>\n<h3><strong>Ar\u0131 Alerjisi Tedavisi<\/strong><\/h3>\n<p>Hayat\u0131 tehdit eden reaksiyon ge\u00e7iren hastalar\u0131n acil durumlarda kullanmak \u00fczere yanlar\u0131nda adrenalin (epinefrin) enjekt\u00f6r\u00fc ta\u015f\u0131malar\u0131 gerekir. Bu hastalara ayr\u0131ca ar\u0131 zehri (venom) ile imm\u00fcnoterapi (a\u015f\u0131 tedavisi) uygulanmas\u0131 gerekir. Ar\u0131 imm\u00fcnoterapi tedavisi d\u00fc\u015f\u00fck dozdan ba\u015flayarak giderek artan dozlarda ar\u0131 zehrinin v\u00fccuda verilmesi \u015feklinde bir tedavidir.\u00a0 bu tedavi bu alanda deneyimli bir alerji uzman\u0131 taraf\u0131ndan ba\u015flanmal\u0131 ve y\u00fcr\u00fct\u00fclmelidir.<\/p>\n<p>Hastalar\u0131n ayr\u0131ca ar\u0131 sokmas\u0131ndan ka\u00e7\u0131nmak i\u00e7in ar\u0131lar\u0131n bulundu\u011fu b\u00f6lgelerden uzak durmak, ar\u0131lar\u0131 provake etmemek, yanlar\u0131nda ar\u0131lar\u0131 cezbeden me\u015frubat, yiyecek bulundurmamak \u015feklinde \u00f6nlemler almas\u0131 gerekir.<\/p>\n<\/div><\/section>\n","protected":false},"excerpt":{"rendered":"","protected":false},"author":1,"featured_media":1484,"parent":0,"menu_order":0,"comment_status":"closed","ping_status":"closed","template":"","meta":[],"yoast_head":"<!-- This site is optimized with the Yoast SEO plugin v20.1 - https:\/\/yoast.com\/wordpress\/plugins\/seo\/ -->\n<title>Ar\u0131 Alerjisi - Prof. Dr. B\u00fclent Enis \u015eekerel<\/title>\n<meta name=\"description\" content=\"Prof. Dr. B\u00fclent Enis \u015eekerel taraf\u0131ndan haz\u0131rlanan, &quot;Ar\u0131 Alerjisi&quot; konulu yaz\u0131ya bu sayfadan eri\u015febilirsiniz.\" \/>\n<meta name=\"robots\" content=\"index, follow, max-snippet:-1, max-image-preview:large, max-video-preview:-1\" \/>\n<link rel=\"canonical\" href=\"https:\/\/bulentsekerel.com\/index.php\/ari-alerjisi\/\" \/>\n<meta property=\"og:locale\" content=\"tr_TR\" \/>\n<meta property=\"og:type\" content=\"article\" \/>\n<meta property=\"og:title\" content=\"Ar\u0131 Alerjisi - Prof. Dr. B\u00fclent Enis \u015eekerel\" \/>\n<meta property=\"og:description\" content=\"Prof. Dr. B\u00fclent Enis \u015eekerel taraf\u0131ndan haz\u0131rlanan, &quot;Ar\u0131 Alerjisi&quot; konulu yaz\u0131ya bu sayfadan eri\u015febilirsiniz.\" \/>\n<meta property=\"og:url\" content=\"https:\/\/bulentsekerel.com\/index.php\/ari-alerjisi\/\" \/>\n<meta property=\"og:site_name\" content=\"Prof. Dr. B\u00fclent Enis \u015eekerel\" \/>\n<meta property=\"article:modified_time\" content=\"2017-06-05T12:29:20+00:00\" \/>\n<meta property=\"og:image\" content=\"https:\/\/bulentsekerel.com\/wp-content\/uploads\/2017\/06\/pexels-photo-395241-1030x684.jpeg\" \/>\n\t<meta property=\"og:image:width\" content=\"1030\" \/>\n\t<meta property=\"og:image:height\" content=\"684\" \/>\n\t<meta property=\"og:image:type\" content=\"image\/jpeg\" \/>\n<meta name=\"twitter:card\" content=\"summary_large_image\" \/>\n<meta name=\"twitter:label1\" content=\"Tahmini okuma s\u00fcresi\" \/>\n\t<meta name=\"twitter:data1\" content=\"4 dakika\" \/>\n<script type=\"application\/ld+json\" class=\"yoast-schema-graph\">{\"@context\":\"https:\/\/schema.org\",\"@graph\":[{\"@type\":\"WebPage\",\"@id\":\"https:\/\/bulentsekerel.com\/index.php\/ari-alerjisi\/\",\"url\":\"https:\/\/bulentsekerel.com\/index.php\/ari-alerjisi\/\",\"name\":\"Ar\u0131 Alerjisi - Prof. Dr. B\u00fclent Enis \u015eekerel\",\"isPartOf\":{\"@id\":\"https:\/\/bulentsekerel.com\/#website\"},\"datePublished\":\"2017-06-05T12:17:23+00:00\",\"dateModified\":\"2017-06-05T12:29:20+00:00\",\"description\":\"Prof. Dr. B\u00fclent Enis \u015eekerel taraf\u0131ndan haz\u0131rlanan, \\\"Ar\u0131 Alerjisi\\\" konulu yaz\u0131ya bu sayfadan eri\u015febilirsiniz.\",\"breadcrumb\":{\"@id\":\"https:\/\/bulentsekerel.com\/index.php\/ari-alerjisi\/#breadcrumb\"},\"inLanguage\":\"tr\",\"potentialAction\":[{\"@type\":\"ReadAction\",\"target\":[\"https:\/\/bulentsekerel.com\/index.php\/ari-alerjisi\/\"]}]},{\"@type\":\"BreadcrumbList\",\"@id\":\"https:\/\/bulentsekerel.com\/index.php\/ari-alerjisi\/#breadcrumb\",\"itemListElement\":[{\"@type\":\"ListItem\",\"position\":1,\"name\":\"Anasayfa\",\"item\":\"https:\/\/bulentsekerel.com\/\"},{\"@type\":\"ListItem\",\"position\":2,\"name\":\"Ar\u0131 Alerjisi\"}]},{\"@type\":\"WebSite\",\"@id\":\"https:\/\/bulentsekerel.com\/#website\",\"url\":\"https:\/\/bulentsekerel.com\/\",\"name\":\"Prof. Dr. B\u00fclent Enis \u015eekerel\",\"description\":\"\u00c7ocuk Sa\u011fl\u0131\u011f\u0131 ve Hastal\u0131klar\u0131 &amp; \u00c7ocuk Alerji - Ast\u0131m Uzman\u0131\",\"potentialAction\":[{\"@type\":\"SearchAction\",\"target\":{\"@type\":\"EntryPoint\",\"urlTemplate\":\"https:\/\/bulentsekerel.com\/?s={search_term_string}\"},\"query-input\":\"required name=search_term_string\"}],\"inLanguage\":\"tr\"}]}<\/script>\n<!-- \/ Yoast SEO plugin. -->","yoast_head_json":{"title":"Ar\u0131 Alerjisi - Prof. Dr. B\u00fclent Enis \u015eekerel","description":"Prof. Dr. B\u00fclent Enis \u015eekerel taraf\u0131ndan haz\u0131rlanan, \"Ar\u0131 Alerjisi\" konulu yaz\u0131ya bu sayfadan eri\u015febilirsiniz.","robots":{"index":"index","follow":"follow","max-snippet":"max-snippet:-1","max-image-preview":"max-image-preview:large","max-video-preview":"max-video-preview:-1"},"canonical":"https:\/\/bulentsekerel.com\/index.php\/ari-alerjisi\/","og_locale":"tr_TR","og_type":"article","og_title":"Ar\u0131 Alerjisi - Prof. Dr. B\u00fclent Enis \u015eekerel","og_description":"Prof. Dr. B\u00fclent Enis \u015eekerel taraf\u0131ndan haz\u0131rlanan, \"Ar\u0131 Alerjisi\" konulu yaz\u0131ya bu sayfadan eri\u015febilirsiniz.","og_url":"https:\/\/bulentsekerel.com\/index.php\/ari-alerjisi\/","og_site_name":"Prof. Dr. B\u00fclent Enis \u015eekerel","article_modified_time":"2017-06-05T12:29:20+00:00","og_image":[{"width":1030,"height":684,"url":"https:\/\/bulentsekerel.com\/wp-content\/uploads\/2017\/06\/pexels-photo-395241-1030x684.jpeg","type":"image\/jpeg"}],"twitter_card":"summary_large_image","twitter_misc":{"Tahmini okuma s\u00fcresi":"4 dakika"},"schema":{"@context":"https:\/\/schema.org","@graph":[{"@type":"WebPage","@id":"https:\/\/bulentsekerel.com\/index.php\/ari-alerjisi\/","url":"https:\/\/bulentsekerel.com\/index.php\/ari-alerjisi\/","name":"Ar\u0131 Alerjisi - Prof. Dr. B\u00fclent Enis \u015eekerel","isPartOf":{"@id":"https:\/\/bulentsekerel.com\/#website"},"datePublished":"2017-06-05T12:17:23+00:00","dateModified":"2017-06-05T12:29:20+00:00","description":"Prof. Dr. B\u00fclent Enis \u015eekerel taraf\u0131ndan haz\u0131rlanan, \"Ar\u0131 Alerjisi\" konulu yaz\u0131ya bu sayfadan eri\u015febilirsiniz.","breadcrumb":{"@id":"https:\/\/bulentsekerel.com\/index.php\/ari-alerjisi\/#breadcrumb"},"inLanguage":"tr","potentialAction":[{"@type":"ReadAction","target":["https:\/\/bulentsekerel.com\/index.php\/ari-alerjisi\/"]}]},{"@type":"BreadcrumbList","@id":"https:\/\/bulentsekerel.com\/index.php\/ari-alerjisi\/#breadcrumb","itemListElement":[{"@type":"ListItem","position":1,"name":"Anasayfa","item":"https:\/\/bulentsekerel.com\/"},{"@type":"ListItem","position":2,"name":"Ar\u0131 Alerjisi"}]},{"@type":"WebSite","@id":"https:\/\/bulentsekerel.com\/#website","url":"https:\/\/bulentsekerel.com\/","name":"Prof. Dr. B\u00fclent Enis \u015eekerel","description":"\u00c7ocuk Sa\u011fl\u0131\u011f\u0131 ve Hastal\u0131klar\u0131 &amp; \u00c7ocuk Alerji - Ast\u0131m Uzman\u0131","potentialAction":[{"@type":"SearchAction","target":{"@type":"EntryPoint","urlTemplate":"https:\/\/bulentsekerel.com\/?s={search_term_string}"},"query-input":"required name=search_term_string"}],"inLanguage":"tr"}]}},"_links":{"self":[{"href":"https:\/\/bulentsekerel.com\/index.php\/wp-json\/wp\/v2\/pages\/1478"}],"collection":[{"href":"https:\/\/bulentsekerel.com\/index.php\/wp-json\/wp\/v2\/pages"}],"about":[{"href":"https:\/\/bulentsekerel.com\/index.php\/wp-json\/wp\/v2\/types\/page"}],"author":[{"embeddable":true,"href":"https:\/\/bulentsekerel.com\/index.php\/wp-json\/wp\/v2\/users\/1"}],"replies":[{"embeddable":true,"href":"https:\/\/bulentsekerel.com\/index.php\/wp-json\/wp\/v2\/comments?post=1478"}],"version-history":[{"count":0,"href":"https:\/\/bulentsekerel.com\/index.php\/wp-json\/wp\/v2\/pages\/1478\/revisions"}],"wp:featuredmedia":[{"embeddable":true,"href":"https:\/\/bulentsekerel.com\/index.php\/wp-json\/wp\/v2\/media\/1484"}],"wp:attachment":[{"href":"https:\/\/bulentsekerel.com\/index.php\/wp-json\/wp\/v2\/media?parent=1478"}],"curies":[{"name":"wp","href":"https:\/\/api.w.org\/{rel}","templated":true}]}}