{"id":1392,"date":"2017-05-04T11:19:59","date_gmt":"2017-05-04T08:19:59","guid":{"rendered":"http:\/\/www.bulentsekerel.com\/?page_id=1392"},"modified":"2017-05-04T11:19:59","modified_gmt":"2017-05-04T08:19:59","slug":"besin-alerjisi","status":"publish","type":"page","link":"https:\/\/bulentsekerel.com\/index.php\/besin-alerjisi\/","title":{"rendered":"Besin Alerjisi"},"content":{"rendered":"\n<style type=\"text\/css\" data-created_by=\"avia_inline_auto\" id=\"style-css-av-av_image-9fa7967575f55f695464e7455dd0c754\">\n.avia-image-container.av-av_image-9fa7967575f55f695464e7455dd0c754 img.avia_image{\nbox-shadow:none;\n}\n.avia-image-container.av-av_image-9fa7967575f55f695464e7455dd0c754 .av-image-caption-overlay-center{\ncolor:#ffffff;\n}\n<\/style>\n<div  class='avia-image-container av-av_image-9fa7967575f55f695464e7455dd0c754 av-styling- avia-align-center  avia-builder-el-0  el_before_av_heading  avia-builder-el-first '   itemprop=\"image\" itemscope=\"itemscope\" itemtype=\"https:\/\/schema.org\/ImageObject\" ><div class=\"avia-image-container-inner\"><div class=\"avia-image-overlay-wrap\"><img decoding=\"async\" class='wp-image-1393 avia-img-lazy-loading-not-1393 avia_image ' src=\"https:\/\/bulentsekerel.com\/wp-content\/uploads\/2017\/05\/DSC_2341-300x199.jpg\" alt='besin alerjisi' title='besin alerjisi'  height=\"199\" width=\"300\"  itemprop=\"thumbnailUrl\" srcset=\"https:\/\/bulentsekerel.com\/wp-content\/uploads\/2017\/05\/DSC_2341-300x199.jpg 300w, https:\/\/bulentsekerel.com\/wp-content\/uploads\/2017\/05\/DSC_2341-768x510.jpg 768w, https:\/\/bulentsekerel.com\/wp-content\/uploads\/2017\/05\/DSC_2341-1030x683.jpg 1030w, https:\/\/bulentsekerel.com\/wp-content\/uploads\/2017\/05\/DSC_2341-1500x995.jpg 1500w, https:\/\/bulentsekerel.com\/wp-content\/uploads\/2017\/05\/DSC_2341-705x468.jpg 705w, https:\/\/bulentsekerel.com\/wp-content\/uploads\/2017\/05\/DSC_2341-450x299.jpg 450w\" sizes=\"(max-width: 300px) 100vw, 300px\" \/><\/div><\/div><\/div>\n\n<style type=\"text\/css\" data-created_by=\"avia_inline_auto\" id=\"style-css-av-av_heading-e618180fe723848158c5172ac4204cc0\">\n#top .av-special-heading.av-av_heading-e618180fe723848158c5172ac4204cc0{\npadding-bottom:10px;\n}\nbody .av-special-heading.av-av_heading-e618180fe723848158c5172ac4204cc0 .av-special-heading-tag .heading-char{\nfont-size:25px;\n}\n.av-special-heading.av-av_heading-e618180fe723848158c5172ac4204cc0 .av-subheading{\nfont-size:15px;\n}\n<\/style>\n<div  class='av-special-heading av-av_heading-e618180fe723848158c5172ac4204cc0 av-special-heading-h1  avia-builder-el-1  el_after_av_image  el_before_av_textblock '><h1 class='av-special-heading-tag'  itemprop=\"headline\"  >Besin Alerjisi<\/h1><div class=\"special-heading-border\"><div class=\"special-heading-inner-border\"><\/div><\/div><\/div>\n<section  class='av_textblock_section av-av_textblock-0366cc7376be6c9e82a3e9cc8987b64f'  itemscope=\"itemscope\" itemtype=\"https:\/\/schema.org\/CreativeWork\" ><div class='avia_textblock'  itemprop=\"text\" ><p><strong>\u00d6nemi ve S\u0131kl\u0131\u011f\u0131:\u00a0<\/strong>T\u0131p bilimi herhangi bir besin al\u0131nd\u0131\u011f\u0131nda ortaya \u00e7\u0131kan reaksiyonlar\u0131n t\u00fcm\u00fcn\u00fc \u201cistenmeyen besin reaksiyonu\u201d olarak tan\u0131mlamaktad\u0131r. Bu reaksiyonlar de\u011fi\u015fik mekanizmalar ile olabilir. \u00d6rne\u011fin besinlerin i\u00e7erebildi\u011fi baz\u0131 toksinlere ba\u011fl\u0131 zehirlenme, besinin i\u00e7erdi\u011fi baz\u0131 farmakolojik maddelerin organizmam\u0131zda olu\u015fturdu\u011fu reaksiyonlar (\u00e7arp\u0131nt\u0131, kalp h\u0131z\u0131nda yava\u015flama gibi) \u015feklinde olabilir. Alerjik reaksiyonlar istenmeyen besin reaksiyonlar\u0131ndan sadece biridir ve toplumun %1-5\u2019nin etkilendi\u011fi kabul edilmektedir. Oysa T\u00fcrkiye \u00e7ap\u0131nda ger\u00e7ekle\u015ftirdi\u011fimiz \u00e7al\u0131\u015fmalarda toplumun %25\u2019inin kendilerinde besin alerjisi oldu\u011funu ifade ettikleri g\u00f6r\u00fclm\u00fc\u015ft\u00fcr. Bu durum bir\u00e7ok ba\u015fka besin reaksiyonunun alerji olarak yorumland\u0131\u011f\u0131n\u0131 d\u00fc\u015f\u00fcnd\u00fcrmektedir. Oysa reaksiyonun nedeninin do\u011fru anla\u015f\u0131lmas\u0131, uygun tedavi ve izlem i\u00e7in \u00e7ok gereklidir.\u00a0Sonu\u00e7 olarak besinlerle olu\u015fan her istenmeyen reaksiyon besin alerjisi demek de\u011fildir. Bu nedenle hekimler birbirine genel olarak \u00e7ok benzeyen bu farkl\u0131 reaksiyonlar\u0131 birbirlerinden ay\u0131rt etmek durumundad\u0131rlar.<\/p>\n<p><strong>Tan\u0131m:<\/strong>\u00a0Besinlerin baz\u0131lar\u0131 v\u00fccuttaki ba\u011f\u0131\u015f\u0131kl\u0131k sistemi taraf\u0131ndan tehlikeli d\u00fc\u015fman olarak alg\u0131lan\u0131rsa, ba\u011f\u0131\u015f\u0131kl\u0131k sistemi bu d\u00fc\u015fman\u0131 (besini) ortadan kald\u0131rmak, tehlikesiz hale getirmek i\u00e7in \u015fiddetli ve abart\u0131l\u0131 tepkiler verir. Bu durum organizmam\u0131z i\u00e7in rahats\u0131zl\u0131k vericidir. Bu reaksiyonda ba\u015fta histamin olmak \u00fczere \u00e7e\u015fitli kimyasal maddeler ve de\u011fi\u015fik h\u00fccreler rol al\u0131rlar. Genellikle besin reaksiyonlar\u0131 besin al\u0131nd\u0131ktan dakikalar-saatler i\u00e7inde ortaya \u00e7\u0131kar ve\u00a0deri, sindirim ve solunum-dola\u015f\u0131m sistemi gibi de\u011fi\u015fik organlarda kendini g\u00f6sterir. Bazen bu reaksiyonlar \u00e7ok \u015fiddetli ve h\u0131zl\u0131 olup v\u00fccudun birden fazla sisteminde belirti verebilirler. Hatta \u00f6l\u00fcme dek g\u00f6t\u00fcrebilirler ki bu tip reaksiyonlara anafilaksi (alerjik \u015fok)ad\u0131 verilir.<\/p>\n<p><strong>Nedeni<\/strong>: Besinlere kar\u015f\u0131 alerjik reaksiyonlar\u0131n geli\u015fmesinde genetik ve \u00e7evresel fakt\u00f6rler (\u00f6rne\u011fin bebeklerde erken ek g\u0131dalara ba\u015flama gibi) rol oynar. \u00d6zellikle alerjik b\u00fcnyeli bebekler ilk 4-6 ay i\u00e7inde anne s\u00fct\u00fc d\u0131\u015f\u0131nda g\u0131da ile beslendiklerinde alerji geli\u015fme riski artmaktad\u0131r. Daha b\u00fcy\u00fck ya\u015flarda ise ba\u011f\u0131\u015f\u0131kl\u0131k sistemi bozukluklar\u0131 ve kronik barsak infeksiyonlar\u0131 besin alerjisi geli\u015fimi riskini artt\u0131rmaktad\u0131r.<\/p>\n<p><strong>Alerjik besinler:<\/strong>\u00a0Her besinin alerjik reaksiyonlara neden olmas\u0131 m\u00fcmk\u00fcnd\u00fcr. Ancak alerjik besin reaksiyonlar\u0131n\u0131n \u00e7o\u011fundan sadece belli besinler sorumludur. Bunlar s\u00fct, yumurta, bu\u011fday, soya, kuruyemi\u015fler (f\u0131st\u0131k, f\u0131nd\u0131k, ceviz, badem, ay\u00e7ekirde\u011fi gibi), susam, mercimek, kiwi, bal\u0131k ve kabuklu deniz hayvanlar\u0131d\u0131r.\u00a0 Bu besinler t\u00fcm d\u00fcnyada en s\u0131k alerjiye neden olan g\u0131dalar ise de \u00fclkelerin ve y\u00f6relerin beslenme al\u0131\u015fkanl\u0131klar\u0131na g\u00f6re g\u00f6r\u00fclme s\u0131kl\u0131klar\u0131nda farkl\u0131l\u0131klar olmaktad\u0131r. \u00d6rne\u011fin ABD de en s\u0131k alerjiye neden olan kuruyemi\u015f yer f\u0131st\u0131\u011f\u0131 iken \u00fclkemizde f\u0131nd\u0131k ve cevizdir. Kaju t\u00fcketiminin artmas\u0131na paralele olarak son y\u0131llarda kaju ve antep f\u0131st\u0131\u011f\u0131 alerjisinde art\u0131\u015f ya\u015famaktad\u0131r. Besinler i\u00e7indeki maddelerden alerjiye neden olan\u0131 protein yap\u0131s\u0131ndaki molek\u00fcllerdir ve bunlar \u00e7o\u011funlukla \u0131s\u0131ya diren\u00e7lidirler. Bir ba\u015fka ifadeyle \u00e7i\u011f yendi\u011finde alerji yapan bu besinler, pi\u015firildiklerinde alerjik \u00f6zelliklerinde kaybolma olmaz ve alerji yapmaya devam ederler. \u00c7ocuklarda inek s\u00fct\u00fc, yumurta ve soya alerjilerinin \u00e7o\u011fu y\u0131llar i\u00e7inde d\u00fczelir. Ancak yer f\u0131st\u0131\u011f\u0131, f\u0131nd\u0131k, ceviz, bal\u0131k ve kabuklu deniz \u00fcr\u00fcnleri alerjileri genellikle d\u00fczelmeme e\u011filimindedir. Bir hastada ayn\u0131 anda birden fazla besine kar\u015f\u0131 alerji olabilece\u011fi gibi ayn\u0131 zamanda hava yolu ile da\u011f\u0131lan (polen veya akar gibi) maddelere kar\u015f\u0131 da alerji olabilir.<\/p>\n<p><strong>Belirtiler:<\/strong>\u00a0Bir besine kar\u015f\u0131 alerji varsa besinin her al\u0131m\u0131 mutlaka belirtilere neden olur. Ancak reaksiyon her seferinde ayn\u0131 veya daha az veya daha \u00e7ok olabilir. Besin alerjisinde en s\u0131k etkilenen sistemler sindirim sistemi ve deridir. Ancak, bazen anafilaksi denilen ve bir\u00e7ok organ sisteminin birden devreye girdi\u011fi, tansiyon d\u00fc\u015f\u00fckl\u00fc\u011f\u00fc, nefes darl\u0131\u011f\u0131 gibi ya\u015fam\u0131 tehdit eden tepkimelerin oldu\u011fu tehlikeli bir reaksiyona yol a\u00e7abilir. Besin alerjileri s\u0131kl\u0131kla besinin al\u0131nmas\u0131ndan sonra 1-2 saat i\u00e7inde bazen de g\u00fcnler i\u00e7inde belirtilere neden olur. Besin alerjisinde ses k\u0131s\u0131kl\u0131\u011f\u0131, h\u0131r\u0131lt\u0131, \u00f6ks\u00fcr\u00fck, nefes darl\u0131\u011f\u0131, dil-dudak-g\u00f6z kapa\u011f\u0131nda \u015fi\u015fme, kusma, kar\u0131n a\u011fr\u0131s\u0131, ishal, kab\u0131zl\u0131k, kan bas\u0131nc\u0131nda d\u00fc\u015fme, fenal\u0131k hissi, bilin\u00e7 kayb\u0131, egzema, ka\u015f\u0131nt\u0131, kurde\u015fen ve k\u0131zar\u0131kl\u0131k gibi \u00e7ok de\u011fi\u015fik yak\u0131nmalar g\u00f6r\u00fclebilir. Her seferinde bu belirtilerin t\u00fcm\u00fcn\u00fcn g\u00f6r\u00fclmesi gerekmedi\u011fi gibi sadece bir belirti veya herhangi bir kombinasyon g\u00f6r\u00fclebilir. Baz\u0131 besinler sadece yenildiklerinde belirtiye neden olurken baz\u0131lar\u0131nda ise o besinin pi\u015ferken \u00e7\u0131kard\u0131\u011f\u0131 buhar\/duman da alerjik reaksiyona neden olabilir.<\/p>\n<p><strong>Tan\u0131:<\/strong>\u00a0Besin alerjilerinin tan\u0131s\u0131 di\u011fer alerjilere g\u00f6re \u00e7ok daha zor konmaktad\u0131r. \u00c7\u00fcnk\u00fc bir\u00e7ok besin alerjisinde kan ve deri testleri duyarl\u0131 olunan besini saptayabilirken kimi alerjilerde, farkl\u0131 mekanizma s\u00f6z konusu oldu\u011fundan, bu testler yard\u0131mc\u0131 olmazlar. Bu nedenle iyi bir hasta-doktor i\u015fbirli\u011fi \u00e7ok gereklidir. Besin alerjisinden \u015f\u00fcphelenen hasta veya ailesinin yenilen besinin i\u00e7eri\u011fi, miktar\u0131, belirtilerin ne kadar s\u00fcre sonra ortaya \u00e7\u0131kt\u0131\u011f\u0131, ne kadar s\u00fcrd\u00fc\u011f\u00fc, daha \u00f6nce benzer reaksiyonlar\u0131n olup olmad\u0131\u011f\u0131 konusunda hekime ayr\u0131nt\u0131l\u0131 bilgi vermesi gerekir. Deri testleri ve kan testleri bebekler de dahil her ya\u015f grubunda yap\u0131labilir. Ancak bu testler tek ba\u015f\u0131na tan\u0131 koydurucu de\u011fildir. Hekimler test sonu\u00e7lar\u0131n\u0131n yan\u0131 s\u0131ra klinik bulgulara ve besin al\u0131m\u0131 ile reaksiyonun ortaya \u00e7\u0131k\u0131\u015f\u0131na bakarak bir yorum yapmalar\u0131 gerekir. Besin alerjisinde \u015f\u00fcphede kal\u0131nd\u0131\u011f\u0131nda hastalara hekim g\u00f6zetiminde \u015f\u00fcphelenilen besinden giderek artan dozlarda yedirme i\u015flemi (y\u00fckleme testi) yapt\u0131r\u0131labilir. Bu y\u00fckleme\/provokasyon i\u015flemi sonunda beklenen belirtilerin ortaya \u00e7\u0131kmas\u0131 tan\u0131y\u0131 kesinle\u015ftirir. Y\u00fckleme testi besin alerjisi tan\u0131s\u0131nda \u201calt\u0131n standart y\u00f6ntem\u201d olarak kabul edilen en de\u011ferli y\u00f6ntemdir ve hangi hastaya ne zaman yap\u0131l\u0131p yap\u0131lmayaca\u011f\u0131 hekim karar\u0131n\u0131 gerektirir. Besin alerji \u015f\u00fcphesi olan bir \u00e7ocu\u011fa, alerji uzman\u0131 taraf\u0131ndan de\u011ferlendirilinceye kadar, \u015f\u00fcphelenilen besinler verilmemelidir, ama hekime m\u00fcmk\u00fcn olan en k\u0131sa s\u00fcrede ba\u015fvurulmas\u0131 gerekir. Besin alerjisi tan\u0131s\u0131 her zaman bir hekim taraf\u0131ndan konmal\u0131d\u0131r. Ebeveynlerin bu tan\u0131y\u0131 kendilerinin koyabileceklerini d\u00fc\u015f\u00fcnmeleri ve buna ba\u011fl\u0131 olarak bir \u00e7ok g\u0131day\u0131 hem kendi hem de \u00e7ocu\u011fun dietinden uzakla\u015ft\u0131rd\u0131klar\u0131 ve beslenme bozuklu\u011funa neden olduklar\u0131 bilinmektedir. Bu durum yaln\u0131zca \u00fclkemiz i\u00e7in de\u011fil d\u00fcnyan\u0131n bir \u00e7ok yerinde rapor edilmi\u015ftir.<\/p>\n<p><strong>Tedavi:<\/strong>\u00a0Besin alerjilerinin kan\u0131tlanm\u0131\u015f bir tedavisi yoktur. Hastan\u0131n alerjik oldu\u011fu besinden ka\u00e7\u0131nmas\u0131 reaksiyonlar\u0131 \u00f6nlemenin tek yoludur. \u00c7ok az miktarda al\u0131mlarda bile \u015fiddetli reaksiyon olabilece\u011finden tam eliminasyon (mutlak ka\u00e7\u0131nma) uygulanmas\u0131 gerekir. Alerjik olunan besinin al\u0131m\u0131na izin veren herhangi bir ila\u00e7 mevcut de\u011fildir. Hasta ve ailesi besin alerjenleri ve bunlardan ka\u00e7\u0131nma konusunda e\u011fitilmelidir. Haz\u0131r g\u0131dalar alerjik olunan besinin proteinlerini i\u00e7erebilece\u011finden, haz\u0131r g\u0131dalar\u0131n etiketleri her zaman b\u00fcy\u00fck bir dikkatle okunmal\u0131d\u0131r. Besin alerjisi olan bir \u00e7ocuk da, hastan\u0131n yak\u0131n \u00e7evresi de durumdan haberdar edilmeli ve hatta gerekti\u011finde uygulamak \u00fczere acil tedavi hakk\u0131nda bilgilendirilmelidir. Lokanta \u00f6rne\u011finde oldu\u011fu \u00fczere ev d\u0131\u015f\u0131nda bir yemek yenecekse g\u0131day\u0131 haz\u0131rlayan ki\u015fiden ayr\u0131nt\u0131l\u0131 bilgi al\u0131nmal\u0131d\u0131r. \u0130nek s\u00fct\u00fc alerjisi olan bebek \u00f6rne\u011finde oldu\u011fu \u00fczere, temel bir besin diyetten \u00e7\u0131kar\u0131lm\u0131\u015f ise, beslenme bozuklu\u011fu geli\u015fimini \u00f6nlenmek i\u00e7in diyetin yeniden planlanmas\u0131 ve hastan\u0131n yak\u0131n izlemi gerekir.<\/p>\n<p>Besin alerjisi varl\u0131\u011f\u0131nda o besinin mutlak dietten \u00e7\u0131kar\u0131lmas\u0131 temel yakla\u015f\u0131m ise de baz\u0131 besinlerin i\u015flenmi\u015f formlar\u0131n\u0131n hastalar taraf\u0131ndan t\u00fcketilebildikleri bilinir. Bu nedenle alerji uzman\u0131n\u0131n hastay\u0131 d\u011ferlendirerek o besin i\u00e7in t\u00fcketim s\u0131n\u0131rlar\u0131n\u0131 belirlemesi gerekir.<\/p>\n<p>Uzun y\u0131llard\u0131r, D\u00fcnya Sa\u011fl\u0131k \u00d6rg\u00fct\u00fcn\u00fcn \u00f6nerileri do\u011frultusunda, ya\u015fam\u0131n erken d\u00f6neminde alerjik besinlerin bebe\u011fe t\u00fckettirilmemsi \u015feklinde bir yakla\u015f\u0131m uygulanm\u0131\u015fsa da bunun besin alerjilerinde art\u0131\u015fa neden oldu\u011funa y\u00f6nelik \u00f6nemli kan\u0131tlara ula\u015f\u0131lm\u0131\u015ft\u0131r. Son y\u0131llarda alerjik besinlerden ya\u015fam\u0131n ilk y\u0131llar\u0131nda ka\u00e7\u0131nma yerine erken d\u00f6nemde diete eklenmesi y\u00f6n\u00fcnde bir e\u011filim olu\u015fmaktad\u0131r. Bu sebeple gereksiz dietlerin ve ka\u00e7\u0131nmalar\u0131n risksiz olmad\u0131\u011f\u0131n\u0131n hat\u0131rlanmas\u0131 gerekir.<\/p>\n<p><strong>Do\u011fal Seyir<\/strong>: Besin alerjileri \u00e7ocuklarda ve eri\u015fkinlerde d\u00fczelme e\u011filimi g\u00f6sterir. Bu nedenle belli aralarla hekim g\u00f6zetiminde y\u00fckleme testi yap\u0131larak d\u00fczelip d\u00fczelmedi\u011fi takip edilmelidir. S\u00fct, yumurta, bu\u011fday ve soya alerjileri y\u0131llar i\u00e7inde \u00e7o\u011funlukla d\u00fczelir. Buna kar\u015f\u0131l\u0131k kuruyemi\u015f, bal\u0131k ve kabuklu deniz hayvanlar\u0131 alerjilerinin d\u00fczelmesi beklenmez. Hastaya y\u00fckleme testinin ne zaman hangi ko\u015fullarda yapaca\u011f\u0131 \u00e7ocuk alerji uzman\u0131n\u0131n de\u011ferlendirilmesine b\u0131rak\u0131lmal\u0131d\u0131r.<\/p>\n<p><em>Dikkat: Bu yaz\u0131 Dr B\u00fclent \u015eekerel taraf\u0131ndan haz\u0131rlanm\u0131\u015f olup kaynak g\u00f6sterilmeden kullan\u0131lamaz.<\/em><\/p>\n<p><em>Dikkat: Burada \u00e7ocukluk \u00e7a\u011f\u0131n\u0131n bir alerjik hastal\u0131\u011f\u0131 hakk\u0131nda Dr.B\u00fclent \u015eekerel taraf\u0131ndan size yard\u0131mc\u0131 olaca\u011f\u0131na inan\u0131larak derlenmi\u015f baz\u0131 bilgiler yer almaktad\u0131r. Bu nedenle bu bilgilerin, hekim olmayanlar taraf\u0131ndan tedavi amac\u0131yla kullan\u0131lmamalar\u0131 gerekir. L\u00fctfen daha ayr\u0131nt\u0131l\u0131 bilgi i\u00e7in hekiminize ba\u015fvurunuz.<\/em><em>\u00a0<\/em><strong>\u00a0<\/strong><\/p>\n<\/div><\/section>\n","protected":false},"excerpt":{"rendered":"","protected":false},"author":1,"featured_media":0,"parent":0,"menu_order":0,"comment_status":"closed","ping_status":"closed","template":"","meta":[],"yoast_head":"<!-- This site is optimized with the Yoast SEO plugin v20.1 - https:\/\/yoast.com\/wordpress\/plugins\/seo\/ -->\n<title>Besin Alerjisi - Prof. Dr. B\u00fclent Enis \u015eekerel<\/title>\n<meta name=\"description\" content=\"Prof. Dr. B\u00fclent Enis \u015eekerel&#039;in haz\u0131rlad\u0131\u011f\u0131, &quot;Besin Alerjisi&quot; ba\u015fl\u0131kl\u0131 yaz\u0131\" \/>\n<meta name=\"robots\" content=\"index, follow, max-snippet:-1, max-image-preview:large, max-video-preview:-1\" \/>\n<link rel=\"canonical\" href=\"https:\/\/bulentsekerel.com\/index.php\/besin-alerjisi\/\" \/>\n<meta property=\"og:locale\" content=\"tr_TR\" \/>\n<meta property=\"og:type\" content=\"article\" \/>\n<meta property=\"og:title\" content=\"Besin Alerjisi - Prof. Dr. B\u00fclent Enis \u015eekerel\" \/>\n<meta property=\"og:description\" content=\"Prof. Dr. B\u00fclent Enis \u015eekerel&#039;in haz\u0131rlad\u0131\u011f\u0131, &quot;Besin Alerjisi&quot; ba\u015fl\u0131kl\u0131 yaz\u0131\" \/>\n<meta property=\"og:url\" content=\"https:\/\/bulentsekerel.com\/index.php\/besin-alerjisi\/\" \/>\n<meta property=\"og:site_name\" content=\"Prof. Dr. B\u00fclent Enis \u015eekerel\" \/>\n<meta name=\"twitter:card\" content=\"summary_large_image\" \/>\n<meta name=\"twitter:label1\" content=\"Tahmini okuma s\u00fcresi\" \/>\n\t<meta name=\"twitter:data1\" content=\"9 dakika\" \/>\n<script type=\"application\/ld+json\" class=\"yoast-schema-graph\">{\"@context\":\"https:\/\/schema.org\",\"@graph\":[{\"@type\":\"WebPage\",\"@id\":\"https:\/\/bulentsekerel.com\/index.php\/besin-alerjisi\/\",\"url\":\"https:\/\/bulentsekerel.com\/index.php\/besin-alerjisi\/\",\"name\":\"Besin Alerjisi - Prof. Dr. B\u00fclent Enis \u015eekerel\",\"isPartOf\":{\"@id\":\"https:\/\/bulentsekerel.com\/#website\"},\"datePublished\":\"2017-05-04T08:19:59+00:00\",\"dateModified\":\"2017-05-04T08:19:59+00:00\",\"description\":\"Prof. Dr. B\u00fclent Enis \u015eekerel'in haz\u0131rlad\u0131\u011f\u0131, \\\"Besin Alerjisi\\\" ba\u015fl\u0131kl\u0131 yaz\u0131\",\"breadcrumb\":{\"@id\":\"https:\/\/bulentsekerel.com\/index.php\/besin-alerjisi\/#breadcrumb\"},\"inLanguage\":\"tr\",\"potentialAction\":[{\"@type\":\"ReadAction\",\"target\":[\"https:\/\/bulentsekerel.com\/index.php\/besin-alerjisi\/\"]}]},{\"@type\":\"BreadcrumbList\",\"@id\":\"https:\/\/bulentsekerel.com\/index.php\/besin-alerjisi\/#breadcrumb\",\"itemListElement\":[{\"@type\":\"ListItem\",\"position\":1,\"name\":\"Anasayfa\",\"item\":\"https:\/\/bulentsekerel.com\/\"},{\"@type\":\"ListItem\",\"position\":2,\"name\":\"Besin Alerjisi\"}]},{\"@type\":\"WebSite\",\"@id\":\"https:\/\/bulentsekerel.com\/#website\",\"url\":\"https:\/\/bulentsekerel.com\/\",\"name\":\"Prof. Dr. B\u00fclent Enis \u015eekerel\",\"description\":\"\u00c7ocuk Sa\u011fl\u0131\u011f\u0131 ve Hastal\u0131klar\u0131 &amp; \u00c7ocuk Alerji - Ast\u0131m Uzman\u0131\",\"potentialAction\":[{\"@type\":\"SearchAction\",\"target\":{\"@type\":\"EntryPoint\",\"urlTemplate\":\"https:\/\/bulentsekerel.com\/?s={search_term_string}\"},\"query-input\":\"required name=search_term_string\"}],\"inLanguage\":\"tr\"}]}<\/script>\n<!-- \/ Yoast SEO plugin. -->","yoast_head_json":{"title":"Besin Alerjisi - Prof. Dr. B\u00fclent Enis \u015eekerel","description":"Prof. Dr. B\u00fclent Enis \u015eekerel'in haz\u0131rlad\u0131\u011f\u0131, \"Besin Alerjisi\" ba\u015fl\u0131kl\u0131 yaz\u0131","robots":{"index":"index","follow":"follow","max-snippet":"max-snippet:-1","max-image-preview":"max-image-preview:large","max-video-preview":"max-video-preview:-1"},"canonical":"https:\/\/bulentsekerel.com\/index.php\/besin-alerjisi\/","og_locale":"tr_TR","og_type":"article","og_title":"Besin Alerjisi - Prof. Dr. B\u00fclent Enis \u015eekerel","og_description":"Prof. Dr. B\u00fclent Enis \u015eekerel'in haz\u0131rlad\u0131\u011f\u0131, \"Besin Alerjisi\" ba\u015fl\u0131kl\u0131 yaz\u0131","og_url":"https:\/\/bulentsekerel.com\/index.php\/besin-alerjisi\/","og_site_name":"Prof. Dr. B\u00fclent Enis \u015eekerel","twitter_card":"summary_large_image","twitter_misc":{"Tahmini okuma s\u00fcresi":"9 dakika"},"schema":{"@context":"https:\/\/schema.org","@graph":[{"@type":"WebPage","@id":"https:\/\/bulentsekerel.com\/index.php\/besin-alerjisi\/","url":"https:\/\/bulentsekerel.com\/index.php\/besin-alerjisi\/","name":"Besin Alerjisi - Prof. Dr. B\u00fclent Enis \u015eekerel","isPartOf":{"@id":"https:\/\/bulentsekerel.com\/#website"},"datePublished":"2017-05-04T08:19:59+00:00","dateModified":"2017-05-04T08:19:59+00:00","description":"Prof. Dr. B\u00fclent Enis \u015eekerel'in haz\u0131rlad\u0131\u011f\u0131, \"Besin Alerjisi\" ba\u015fl\u0131kl\u0131 yaz\u0131","breadcrumb":{"@id":"https:\/\/bulentsekerel.com\/index.php\/besin-alerjisi\/#breadcrumb"},"inLanguage":"tr","potentialAction":[{"@type":"ReadAction","target":["https:\/\/bulentsekerel.com\/index.php\/besin-alerjisi\/"]}]},{"@type":"BreadcrumbList","@id":"https:\/\/bulentsekerel.com\/index.php\/besin-alerjisi\/#breadcrumb","itemListElement":[{"@type":"ListItem","position":1,"name":"Anasayfa","item":"https:\/\/bulentsekerel.com\/"},{"@type":"ListItem","position":2,"name":"Besin Alerjisi"}]},{"@type":"WebSite","@id":"https:\/\/bulentsekerel.com\/#website","url":"https:\/\/bulentsekerel.com\/","name":"Prof. Dr. B\u00fclent Enis \u015eekerel","description":"\u00c7ocuk Sa\u011fl\u0131\u011f\u0131 ve Hastal\u0131klar\u0131 &amp; \u00c7ocuk Alerji - Ast\u0131m Uzman\u0131","potentialAction":[{"@type":"SearchAction","target":{"@type":"EntryPoint","urlTemplate":"https:\/\/bulentsekerel.com\/?s={search_term_string}"},"query-input":"required name=search_term_string"}],"inLanguage":"tr"}]}},"_links":{"self":[{"href":"https:\/\/bulentsekerel.com\/index.php\/wp-json\/wp\/v2\/pages\/1392"}],"collection":[{"href":"https:\/\/bulentsekerel.com\/index.php\/wp-json\/wp\/v2\/pages"}],"about":[{"href":"https:\/\/bulentsekerel.com\/index.php\/wp-json\/wp\/v2\/types\/page"}],"author":[{"embeddable":true,"href":"https:\/\/bulentsekerel.com\/index.php\/wp-json\/wp\/v2\/users\/1"}],"replies":[{"embeddable":true,"href":"https:\/\/bulentsekerel.com\/index.php\/wp-json\/wp\/v2\/comments?post=1392"}],"version-history":[{"count":0,"href":"https:\/\/bulentsekerel.com\/index.php\/wp-json\/wp\/v2\/pages\/1392\/revisions"}],"wp:attachment":[{"href":"https:\/\/bulentsekerel.com\/index.php\/wp-json\/wp\/v2\/media?parent=1392"}],"curies":[{"name":"wp","href":"https:\/\/api.w.org\/{rel}","templated":true}]}}