{"id":1385,"date":"2017-05-04T10:44:09","date_gmt":"2017-05-04T07:44:09","guid":{"rendered":"http:\/\/www.bulentsekerel.com\/?page_id=1385"},"modified":"2017-05-04T10:44:09","modified_gmt":"2017-05-04T07:44:09","slug":"alerjik-rinit","status":"publish","type":"page","link":"https:\/\/bulentsekerel.com\/index.php\/alerjik-rinit\/","title":{"rendered":"Alerjik Rinit"},"content":{"rendered":"\n<style type=\"text\/css\" data-created_by=\"avia_inline_auto\" id=\"style-css-av-av_image-b6aff243ca500531bbac61cf59efc59b\">\n.avia-image-container.av-av_image-b6aff243ca500531bbac61cf59efc59b img.avia_image{\nbox-shadow:none;\n}\n.avia-image-container.av-av_image-b6aff243ca500531bbac61cf59efc59b .av-image-caption-overlay-center{\ncolor:#ffffff;\n}\n<\/style>\n<div  class='avia-image-container av-av_image-b6aff243ca500531bbac61cf59efc59b av-styling- avia-align-center  avia-builder-el-0  el_before_av_heading  avia-builder-el-first '   itemprop=\"image\" itemscope=\"itemscope\" itemtype=\"https:\/\/schema.org\/ImageObject\" ><div class=\"avia-image-container-inner\"><div class=\"avia-image-overlay-wrap\"><img decoding=\"async\" class='wp-image- avia-img-lazy-loading-not- avia_image ' src=\"https:\/\/bulentsekerel.com\/wp-content\/uploads\/2017\/05\/IMG_7961-300x200.jpg\" alt='' title=''   itemprop=\"thumbnailUrl\"  \/><\/div><\/div><\/div>\n\n<style type=\"text\/css\" data-created_by=\"avia_inline_auto\" id=\"style-css-av-av_heading-05d35e8915f60f6883e7de00c47ecc96\">\n#top .av-special-heading.av-av_heading-05d35e8915f60f6883e7de00c47ecc96{\npadding-bottom:10px;\n}\nbody .av-special-heading.av-av_heading-05d35e8915f60f6883e7de00c47ecc96 .av-special-heading-tag .heading-char{\nfont-size:25px;\n}\n.av-special-heading.av-av_heading-05d35e8915f60f6883e7de00c47ecc96 .av-subheading{\nfont-size:15px;\n}\n<\/style>\n<div  class='av-special-heading av-av_heading-05d35e8915f60f6883e7de00c47ecc96 av-special-heading-h1  avia-builder-el-1  el_after_av_image  el_before_av_textblock '><h1 class='av-special-heading-tag'  itemprop=\"headline\"  >Alerjik Rinit<\/h1><div class=\"special-heading-border\"><div class=\"special-heading-inner-border\"><\/div><\/div><\/div>\n<section  class='av_textblock_section av-av_textblock-0366cc7376be6c9e82a3e9cc8987b64f'  itemscope=\"itemscope\" itemtype=\"https:\/\/schema.org\/CreativeWork\" ><div class='avia_textblock'  itemprop=\"text\" ><p><strong>Tan\u0131m:<\/strong><strong>\u00a0<\/strong>Bir ya da birden fazla alerjene kar\u015f\u0131 duyarl\u0131l\u0131\u011f\u0131 olan bir kimsede, alerjen ile kar\u015f\u0131la\u015fma halinde burunda ba\u015fl\u0131ca ak\u0131nt\u0131, aks\u0131r\u0131k, ka\u015f\u0131nt\u0131 ve t\u0131kan\u0131kl\u0131k \u015feklinde yak\u0131nmalar\u0131n olu\u015ftu\u011fu hastal\u0131k tablosu alerjik rinit (alerjik nezle) olarak tan\u0131mlan\u0131r. Hastal\u0131\u011f\u0131n isminden de anla\u015f\u0131laca\u011f\u0131 gibi ki\u015finin bir alerjene duyarl\u0131 olmas\u0131 ve bu alerjen ile kar\u015f\u0131la\u015fman\u0131n o ki\u015fide nezle yak\u0131nmalar\u0131 olu\u015fturmas\u0131 gerekir. Burunda ak\u0131nt\u0131, aks\u0131r\u0131k, ka\u015f\u0131nt\u0131 ve t\u0131kanma her t\u00fcrl\u00fc nezle(rinit)\u2019nin bulgusu olabilir. Nezlesi olan bir ki\u015fide alerjik nezle te\u015fhisinin konulabilmesi i\u00e7in hem duyarl\u0131 olunan (alerjik olunan) bir madde (alerjen) g\u00f6sterilmesi hem de duyarl\u0131 olunan alerjenin nezle yak\u0131nmalar\u0131na yol a\u00e7t\u0131\u011f\u0131n\u0131n g\u00f6sterilmesi gerekir.<\/p>\n<p><strong>Ya\u015f grubu:<\/strong><strong>\u00a0<\/strong>Alerji rinit her ya\u015f grubunda en s\u0131k g\u00f6r\u00fclen kronik (m\u00fczmin) hastal\u0131klardan biridir. \u00dclkeden \u00fclkeye de\u011fi\u015fmekle birlikte toplumlarda alerjik nezle g\u00f6r\u00fclme s\u0131kl\u0131\u011f\u0131n\u0131n %10 ile %25 aras\u0131nda de\u011fi\u015fti\u011fi tahmin edilmektedir. Dr \u015eekerel\u2019in Devlet Planlama Te\u015fkilat\u0131 ile birlikte ger\u00e7ekle\u015ftirdi\u011fi ara\u015ft\u0131rmalar \u00fclkemizde her 5 \u00e7ocuktan birinde alerjik nezle oldu\u011funu g\u00f6stermi\u015ftir. Genel olarak bat\u0131 \u00fclkelerinde bu oran do\u011fu \u00fclkelerinden daha y\u00fcksektir.<\/p>\n<p><strong>\u00d6nemi:<\/strong>\u00a0Alerjik nezle burunda neden oldu\u011fu yak\u0131nmalar ile i\u015f ya da okul ba\u015far\u0131s\u0131n\u0131n d\u00fc\u015fmesi, dikkat da\u011f\u0131n\u0131kl\u0131\u011f\u0131, konsantrasyon bozuklu\u011fu, uyku bozukluklar\u0131 gibi yak\u0131nmalar ile ya\u015fam kalitesinde ve performans\u0131nda \u00f6nemli bozulmalara yol a\u00e7ar. Ayr\u0131ca sin\u00fczit, orta kulak iltihab\u0131 ve ast\u0131m hastal\u0131\u011f\u0131n\u0131n k\u00f6t\u00fcle\u015fmesi gibi etkileri de olabilir.<\/p>\n<p><strong>Risk fakt\u00f6rleri: <\/strong>T\u00fcm alerjik hastal\u0131klarda oldu\u011fu gibi alerjik nezlenin geli\u015fmesindeki en b\u00fcy\u00fck risk fakt\u00f6r\u00fc o ki\u015finin ailesinde alerjik hastal\u0131klar\u0131n olmas\u0131 yani ki\u015finin alerjik bir b\u00fcnyesinin olmas\u0131d\u0131r. Ancak \u00f6zellikle tek yumurta ikizlerinden(genetik materyali ayn\u0131 olan iki ki\u015fi) birinde alerjik nezle saptan\u0131rken di\u011ferinde olmamas\u0131 bilinen bir durumdur. Bu durum alerjik hastal\u0131klar\u0131n geli\u015fmesinde yaln\u0131z genetik fakt\u00f6rlerin rol\u00fc olmad\u0131\u011f\u0131n\u0131n en b\u00fcy\u00fck kan\u0131t\u0131d\u0131r. Nitekim son 20 y\u0131lda, \u00f6zellikle bat\u0131 \u00fclkelerinde, alerjik hastal\u0131klar\u0131n iki kata varan oranlarda artm\u0131\u015f olmas\u0131, \u00e7evresel fakt\u00f6rlerinde rol\u00fc oldu\u011funu d\u00fc\u015f\u00fcnd\u00fcrmektedir. Ancak bug\u00fcne kadar \u00e7evremizdeki binlerce fakt\u00f6rden hangisinin veya hangilerinin buna neden oldu\u011fu hen\u00fcz g\u00f6sterilememi\u015ftir. Sigara, egzoz duman\u0131, hava kirlili\u011fi, giderek daha hijyenik ortamlarda ya\u015famam\u0131z\u0131n rol\u00fc olabilece\u011fine y\u00f6nelik kan\u0131tlara ula\u015f\u0131lm\u0131\u015ft\u0131r.<\/p>\n<p><strong>Olu\u015fum mekanizmas\u0131:<\/strong><strong>\u00a0<\/strong>Organizmam\u0131z\u0131n (v\u00fccudumuzun) hem d\u0131\u015f (bakteri, vir\u00fcs, parazit) hem de i\u00e7 (kanser gibi) d\u00fc\u015fmanlara kar\u015f\u0131 korunmas\u0131 ba\u011f\u0131\u015f\u0131kl\u0131k sistemi denen bir sistem ile sa\u011flanmaktad\u0131r. Bu sistem tepkilerini aralar\u0131nda kompleks ili\u015fkiler olan h\u00fccre ve molek\u00fcller arac\u0131l\u0131\u011f\u0131 ile verir. Ba\u011f\u0131\u015f\u0131kl\u0131k sistemi organizmam\u0131z i\u00e7in zararl\u0131 olan bir etken ile kar\u015f\u0131la\u015ft\u0131\u011f\u0131nda, ona kar\u015f\u0131 g\u00fc\u00e7l\u00fc tepkiler \u00fcretir ve onu ortadan kald\u0131rarak bize zararl\u0131 olmas\u0131n\u0131 engeller. Organizmam\u0131z, zararl\u0131 olmayan yabanc\u0131 bir etken ile kar\u015f\u0131la\u015ft\u0131\u011f\u0131nda ise daha \u00f6l\u00e7\u00fcl\u00fc tepkiler verir. \u00c7\u00fcnk\u00fc ba\u011f\u0131\u015f\u0131kl\u0131k sisteminin verdi\u011fi g\u00fc\u00e7l\u00fc tepkiler genelde v\u00fccudumuz i\u00e7in rahats\u0131z verici nitelikte durumlara yol a\u00e7ar. Bunlar v\u00fccut s\u0131cakl\u0131\u011f\u0131n\u0131n y\u00fckselmesi ve k\u0131rg\u0131nl\u0131k gibi genel belirtiler veya tepkinin verildi\u011fi organa ait yak\u0131nmalar \u015feklinde kendini g\u00f6sterir. Bu kapsamda alerji, v\u00fccudumuza solunum, mide-barsak veya deri temas\u0131 ile giren baz\u0131 yabanc\u0131 maddelere kar\u015f\u0131 gere\u011finden fazla a\u015f\u0131r\u0131 tepkiler vermesi olarak tan\u0131mlan\u0131r. Bir di\u011fer ifadeyle, genel kan\u0131n\u0131n aksine alerji, ba\u011f\u0131\u015f\u0131kl\u0131k sistemindeki bir eksiklikten de\u011fil, aksine zararl\u0131 olmayan bir yabanc\u0131 maddeye kar\u015f\u0131 a\u015f\u0131r\u0131 bir tepki verilmesinden ileri gelir.<br \/>\n<strong>Nedenler:<\/strong><strong>\u00a0<\/strong>Alerjik nezleden en s\u0131k sorumlu olan alerjenler pollenler, ev tozu akar\u0131 ve hayvanlard\u0131r. Bunlar\u0131n yan\u0131s\u0131ra baz\u0131 mantarlar, hamam b\u00f6ce\u011fi ve nadiren de g\u0131dalar alerjik nezleden sorumlu olabilir. \u00dclkemizde en s\u0131k alerjik nezle nedeni pollen alerjisidir ve pollenlerden de en s\u0131k alerji g\u00f6r\u00fcleni ise \u00e7ay\u0131r pollenleri yani \u00e7im pollenidir. \u00c7ay\u0131r polleni ilkbahar ba\u015f\u0131ndan sonbahar sonuna kadar havada bulunabilirse de yak\u0131nmalar\u0131n en s\u0131k g\u00f6r\u00fcld\u00fc\u011f\u00fc d\u00f6nem havada pollen konsantrasyonun en y\u00fcksek oldu\u011fu yaz ba\u015f\u0131d\u0131r (nisan-may\u0131s-haziran aylar\u0131). Akar ise ev tozu i\u00e7inde ya\u015fayan ve g\u00f6zle g\u00f6r\u00fclemeyecek derecede k\u00fc\u00e7\u00fck olan bir b\u00f6cektir ve \u00f6zellikle de tekstil \u00fcr\u00fcnlerin \u00fczerinde bulunur. Rutubetli ve \u0131l\u0131man iklim ya\u015famas\u0131 i\u00e7in en uygun ortam\u0131 sa\u011flar. Ku\u015f t\u00fcy\u00fc ve y\u00fcn yatak yorganlar en s\u0131k bulundu\u011fu yerlerdir. Hayvanlardan ise en s\u0131k alerji yapt\u0131\u011f\u0131 bilinen kedidir.<br \/>\n<strong>Tedavi:<\/strong><strong>\u00a0<\/strong>Mevcut tedaviler hastal\u0131\u011f\u0131 kontrol alt\u0131nda tutarak hasta ki\u015finin sa\u011fl\u0131kl\u0131 ki\u015filer kadar kaliteli ya\u015fam s\u00fcrmesine olanak sa\u011flar. Ancak alerjik nezleyi k\u00fcr eden (tamamen ortadan kald\u0131ran) bir tedavi \u015fekli hen\u00fcz mevcut de\u011fildir. \u00a0Allejik nezle tedavisi kabaca \u00fc\u00e7 a\u015famada incelenebilir. \u0130lk a\u015fama t\u00fcm alerjik hastal\u0131klarda oldu\u011fu gibi alerjenden sak\u0131nmad\u0131r. Hastan\u0131n ilk a\u015famada hangi maddeye kar\u015f\u0131 alerjisi varsa o maddeden nas\u0131l ka\u00e7\u0131naca\u011f\u0131n\u0131 \u00f6\u011frenmesi ve o \u00f6nlemleri almas\u0131 gerekir. Alerjenden sak\u0131nma yak\u0131nmalar\u0131n olu\u015fmas\u0131n\u0131 b\u00fcy\u00fck oranda kontrol edebilirse de her zaman bunu ba\u015farmak m\u00fcmk\u00fcn de\u011fildir. Bu takdirde yak\u0131nmalar\u0131n d\u00fczenli veya gerektik\u00e7e kullan\u0131lan de\u011fi\u015fik ila\u00e7lar ile kontrol alt\u0131nda al\u0131nmas\u0131 gerekir. Hekimler hastal\u0131\u011f\u0131n \u015fiddeti, hasta ya\u015f\u0131, kolay kullan\u0131labilirli\u011fi ve maliyet gibi fakt\u00f6rlerin g\u00f6z \u00f6n\u00fcnde tutarak her hasta i\u00e7in \u00f6zg\u00fcn tedaviler \u00f6nerirler. Hem alerjenden sak\u0131nma hem de ila\u00e7 tedavilerini \u00f6nerilen \u015fekilde uygulamas\u0131 ile hastalar\u0131n b\u00fcy\u00fck \u00e7o\u011funlu\u011funda yak\u0131nmalar giderilebilir ve hastan\u0131n ya\u015fam kalitesi artt\u0131r\u0131labilir. \u0130lk iki a\u015fama tedavileri uygulamas\u0131na kar\u015f\u0131n yeterli yarar\u0131 g\u00f6rmeyen k\u00fc\u00e7\u00fck bir hasta grubunda ise, hastalar\u0131n \u00e7o\u011funlukla \u201ca\u015f\u0131\u201d olarak and\u0131klar\u0131, imm\u00fcnoterapi tedavisi uygulanabilir. \u0130mm\u00fcnoterapi tedavisinde hastaya duyarl\u0131 oldu\u011fu alerjen giderek artan dozlarda verilerek ba\u011f\u0131\u015f\u0131kl\u0131k sisteminde verilen tepkilerin azalt\u0131lmas\u0131 ama\u00e7lan\u0131r. Bu tedavi bi\u00e7imi genelde hastal\u0131k kontrol\u00fcni artt\u0131rsa bile k\u00fcr edemez (ortadan kald\u0131ramaz). \u0130mm\u00fcnoterapi yap\u0131lma karar\u0131 ve nas\u0131l yap\u0131laca\u011f\u0131 konu hakk\u0131nda uzmanl\u0131k(ihtisas) e\u011fitimi alm\u0131\u015f alerjistler taraf\u0131ndan verilmelidir.<br \/>\n<strong>Do\u011fal Seyir:<\/strong><strong>\u00a0<\/strong>Alerjik nezleli ki\u015filerde daha s\u0131k oranlarda ast\u0131m ve atopik dermatit (alerjik egzema) g\u00f6r\u00fcl\u00fcr. Bu sebeple alerjik rinitli her hastan\u0131n ast\u0131m geli\u015fimi y\u00f6n\u00fcnden dikkatle izlenmesi gerekir. Son zamanlarda baz\u0131 tedavilerin ast\u0131m geli\u015fimini \u00f6nleme potansiyeli hakk\u0131nda cesaret verici sonu\u00e7lara ula\u015f\u0131lm\u0131\u015ft\u0131r. Ancak bu veriler ast\u0131m geli\u015fiminin engellenebilece\u011fini s\u00f6ylemek i\u00e7in hen\u00fcz yetersizdir. Bu sebeplerle son y\u0131llarda, tek tek her alerjik hastal\u0131\u011f\u0131n ayr\u0131 bir hekim taraf\u0131ndan tedavisi yerine, t\u00fcm alerjik hastal\u0131klar\u0131n tek bir alerji uzman\u0131 taraf\u0131ndan tedavisi tercih edilmektedir. Nitekim, Hacettepe \u00dcniversitesindeki ast\u0131ml\u0131 \u00e7ocuklar\u0131n irdelendi\u011fi bir \u00e7al\u0131\u015fmada Dr. B\u00fclent \u015eekerel ve arkada\u015flar\u0131 100 ast\u0131ml\u0131 \u00e7ocuktan 70inde alerjik nezle belirtilerinin bulundu\u011funu ortaya koymu\u015ftur.<\/p>\n<p><em>Dikkat: Bu yaz\u0131 Dr B\u00fclent \u015eekerel taraf\u0131ndan haz\u0131rlanm\u0131\u015f olup kaynak g\u00f6sterilmeden kullan\u0131lamaz.<\/em><\/p>\n<\/div><\/section>\n","protected":false},"excerpt":{"rendered":"","protected":false},"author":1,"featured_media":0,"parent":0,"menu_order":0,"comment_status":"closed","ping_status":"closed","template":"","meta":[],"yoast_head":"<!-- This site is optimized with the Yoast SEO plugin v20.1 - https:\/\/yoast.com\/wordpress\/plugins\/seo\/ -->\n<title>Alerjik Rinit - Prof. Dr. B\u00fclent Enis \u015eekerel<\/title>\n<meta name=\"description\" content=\"Prof. Dr. B\u00fclent Enis \u015eekerel&#039;in haz\u0131rlad\u0131\u011f\u0131, &quot;Alerjik Rinit&quot; ba\u015fl\u0131kl\u0131 faydal\u0131 yaz\u0131ya buradan ula\u015fabilirsiniz.\" \/>\n<meta name=\"robots\" content=\"index, follow, max-snippet:-1, max-image-preview:large, max-video-preview:-1\" \/>\n<link rel=\"canonical\" href=\"https:\/\/bulentsekerel.com\/index.php\/alerjik-rinit\/\" \/>\n<meta property=\"og:locale\" content=\"tr_TR\" \/>\n<meta property=\"og:type\" content=\"article\" \/>\n<meta property=\"og:title\" content=\"Alerjik Rinit - Prof. Dr. B\u00fclent Enis \u015eekerel\" \/>\n<meta property=\"og:description\" content=\"Prof. Dr. B\u00fclent Enis \u015eekerel&#039;in haz\u0131rlad\u0131\u011f\u0131, &quot;Alerjik Rinit&quot; ba\u015fl\u0131kl\u0131 faydal\u0131 yaz\u0131ya buradan ula\u015fabilirsiniz.\" \/>\n<meta property=\"og:url\" content=\"https:\/\/bulentsekerel.com\/index.php\/alerjik-rinit\/\" \/>\n<meta property=\"og:site_name\" content=\"Prof. Dr. B\u00fclent Enis \u015eekerel\" \/>\n<meta name=\"twitter:card\" content=\"summary_large_image\" \/>\n<meta name=\"twitter:label1\" content=\"Tahmini okuma s\u00fcresi\" \/>\n\t<meta name=\"twitter:data1\" content=\"7 dakika\" \/>\n<script type=\"application\/ld+json\" class=\"yoast-schema-graph\">{\"@context\":\"https:\/\/schema.org\",\"@graph\":[{\"@type\":\"WebPage\",\"@id\":\"https:\/\/bulentsekerel.com\/index.php\/alerjik-rinit\/\",\"url\":\"https:\/\/bulentsekerel.com\/index.php\/alerjik-rinit\/\",\"name\":\"Alerjik Rinit - Prof. Dr. B\u00fclent Enis \u015eekerel\",\"isPartOf\":{\"@id\":\"https:\/\/bulentsekerel.com\/#website\"},\"datePublished\":\"2017-05-04T07:44:09+00:00\",\"dateModified\":\"2017-05-04T07:44:09+00:00\",\"description\":\"Prof. Dr. B\u00fclent Enis \u015eekerel'in haz\u0131rlad\u0131\u011f\u0131, \\\"Alerjik Rinit\\\" ba\u015fl\u0131kl\u0131 faydal\u0131 yaz\u0131ya buradan ula\u015fabilirsiniz.\",\"breadcrumb\":{\"@id\":\"https:\/\/bulentsekerel.com\/index.php\/alerjik-rinit\/#breadcrumb\"},\"inLanguage\":\"tr\",\"potentialAction\":[{\"@type\":\"ReadAction\",\"target\":[\"https:\/\/bulentsekerel.com\/index.php\/alerjik-rinit\/\"]}]},{\"@type\":\"BreadcrumbList\",\"@id\":\"https:\/\/bulentsekerel.com\/index.php\/alerjik-rinit\/#breadcrumb\",\"itemListElement\":[{\"@type\":\"ListItem\",\"position\":1,\"name\":\"Anasayfa\",\"item\":\"https:\/\/bulentsekerel.com\/\"},{\"@type\":\"ListItem\",\"position\":2,\"name\":\"Alerjik Rinit\"}]},{\"@type\":\"WebSite\",\"@id\":\"https:\/\/bulentsekerel.com\/#website\",\"url\":\"https:\/\/bulentsekerel.com\/\",\"name\":\"Prof. Dr. B\u00fclent Enis \u015eekerel\",\"description\":\"\u00c7ocuk Sa\u011fl\u0131\u011f\u0131 ve Hastal\u0131klar\u0131 &amp; \u00c7ocuk Alerji - Ast\u0131m Uzman\u0131\",\"potentialAction\":[{\"@type\":\"SearchAction\",\"target\":{\"@type\":\"EntryPoint\",\"urlTemplate\":\"https:\/\/bulentsekerel.com\/?s={search_term_string}\"},\"query-input\":\"required name=search_term_string\"}],\"inLanguage\":\"tr\"}]}<\/script>\n<!-- \/ Yoast SEO plugin. -->","yoast_head_json":{"title":"Alerjik Rinit - Prof. Dr. B\u00fclent Enis \u015eekerel","description":"Prof. Dr. B\u00fclent Enis \u015eekerel'in haz\u0131rlad\u0131\u011f\u0131, \"Alerjik Rinit\" ba\u015fl\u0131kl\u0131 faydal\u0131 yaz\u0131ya buradan ula\u015fabilirsiniz.","robots":{"index":"index","follow":"follow","max-snippet":"max-snippet:-1","max-image-preview":"max-image-preview:large","max-video-preview":"max-video-preview:-1"},"canonical":"https:\/\/bulentsekerel.com\/index.php\/alerjik-rinit\/","og_locale":"tr_TR","og_type":"article","og_title":"Alerjik Rinit - Prof. Dr. B\u00fclent Enis \u015eekerel","og_description":"Prof. Dr. B\u00fclent Enis \u015eekerel'in haz\u0131rlad\u0131\u011f\u0131, \"Alerjik Rinit\" ba\u015fl\u0131kl\u0131 faydal\u0131 yaz\u0131ya buradan ula\u015fabilirsiniz.","og_url":"https:\/\/bulentsekerel.com\/index.php\/alerjik-rinit\/","og_site_name":"Prof. Dr. B\u00fclent Enis \u015eekerel","twitter_card":"summary_large_image","twitter_misc":{"Tahmini okuma s\u00fcresi":"7 dakika"},"schema":{"@context":"https:\/\/schema.org","@graph":[{"@type":"WebPage","@id":"https:\/\/bulentsekerel.com\/index.php\/alerjik-rinit\/","url":"https:\/\/bulentsekerel.com\/index.php\/alerjik-rinit\/","name":"Alerjik Rinit - Prof. Dr. B\u00fclent Enis \u015eekerel","isPartOf":{"@id":"https:\/\/bulentsekerel.com\/#website"},"datePublished":"2017-05-04T07:44:09+00:00","dateModified":"2017-05-04T07:44:09+00:00","description":"Prof. Dr. B\u00fclent Enis \u015eekerel'in haz\u0131rlad\u0131\u011f\u0131, \"Alerjik Rinit\" ba\u015fl\u0131kl\u0131 faydal\u0131 yaz\u0131ya buradan ula\u015fabilirsiniz.","breadcrumb":{"@id":"https:\/\/bulentsekerel.com\/index.php\/alerjik-rinit\/#breadcrumb"},"inLanguage":"tr","potentialAction":[{"@type":"ReadAction","target":["https:\/\/bulentsekerel.com\/index.php\/alerjik-rinit\/"]}]},{"@type":"BreadcrumbList","@id":"https:\/\/bulentsekerel.com\/index.php\/alerjik-rinit\/#breadcrumb","itemListElement":[{"@type":"ListItem","position":1,"name":"Anasayfa","item":"https:\/\/bulentsekerel.com\/"},{"@type":"ListItem","position":2,"name":"Alerjik Rinit"}]},{"@type":"WebSite","@id":"https:\/\/bulentsekerel.com\/#website","url":"https:\/\/bulentsekerel.com\/","name":"Prof. Dr. B\u00fclent Enis \u015eekerel","description":"\u00c7ocuk Sa\u011fl\u0131\u011f\u0131 ve Hastal\u0131klar\u0131 &amp; \u00c7ocuk Alerji - Ast\u0131m Uzman\u0131","potentialAction":[{"@type":"SearchAction","target":{"@type":"EntryPoint","urlTemplate":"https:\/\/bulentsekerel.com\/?s={search_term_string}"},"query-input":"required name=search_term_string"}],"inLanguage":"tr"}]}},"_links":{"self":[{"href":"https:\/\/bulentsekerel.com\/index.php\/wp-json\/wp\/v2\/pages\/1385"}],"collection":[{"href":"https:\/\/bulentsekerel.com\/index.php\/wp-json\/wp\/v2\/pages"}],"about":[{"href":"https:\/\/bulentsekerel.com\/index.php\/wp-json\/wp\/v2\/types\/page"}],"author":[{"embeddable":true,"href":"https:\/\/bulentsekerel.com\/index.php\/wp-json\/wp\/v2\/users\/1"}],"replies":[{"embeddable":true,"href":"https:\/\/bulentsekerel.com\/index.php\/wp-json\/wp\/v2\/comments?post=1385"}],"version-history":[{"count":0,"href":"https:\/\/bulentsekerel.com\/index.php\/wp-json\/wp\/v2\/pages\/1385\/revisions"}],"wp:attachment":[{"href":"https:\/\/bulentsekerel.com\/index.php\/wp-json\/wp\/v2\/media?parent=1385"}],"curies":[{"name":"wp","href":"https:\/\/api.w.org\/{rel}","templated":true}]}}