{"id":1370,"date":"2017-05-04T10:19:04","date_gmt":"2017-05-04T07:19:04","guid":{"rendered":"http:\/\/www.bulentsekerel.com\/?page_id=1370"},"modified":"2017-05-04T10:19:04","modified_gmt":"2017-05-04T07:19:04","slug":"alerji-testleri","status":"publish","type":"page","link":"https:\/\/bulentsekerel.com\/index.php\/alerji-testleri\/","title":{"rendered":"Alerji Testleri"},"content":{"rendered":"\n<style type=\"text\/css\" data-created_by=\"avia_inline_auto\" id=\"style-css-av-av_image-9e5bdacc7754163590b8983318666cc8\">\n.avia-image-container.av-av_image-9e5bdacc7754163590b8983318666cc8 img.avia_image{\nbox-shadow:none;\n}\n.avia-image-container.av-av_image-9e5bdacc7754163590b8983318666cc8 .av-image-caption-overlay-center{\ncolor:#ffffff;\n}\n<\/style>\n<div  class='avia-image-container av-av_image-9e5bdacc7754163590b8983318666cc8 av-styling- avia-align-center  avia-builder-el-0  el_before_av_heading  avia-builder-el-first '   itemprop=\"image\" itemscope=\"itemscope\" itemtype=\"https:\/\/schema.org\/ImageObject\" ><div class=\"avia-image-container-inner\"><div class=\"avia-image-overlay-wrap\"><img decoding=\"async\" class='wp-image-1371 avia-img-lazy-loading-not-1371 avia_image ' src=\"https:\/\/bulentsekerel.com\/wp-content\/uploads\/2017\/05\/stock_boraucak_1772-300x200.jpg\" alt='alerji testleri' title='alerji testleri'  height=\"200\" width=\"300\"  itemprop=\"thumbnailUrl\" srcset=\"https:\/\/bulentsekerel.com\/wp-content\/uploads\/2017\/05\/stock_boraucak_1772-300x200.jpg 300w, https:\/\/bulentsekerel.com\/wp-content\/uploads\/2017\/05\/stock_boraucak_1772-768x512.jpg 768w, https:\/\/bulentsekerel.com\/wp-content\/uploads\/2017\/05\/stock_boraucak_1772-1030x687.jpg 1030w, https:\/\/bulentsekerel.com\/wp-content\/uploads\/2017\/05\/stock_boraucak_1772-1500x1000.jpg 1500w, https:\/\/bulentsekerel.com\/wp-content\/uploads\/2017\/05\/stock_boraucak_1772-705x470.jpg 705w, https:\/\/bulentsekerel.com\/wp-content\/uploads\/2017\/05\/stock_boraucak_1772-450x300.jpg 450w\" sizes=\"(max-width: 300px) 100vw, 300px\" \/><\/div><\/div><\/div>\n\n<style type=\"text\/css\" data-created_by=\"avia_inline_auto\" id=\"style-css-av-av_heading-1b02d0107a14bba81b9d0d8b80ba481c\">\n#top .av-special-heading.av-av_heading-1b02d0107a14bba81b9d0d8b80ba481c{\npadding-bottom:10px;\n}\nbody .av-special-heading.av-av_heading-1b02d0107a14bba81b9d0d8b80ba481c .av-special-heading-tag .heading-char{\nfont-size:25px;\n}\n.av-special-heading.av-av_heading-1b02d0107a14bba81b9d0d8b80ba481c .av-subheading{\nfont-size:15px;\n}\n<\/style>\n<div  class='av-special-heading av-av_heading-1b02d0107a14bba81b9d0d8b80ba481c av-special-heading-h1  avia-builder-el-1  el_after_av_image  el_before_av_textblock '><h1 class='av-special-heading-tag'  itemprop=\"headline\"  >Alerji Testleri<\/h1><div class=\"special-heading-border\"><div class=\"special-heading-inner-border\"><\/div><\/div><\/div>\n<section  class='av_textblock_section av-av_textblock-0366cc7376be6c9e82a3e9cc8987b64f'  itemscope=\"itemscope\" itemtype=\"https:\/\/schema.org\/CreativeWork\" ><div class='avia_textblock'  itemprop=\"text\" ><p><strong>Alerji nedir?<\/strong><\/p>\n<p>Ba\u011f\u0131\u015f\u0131kl\u0131k sistemimiz, v\u00fccudumuzun b\u00fct\u00fcnl\u00fc\u011f\u00fcn\u00fc korumakla g\u00f6revli bir sistemdir. Bu sistemde, aralar\u0131nda kompleks ili\u015fkiler olan, de\u011fi\u015fik h\u00fccre ve molek\u00fcller bulunur. Basit\u00e7e anlatmak gerekirse ba\u011f\u0131\u015f\u0131kl\u0131k sitemimiz mikrop gibi zararl\u0131 olan bir etken ile kar\u015f\u0131la\u015ft\u0131\u011f\u0131nda onu ortadan kald\u0131rmaya veya verdi\u011fi zarar\u0131 s\u0131n\u0131rland\u0131rmaya y\u00f6nelik tepkiler \u00fcretir. Yabanc\u0131 olmas\u0131na kar\u015f\u0131n v\u00fccudumuz i\u00e7in zarars\u0131z bir madde ile kar\u015f\u0131la\u015ft\u0131\u011f\u0131nda ise ya tepkisiz kal\u0131r ya da \u00f6l\u00e7\u00fcl\u00fc tepkiler verir (tolere eder). Bu kapsamda ALERJ\u0130, zararl\u0131 olmayan bir maddeye kar\u015f\u0131 ba\u011f\u0131\u015f\u0131kl\u0131k sistemimizin beklenenden daha g\u00fc\u00e7l\u00fc tepki vermesi durumudur.\u00a0 Bu tepki v\u00fccudumuz i\u00e7in rahats\u0131zl\u0131k vericidir ve ki\u015finin ya\u015fam kalitesini bozar.<\/p>\n<p><strong>Ne zaman alerji oldu\u011fumuzu d\u00fc\u015f\u00fcnmeliyiz?<\/strong><\/p>\n<p>Ba\u011f\u0131\u015f\u0131kl\u0131k sisteminin elemanlar\u0131 v\u00fccudumuzun hemen her yerinde bulunur. Ama \u00f6zellikle de d\u0131\u015f ortama a\u00e7\u0131lan alanlarda daha yo\u011fundurlar. Alerjen ile temas hangi yerde veya hangi organda olursa o b\u00f6lgeye ait yak\u0131nmalar\u0131n daha fazla g\u00f6r\u00fclmesi beklenir. \u00d6rne\u011fin alerjen cilde temas ederse ka\u015f\u0131nma-k\u0131zar\u0131kl\u0131k, burundan girerse aks\u0131r\u0131k-ak\u0131nt\u0131, solunursa akci\u011ferde \u00f6ks\u00fcr\u00fck-nefes darl\u0131\u011f\u0131 ve a\u011f\u0131zdan al\u0131n\u0131rsa bulant\u0131-kusma \u015feklinde yak\u0131nmalara neden olabilir. Tabii bu yak\u0131nmalar, burada sayd\u0131klar\u0131mdan \u00e7ok daha da \u00e7e\u015fitlidir ve a\u011f\u0131rl\u0131klar\u0131 da alerjinin \u015fiddeti ve temas edilen miktar ile orant\u0131l\u0131 olarak artabilir. Bir birey olarak v\u00fccudumuzun bir maddeye ola\u011fand\u0131\u015f\u0131 \u015fiddette bir tepki verdi\u011fini g\u00f6zlemliyorsak alerji olas\u0131l\u0131\u011f\u0131n\u0131 akla getirmemiz gerekir. Ama alerjen ile temas sonras\u0131 yak\u0131nmalar\u0131n daha ge\u00e7 bir d\u00f6nemde ortaya \u00e7\u0131kt\u0131\u011f\u0131 hastal\u0131klarda alerjiyi akla getirmek kolay olmayabilir.<\/p>\n<p>G\u00fcn\u00fcm\u00fczde alerjinin sadece belli bir organa y\u00f6nelik durum olarak alg\u0131lanmas\u0131 terk edilmi\u015f ve bug\u00fcn &#8220;Alerji&#8221; t\u00fcm v\u00fccudumuzu ilgilendiren ama baz\u0131 organlarda daha yo\u011fun yak\u0131nmaya neden olan tablo olarak tan\u0131mlanmaktad\u0131r. Klasik hastal\u0131klar ile izah edilemeyen yak\u0131nmalar varl\u0131\u011f\u0131nda alerji d\u00fc\u015f\u00fcn\u00fclmesi de yayg\u0131n g\u00f6r\u00fclen bir hekim refleksidir.<\/p>\n<p><strong>Alerjinin tespiti i\u00e7in ne gibi testler yap\u0131l\u0131yor?<\/strong><\/p>\n<p>Ba\u011f\u0131\u015f\u0131kl\u0131k sistemi tepkilerini farkl\u0131 \u015fekillerde verir, yani tepkisini farkl\u0131 mekanizmalar \u00fczerinden ger\u00e7ekle\u015ftirir. Tepki verirken \u015fiddetini de etkenin zarar verme potansiyeline g\u00f6re artt\u0131r\u0131p azaltabilir. Alerjik reaksiyonlar, ba\u011f\u0131\u015f\u0131kl\u0131k sisteminin bu farkl\u0131 mekanizmalar\u0131ndan herhangi birinden ileri gelebilir. Bu nedenle alerjiyi ortaya koyan alt\u0131n de\u011ferinde tek bir test yoktur. Kanda alerjene kar\u015f\u0131 geli\u015fmi\u015f IgE yap\u0131s\u0131ndaki antikorlar\u0131n \u00f6l\u00e7\u00fcm\u00fc, alerjene deride verilen yan\u0131t\u0131 \u00f6l\u00e7en <em>deri testi<\/em> ve <em>deri yama testi<\/em> s\u0131k kullan\u0131lan ve te\u015fhis de\u011feri kan\u0131tlanm\u0131\u015f testlerdir. Ancak az \u00f6nce sayd\u0131\u011f\u0131m de\u011ferli testler kadar g\u00fcvenilir olmayan ve te\u015fhis\/tedaviye ne kadar yard\u0131mc\u0131 olduklar\u0131 tart\u0131\u015fmal\u0131 ba\u015fka testlerde vard\u0131r. \u00d6rnek vermek gerekirse hastan\u0131n kan\u0131ndan elde edilen h\u00fccrelerin bir t\u00fcp i\u00e7inde alerjen ile kar\u015f\u0131la\u015ft\u0131r\u0131lmas\u0131na ve h\u00fccrenin verdi\u011fi yan\u0131t\u0131 \u00f6l\u00e7meye dayanan ileri testlerde vard\u0131r, ama hen\u00fcz rutin g\u00fcnl\u00fck kullan\u0131ma uygun olmad\u0131klar\u0131 d\u00fc\u015f\u00fcn\u00fclmektedir.<\/p>\n<p>Yak\u0131nmalar\u0131n alerjen ile kar\u015f\u0131la\u015fmadan ne kadar sonra ortaya \u00e7\u0131kt\u0131\u011f\u0131, s\u00fcresi, neden oldu\u011fu yak\u0131nmalar\u0131n \u015fekli ve boyutu hekime hangi mekanizman\u0131n sorumlu oldu\u011funa y\u00f6nelik de\u011ferli ipu\u00e7lar\u0131 verir. Bu ipu\u00e7lar\u0131ndan yararlanarak hekim; uygun testin se\u00e7imi \u00fczerinden alerji varl\u0131\u011f\u0131n\u0131 kan\u0131tlanmaya \u00e7al\u0131\u015f\u0131r. Testlerin sonucu ne olursa olsun, alerjenin uzakla\u015ft\u0131r\u0131lmas\u0131n\u0131n (eliminasyon) yak\u0131nmalar\u0131n kaybolmas\u0131 ile sonu\u00e7lanmas\u0131 beklenmelidir.<\/p>\n<p>Tan\u0131 koyduracak uygun testlerin olmad\u0131\u011f\u0131 alerjilerde hastan\u0131n eliminasyondan yarar g\u00f6rmesi ve alerjen temas\u0131 ile yak\u0131nmalar\u0131n\u0131n tekrardan ortaya \u00e7\u0131kmas\u0131 \u015feklinde bir yakla\u015f\u0131mda bulunulabilir.\u00a0 Veya hekim g\u00f6zetiminde hastay\u0131 alerjen ile kar\u015f\u0131la\u015ft\u0131rma uygulamas\u0131ndan yararlanabiliriz. Bu uygulamada hastay\u0131 giderek artan dozlarda \u015f\u00fcphelenilen alerjene maruz b\u0131rak\u0131p v\u00fccudun verdi\u011fi tepkileri yak\u0131ndan takip ediyor ve alerjik tepkinin ger\u00e7ekle\u015fip ger\u00e7ekle\u015fmedi\u011fine karar veriyoruz. B\u00f6ylece hastalar\u0131m\u0131z\u0131n hayatlar\u0131n\u0131 bir kabusa \u00e7eviren gereksiz k\u0131s\u0131tlamalar\u0131 azaltabiliyor ve sorunlar\u0131n ger\u00e7ek nedenini bularak, hayat kalitesini art\u0131rabiliyoruz. Ancak bu kar\u015f\u0131la\u015ft\u0131rma testleri, sahip olduklar\u0131 riskler nedeniyle, yetkin, \u00f6zelle\u015fmi\u015f, deneyimli ve donan\u0131ml\u0131 merkezlerde yap\u0131lmas\u0131 gerekiyor.<\/p>\n<p><strong>Pinner ve York testleri nedir? Bu testler g\u00fcvenilir midir?<\/strong><\/p>\n<p>G\u00fcn\u00fcm\u00fczde olduk\u00e7a medyatik olan testlerden s\u00f6z ediyorsunuz. Pop\u00fclerliklerinin aksine te\u015fhis ve tedaviye katk\u0131lar\u0131 bilimsel olarak ispat edilmemi\u015f testlerdir bunlar. Bunlardan biri ilk piyasaya \u00e7\u0131kt\u0131\u011f\u0131nda &#8220;besin alerjisini saptad\u0131\u011f\u0131&#8221; iddias\u0131 ile \u00e7\u0131km\u0131\u015ft\u0131. Nitekim bilimsel \u00e7evrelerden gelen tepkiler ve insanlar\u0131 &#8220;\u015fu besine alerjin var&#8221; \u015feklinde etiketleme ile olu\u015fturduklar\u0131 riskler nedeniyle geri ad\u0131m att\u0131ld\u0131 ve &#8220;alerji&#8221; ifadesi kullan\u0131lmamaya ba\u015fland\u0131. \u015euanda bu testler ile &#8220;besin intolerans&#8221;\u0131n\u0131 saptad\u0131\u011f\u0131 iddia ediliyor ki intolerans terimi t\u0131p biliminde fazla anla\u015f\u0131lmam\u0131\u015f mu\u011flak\/bilinmez bir alan\u0131 tan\u0131ml\u0131yor.<\/p>\n<p>Bu testlerde kanda besinlere kar\u015f\u0131 geli\u015fen IgG yap\u0131s\u0131ndaki antikorlar \u00f6l\u00e7\u00fcl\u00fcyor. Oysa ba\u011f\u0131\u015f\u0131kl\u0131k sistemimiz kendisi i\u00e7in zarars\u0131z bir madde ile kar\u015f\u0131la\u015ft\u0131\u011f\u0131nda onu tolere etmeyi (bir oranda tepkisiz kalmay\u0131) \u00f6\u011frenmektedir. G\u00fcn\u00fcm\u00fczdeki bilimsel g\u00f6r\u00fc\u015fe g\u00f6re; IgG yap\u0131s\u0131nda antikor \u00fcretiminin bu tolere etme mekanizmalar\u0131ndan biri olabildi\u011fine inan\u0131lmaktad\u0131r. Yani kanda belli bir besine kar\u015f\u0131 IgG antikoru varl\u0131\u011f\u0131 ba\u011f\u0131\u015f\u0131kl\u0131k sisteminin bu besinle kar\u015f\u0131la\u015ft\u0131\u011f\u0131n\u0131 g\u00f6steren bir tepkidir,yoksa alerji veya intoleransa i\u015faret etmez. Ve zaman i\u00e7inde bu antikorlar\u0131n miktarlar\u0131nda besin t\u00fcketme al\u0131\u015fkanl\u0131klar\u0131na paralel olarak artma ve azalmalar olabilir.<\/p>\n<p>Kanda besinlere kar\u015f\u0131 IgG antikoru \u00f6l\u00e7en testlerin herkese\u00a0 uygulanmas\u0131 durumunda toplumun en az yar\u0131s\u0131n\u0131 &#8220;intolerans\u0131 var&#8221; \u015feklinde etiketlemek gerekir. Pratik uygulamaya bakarsan\u0131z; bir test yayg\u0131n kullan\u0131ma sunulmu\u015f ve sigorta kurumlar\u0131nca geri \u00f6deme listesine dahil edilmi\u015f ise o testin te\u015fhis ve tedaviye yarar\u0131 bilimsel y\u00f6ntemler ile bir \u015fekilde ispat edilmi\u015f demektir.<\/p>\n<p>Kanda besine kar\u015f\u0131 IgG \u00f6l\u00e7en testlerin, sadece say\u0131l\u0131 merkezlerde y\u00fcksek bedeller kar\u015f\u0131l\u0131\u011f\u0131nda yap\u0131lmas\u0131, sigorta kurumlar\u0131nca geri \u00f6denmemesi, sadece yeti\u015fkin ya\u015f grubunda kullan\u0131labileceklerinin ifade edilmesi ve de tek bir test ile bir \u00e7ok soruna \u00e7\u00f6z\u00fcm olabilece\u011finin iddia edilmesi gibi \u00f6zelliklerine bak\u0131ld\u0131\u011f\u0131nda, bir\u00e7ok ki\u015fide ben gibi \u015f\u00fcphe uyand\u0131r\u0131yorlar.<\/p>\n<p><strong>Tedavi i\u00e7in neler uygulan\u0131yor?<\/strong><\/p>\n<p>Alerjik hastal\u0131klarda, alerjiyi ortadan kald\u0131ran bir tedavi \u015fekli \u015fuan i\u00e7in mevcut de\u011fildir. Alerjenin ki\u015finin hayat\u0131ndan uzakla\u015ft\u0131r\u0131lmas\u0131 (eliminasyon) ile yak\u0131nmalar\u0131n kaybolmas\u0131 veya bariz bir \u015fekilde azalmas\u0131 beklenmelidir. Ancak, alerjenin ki\u015fiden %100 uzakla\u015ft\u0131r\u0131lamad\u0131\u011f\u0131 ve yak\u0131nmalar\u0131n ki\u015finin hayat\u0131n\u0131 olumsuz etkilemeye devam etti\u011fi durumlarda giderek artan dozlarda alerjenin v\u00fccuda verilmesine dayanan imm\u00fcnoterapi (ki halk aras\u0131nda alerji a\u015f\u0131s\u0131 denir) uygulanabilir.\u00a0 Tedaviden yarar g\u00f6ren hastalar\u0131n alerjen ile kar\u015f\u0131la\u015fma durumunda yak\u0131nmalar\u0131n\u0131n tekrardan ortaya \u00e7\u0131kabilece\u011fini bilmeleri gerekir.<\/p>\n<p><strong>Bu alanda yap\u0131lan yeni testler ve tedavi se\u00e7enekleri var m\u0131? <\/strong><\/p>\n<p>&#8220;Umut fakirin ekme\u011fi&#8221; diye g\u00fczel bir s\u00f6z var. Bir\u00e7ok \u015feye genellenebilir. Yeniliklerin ve aray\u0131\u015flar\u0131n sonu olmaz. Bug\u00fcnk\u00fc te\u015fhis ve tedavi\u00a0 y\u00f6ntemlerinin d\u00fcnden iyi oldu\u011funu s\u00f6yleyebilirsek de m\u00fckemmel olduklar\u0131 ifade edemeyiz. Daha iyi tan\u0131 ve tedavi y\u00f6ntemlerine ihtiyac\u0131m\u0131z var. Ara\u015ft\u0131rmalara bakarak s\u00f6yleyebilirim ki k\u0131sa ve orta vadede her iki alanda da yenilikler olacak. \u00dclkemiz i\u00e7in g\u00fczel olan bunlar\u0131n geli\u015fmi\u015f d\u00fcnya ile hemen hemen ayn\u0131 zamanda kullan\u0131ma girecek olmalar\u0131. K\u00f6t\u00fc olan ise bunlar\u0131n \u00fcretiminden ziyade hizmet sunumunda iddial\u0131 olu\u015fumuz. Ama alerjinin ortadan kald\u0131r\u0131ld\u0131\u011f\u0131 tedaviler i\u00e7in daha uzun s\u00fcreler beklememiz gerekecek gibi.<\/p>\n<p><em>Dikkat: Bu yaz\u0131 Dr B\u00fclent \u015eekerel taraf\u0131ndan haz\u0131rlanm\u0131\u015f olup kaynak g\u00f6sterilmeden kullan\u0131lamaz.<\/em><\/p>\n<p><em>Dikkat: Burada \u00e7ocukluk \u00e7a\u011f\u0131n\u0131n bir alerjik hastal\u0131\u011f\u0131 hakk\u0131nda Dr.B\u00fclent \u015eekerel taraf\u0131ndan size yard\u0131mc\u0131 olaca\u011f\u0131na inan\u0131larak derlenmi\u015f baz\u0131 bilgiler yer almaktad\u0131r. Bu nedenle bu bilgilerin, hekim olmayanlar taraf\u0131ndan tedavi amac\u0131yla kullan\u0131lmamalar\u0131 gerekir. L\u00fctfen daha ayr\u0131nt\u0131l\u0131 bilgi i\u00e7in hekiminize ba\u015fvurunuz.<\/em><\/p>\n<p><strong>\u00a0<\/strong><\/p>\n<p>Milliyet Gazetesinde Say\u0131n Esra \u00d6Z&#8217;\u00fcn Dr.B:\u015eekerel ile yapt\u0131\u011f\u0131 r\u00f6portajdan al\u0131nm\u0131\u015ft\u0131r (Temmuz.2016)<\/p>\n<\/div><\/section>\n","protected":false},"excerpt":{"rendered":"","protected":false},"author":1,"featured_media":0,"parent":0,"menu_order":0,"comment_status":"closed","ping_status":"closed","template":"","meta":[],"yoast_head":"<!-- This site is optimized with the Yoast SEO plugin v20.1 - https:\/\/yoast.com\/wordpress\/plugins\/seo\/ -->\n<title>Alerji Testleri - Prof. Dr. B\u00fclent Enis \u015eekerel<\/title>\n<meta name=\"description\" content=\"Prof. Dr. B\u00fclent Enis \u015eekerel&#039;in haz\u0131rlad\u0131\u011f\u0131, Alerji Testleri ba\u015fl\u0131kl\u0131 faydal\u0131 yaz\u0131ya bu sayfadan eri\u015febilirsiniz\" \/>\n<meta name=\"robots\" content=\"index, follow, max-snippet:-1, max-image-preview:large, max-video-preview:-1\" \/>\n<link rel=\"canonical\" href=\"https:\/\/bulentsekerel.com\/index.php\/alerji-testleri\/\" \/>\n<meta property=\"og:locale\" content=\"tr_TR\" \/>\n<meta property=\"og:type\" content=\"article\" \/>\n<meta property=\"og:title\" content=\"Alerji Testleri - Prof. Dr. B\u00fclent Enis \u015eekerel\" \/>\n<meta property=\"og:description\" content=\"Prof. Dr. B\u00fclent Enis \u015eekerel&#039;in haz\u0131rlad\u0131\u011f\u0131, Alerji Testleri ba\u015fl\u0131kl\u0131 faydal\u0131 yaz\u0131ya bu sayfadan eri\u015febilirsiniz\" \/>\n<meta property=\"og:url\" content=\"https:\/\/bulentsekerel.com\/index.php\/alerji-testleri\/\" \/>\n<meta property=\"og:site_name\" content=\"Prof. Dr. B\u00fclent Enis \u015eekerel\" \/>\n<meta name=\"twitter:card\" content=\"summary_large_image\" \/>\n<meta name=\"twitter:label1\" content=\"Tahmini okuma s\u00fcresi\" \/>\n\t<meta name=\"twitter:data1\" content=\"8 dakika\" \/>\n<script type=\"application\/ld+json\" class=\"yoast-schema-graph\">{\"@context\":\"https:\/\/schema.org\",\"@graph\":[{\"@type\":\"WebPage\",\"@id\":\"https:\/\/bulentsekerel.com\/index.php\/alerji-testleri\/\",\"url\":\"https:\/\/bulentsekerel.com\/index.php\/alerji-testleri\/\",\"name\":\"Alerji Testleri - Prof. Dr. B\u00fclent Enis \u015eekerel\",\"isPartOf\":{\"@id\":\"https:\/\/bulentsekerel.com\/#website\"},\"datePublished\":\"2017-05-04T07:19:04+00:00\",\"dateModified\":\"2017-05-04T07:19:04+00:00\",\"description\":\"Prof. Dr. B\u00fclent Enis \u015eekerel'in haz\u0131rlad\u0131\u011f\u0131, Alerji Testleri ba\u015fl\u0131kl\u0131 faydal\u0131 yaz\u0131ya bu sayfadan eri\u015febilirsiniz\",\"breadcrumb\":{\"@id\":\"https:\/\/bulentsekerel.com\/index.php\/alerji-testleri\/#breadcrumb\"},\"inLanguage\":\"tr\",\"potentialAction\":[{\"@type\":\"ReadAction\",\"target\":[\"https:\/\/bulentsekerel.com\/index.php\/alerji-testleri\/\"]}]},{\"@type\":\"BreadcrumbList\",\"@id\":\"https:\/\/bulentsekerel.com\/index.php\/alerji-testleri\/#breadcrumb\",\"itemListElement\":[{\"@type\":\"ListItem\",\"position\":1,\"name\":\"Anasayfa\",\"item\":\"https:\/\/bulentsekerel.com\/\"},{\"@type\":\"ListItem\",\"position\":2,\"name\":\"Alerji Testleri\"}]},{\"@type\":\"WebSite\",\"@id\":\"https:\/\/bulentsekerel.com\/#website\",\"url\":\"https:\/\/bulentsekerel.com\/\",\"name\":\"Prof. Dr. B\u00fclent Enis \u015eekerel\",\"description\":\"\u00c7ocuk Sa\u011fl\u0131\u011f\u0131 ve Hastal\u0131klar\u0131 &amp; \u00c7ocuk Alerji - Ast\u0131m Uzman\u0131\",\"potentialAction\":[{\"@type\":\"SearchAction\",\"target\":{\"@type\":\"EntryPoint\",\"urlTemplate\":\"https:\/\/bulentsekerel.com\/?s={search_term_string}\"},\"query-input\":\"required name=search_term_string\"}],\"inLanguage\":\"tr\"}]}<\/script>\n<!-- \/ Yoast SEO plugin. -->","yoast_head_json":{"title":"Alerji Testleri - Prof. Dr. B\u00fclent Enis \u015eekerel","description":"Prof. Dr. B\u00fclent Enis \u015eekerel'in haz\u0131rlad\u0131\u011f\u0131, Alerji Testleri ba\u015fl\u0131kl\u0131 faydal\u0131 yaz\u0131ya bu sayfadan eri\u015febilirsiniz","robots":{"index":"index","follow":"follow","max-snippet":"max-snippet:-1","max-image-preview":"max-image-preview:large","max-video-preview":"max-video-preview:-1"},"canonical":"https:\/\/bulentsekerel.com\/index.php\/alerji-testleri\/","og_locale":"tr_TR","og_type":"article","og_title":"Alerji Testleri - Prof. Dr. B\u00fclent Enis \u015eekerel","og_description":"Prof. Dr. B\u00fclent Enis \u015eekerel'in haz\u0131rlad\u0131\u011f\u0131, Alerji Testleri ba\u015fl\u0131kl\u0131 faydal\u0131 yaz\u0131ya bu sayfadan eri\u015febilirsiniz","og_url":"https:\/\/bulentsekerel.com\/index.php\/alerji-testleri\/","og_site_name":"Prof. Dr. B\u00fclent Enis \u015eekerel","twitter_card":"summary_large_image","twitter_misc":{"Tahmini okuma s\u00fcresi":"8 dakika"},"schema":{"@context":"https:\/\/schema.org","@graph":[{"@type":"WebPage","@id":"https:\/\/bulentsekerel.com\/index.php\/alerji-testleri\/","url":"https:\/\/bulentsekerel.com\/index.php\/alerji-testleri\/","name":"Alerji Testleri - Prof. Dr. B\u00fclent Enis \u015eekerel","isPartOf":{"@id":"https:\/\/bulentsekerel.com\/#website"},"datePublished":"2017-05-04T07:19:04+00:00","dateModified":"2017-05-04T07:19:04+00:00","description":"Prof. Dr. B\u00fclent Enis \u015eekerel'in haz\u0131rlad\u0131\u011f\u0131, Alerji Testleri ba\u015fl\u0131kl\u0131 faydal\u0131 yaz\u0131ya bu sayfadan eri\u015febilirsiniz","breadcrumb":{"@id":"https:\/\/bulentsekerel.com\/index.php\/alerji-testleri\/#breadcrumb"},"inLanguage":"tr","potentialAction":[{"@type":"ReadAction","target":["https:\/\/bulentsekerel.com\/index.php\/alerji-testleri\/"]}]},{"@type":"BreadcrumbList","@id":"https:\/\/bulentsekerel.com\/index.php\/alerji-testleri\/#breadcrumb","itemListElement":[{"@type":"ListItem","position":1,"name":"Anasayfa","item":"https:\/\/bulentsekerel.com\/"},{"@type":"ListItem","position":2,"name":"Alerji Testleri"}]},{"@type":"WebSite","@id":"https:\/\/bulentsekerel.com\/#website","url":"https:\/\/bulentsekerel.com\/","name":"Prof. Dr. B\u00fclent Enis \u015eekerel","description":"\u00c7ocuk Sa\u011fl\u0131\u011f\u0131 ve Hastal\u0131klar\u0131 &amp; \u00c7ocuk Alerji - Ast\u0131m Uzman\u0131","potentialAction":[{"@type":"SearchAction","target":{"@type":"EntryPoint","urlTemplate":"https:\/\/bulentsekerel.com\/?s={search_term_string}"},"query-input":"required name=search_term_string"}],"inLanguage":"tr"}]}},"_links":{"self":[{"href":"https:\/\/bulentsekerel.com\/index.php\/wp-json\/wp\/v2\/pages\/1370"}],"collection":[{"href":"https:\/\/bulentsekerel.com\/index.php\/wp-json\/wp\/v2\/pages"}],"about":[{"href":"https:\/\/bulentsekerel.com\/index.php\/wp-json\/wp\/v2\/types\/page"}],"author":[{"embeddable":true,"href":"https:\/\/bulentsekerel.com\/index.php\/wp-json\/wp\/v2\/users\/1"}],"replies":[{"embeddable":true,"href":"https:\/\/bulentsekerel.com\/index.php\/wp-json\/wp\/v2\/comments?post=1370"}],"version-history":[{"count":0,"href":"https:\/\/bulentsekerel.com\/index.php\/wp-json\/wp\/v2\/pages\/1370\/revisions"}],"wp:attachment":[{"href":"https:\/\/bulentsekerel.com\/index.php\/wp-json\/wp\/v2\/media?parent=1370"}],"curies":[{"name":"wp","href":"https:\/\/api.w.org\/{rel}","templated":true}]}}