{"id":1185,"date":"2017-02-15T08:25:53","date_gmt":"2017-02-15T06:25:53","guid":{"rendered":"http:\/\/www.bulentsekerel.com\/?page_id=1185"},"modified":"2017-05-03T08:57:39","modified_gmt":"2017-05-03T05:57:39","slug":"hacettepe-uni-cocuk-allerji-ve-astim-bilim-dali","status":"publish","type":"page","link":"https:\/\/bulentsekerel.com\/index.php\/hakkinda\/hacettepe-uni-cocuk-allerji-ve-astim-bilim-dali\/","title":{"rendered":"Hacettepe \u00dcni. \u00c7ocuk Allerji ve Ast\u0131m Bilim Dal\u0131"},"content":{"rendered":"<div id='full_slider_1'  class='avia-fullwidth-slider main_color avia-shadow   avia-builder-el-0  el_before_av_heading  avia-builder-el-first   container_wrap sidebar_right'  ><div  class='avia-slideshow av-av_slideshow_full-36de36ce462bf0899b961213107a6f51 avia-slideshow-featured av_slideshow_full avia-slide-slider av-slideshow-ui av-control-default av-slideshow-manual av-loop-once av-loop-manual-endless av-default-height-applied   avia-slideshow-1' data-slideshow-options=\"{&quot;animation&quot;:&quot;slide&quot;,&quot;autoplay&quot;:false,&quot;loop_autoplay&quot;:&quot;once&quot;,&quot;interval&quot;:100,&quot;loop_manual&quot;:&quot;manual-endless&quot;,&quot;autoplay_stopper&quot;:false,&quot;noNavigation&quot;:false,&quot;bg_slider&quot;:false,&quot;keep_padding&quot;:false,&quot;hoverpause&quot;:false,&quot;show_slide_delay&quot;:0}\"  itemprop=\"image\" itemscope=\"itemscope\" itemtype=\"https:\/\/schema.org\/ImageObject\" ><ul class='avia-slideshow-inner ' style='padding-bottom: 28.783068783069%;'><li  class='avia-slideshow-slide av-av_slideshow_full-36de36ce462bf0899b961213107a6f51__0  av-single-slide slide-1 slide-odd'><div data-rel='slideshow-1' class='avia-slide-wrap '   ><img decoding=\"async\" class=\"wp-image-1186 avia-img-lazy-loading-not-1186\"  src=\"https:\/\/bulentsekerel.com\/wp-content\/uploads\/2017\/02\/Resim2.png\" width=\"945\" height=\"272\" title='Resim2' alt=''  itemprop=\"thumbnailUrl\" srcset=\"https:\/\/bulentsekerel.com\/wp-content\/uploads\/2017\/02\/Resim2.png 945w, https:\/\/bulentsekerel.com\/wp-content\/uploads\/2017\/02\/Resim2-300x86.png 300w, https:\/\/bulentsekerel.com\/wp-content\/uploads\/2017\/02\/Resim2-768x221.png 768w, https:\/\/bulentsekerel.com\/wp-content\/uploads\/2017\/02\/Resim2-705x203.png 705w, https:\/\/bulentsekerel.com\/wp-content\/uploads\/2017\/02\/Resim2-450x130.png 450w\" sizes=\"(max-width: 945px) 100vw, 945px\" \/><\/div><\/li><\/ul><\/div><\/div><div id='after_full_slider_1'  class='main_color av_default_container_wrap container_wrap sidebar_right'  ><div class='container av-section-cont-open' ><div class='template-page content  av-content-small alpha units'><div class='post-entry post-entry-type-page post-entry-1185'><div class='entry-content-wrapper clearfix'>\n\n<style type=\"text\/css\" data-created_by=\"avia_inline_auto\" id=\"style-css-av-av_heading-496c7b88a2d45415d568835d8aaaaff9\">\n#top .av-special-heading.av-av_heading-496c7b88a2d45415d568835d8aaaaff9{\npadding-bottom:10px;\ncolor:#7bb0e7;\n}\nbody .av-special-heading.av-av_heading-496c7b88a2d45415d568835d8aaaaff9 .av-special-heading-tag .heading-char{\nfont-size:25px;\n}\n.av-special-heading.av-av_heading-496c7b88a2d45415d568835d8aaaaff9 .special-heading-inner-border{\nborder-color:#7bb0e7;\n}\n.av-special-heading.av-av_heading-496c7b88a2d45415d568835d8aaaaff9 .av-subheading{\nfont-size:15px;\n}\n<\/style>\n<div  class='av-special-heading av-av_heading-496c7b88a2d45415d568835d8aaaaff9 av-special-heading-h3 custom-color-heading  avia-builder-el-1  el_after_av_slideshow_full  el_before_av_textblock  avia-builder-el-first '><h3 class='av-special-heading-tag'  itemprop=\"headline\"  >Hacettepe \u00dcniversitesi \u00c7ocuk Allerji ve Ast\u0131m Bilim Dal\u0131<\/h3><div class=\"special-heading-border\"><div class=\"special-heading-inner-border\"><\/div><\/div><\/div>\n<section  class='av_textblock_section av-av_textblock-0366cc7376be6c9e82a3e9cc8987b64f'  itemscope=\"itemscope\" itemtype=\"https:\/\/schema.org\/CreativeWork\" ><div class='avia_textblock'  itemprop=\"text\" ><p>\u00dclkemizdeki ilk pediatrik allerji klini\u011fi olarak, 1960 y\u0131l\u0131nda Dr.Kemal \u00d6zkarag\u00f6z taraf\u0131ndan Prof.Dr.\u0130hsan Do\u011framac\u0131\u2019n\u0131n iste\u011fi ve destekleri ile kuruldu. B\u00f6l\u00fcm ba\u015fkanl\u0131\u011f\u0131n\u0131 1960-1979 y\u0131llar\u0131 aras\u0131nda yapan Prof. \u00d6zkarag\u00f6z&#8217;\u00fcn 1979 y\u0131l\u0131ndaki emeklili\u011finin ard\u0131ndan b\u00f6l\u00fcm ba\u015fkanl\u0131\u011f\u0131n\u0131 1979-2001 y\u0131llar\u0131 aras\u0131nda Prof.Dr.Y\u0131ld\u0131z Sara\u00e7lar, 2001-2007 y\u0131llar\u0131 aras\u0131nda Prof.Dr.G\u00f6n\u00fcl Adal\u0131o\u011flu ve 2007- 2013 y\u0131llar\u0131 aras\u0131nda ise Prof.Dr.Ayfer Tuncer y\u00fcr\u00fctt\u00fc. Prof. Sara\u00e7lar, Prof. Adal\u0131o\u011flu ve Prof. Tuncer\u00a0 \u00fclkemizde allerji bilim dal\u0131n\u0131n kurulmas\u0131nda ve geli\u015fmesinde \u00f6nemli rol \u00fcstlendiler. Hem \u00fclkemizdeki \u00fcniversite ve e\u011fitim hastanelerindeki allerji b\u00f6l\u00fcmlerini kuran \u00f6\u011fretim \u00fcyelerinin \u00e7o\u011funu\u00a0 yeti\u015ftirdiler, hem de 1985 y\u0131l\u0131nda T\u00fcrkiye Ulusal Allerji ve Klinik \u0130mm\u00fcnoloji Derne\u011fi kurulmas\u0131na \u00f6nc\u00fcl\u00fck ettiler. B\u00f6l\u00fcm, kurulu\u015fundan 1990 y\u0131l\u0131na kadar \u00e7ocuk hastalar\u0131n yan\u0131 s\u0131ra eri\u015fkin hastalara da hizmet verdi ve yeti\u015fkin allerji uzmanlar\u0131 da yeti\u015ftirdi. B\u00f6l\u00fcm\u00fcn ismi 1996 y\u0131l\u0131nda hizmet etti\u011fi hasta pop\u00fclasyonu g\u00f6z \u00f6n\u00fcne al\u0131narak Pediatrik Allerji ve Ast\u0131m Bilim Dal\u0131 olarak de\u011fi\u015ftirildi.<\/p>\n<p>B\u00f6l\u00fcmde halen t\u00fcm allerjik hastal\u0131klar\u0131n tan\u0131 ve tedavisi en y\u00fcksek teknoloji ve g\u00fcncel bilimsel anlay\u0131\u015fa dayanarak yap\u0131lmaktad\u0131r. Solunum fonksiyon testi laboratuvar\u0131nda ast\u0131m ve ili\u015fikili hastal\u0131klar\u0131n tan\u0131 ve tedavisi i\u00e7in spirometre, t\u00fcm v\u00fccut pletismografisi, egzersiz, histamin, metakolin, adenozin ve hipertonik salin ile bron\u015f provokasyon testleri\u00a0 yap\u0131lmaktad\u0131r. Allerjik rinitli hastalar\u0131n nazal yayma incelemesi, nazal provokasyon testleri ve rinomanometrik \u00f6l\u00e7\u00fcmlerini yapan Rinoloji Laboratuvar\u0131 mebcuttur. Tan\u0131sal ama\u00e7l\u0131 olarak epidermal ve intradermal allerji deri testleri yap\u0131lmakta olup gerekli hastalara imm\u00fcnoterapi tedavisi verilmektedir. Besin ve ila\u00e7 allerjisinde tan\u0131sal ama\u00e7l\u0131 olarak testlerin yan\u0131s\u0131ra provakasyon ve desensitizasyon tedavisi uygulanmaktad\u0131r. Bilim Dal\u0131\u2019n\u0131n ara\u015ft\u0131rma laboratuvar\u0131nda sa\u011fl\u0131k hizmetine destek olarak ImmunoCap y\u00f6ntemi ile spesifik IgE, ECP ve triptaz \u00f6l\u00e7\u00fcmleri yap\u0131lmakta ve besin allerjen ekstreleri \u00fcretilmektedir. Ayr\u0131ca ara\u015ft\u0131rma laboratuvar\u0131nda; genetik, molek\u00fcler ve h\u00fccresel \u00e7e\u015fitli teknikler kullan\u0131larak allerjik hastal\u0131klar\u0131n bilinmeyen y\u00f6nleri ayd\u0131nlat\u0131lmaya \u00e7al\u0131\u015f\u0131lmaktad\u0131r.<\/p>\n<p><strong>Mevcut Akademik Kadro:<\/strong><\/p>\n<p>Prof.Dr.B\u00fclent E. \u015eekerel (Bilim Dal\u0131 Ba\u015fkan\u0131),<\/p>\n<p>Do\u00e7.Dr.\u00d6zge U. Soyer<\/p>\n<p>Do\u00e7.Dr.\u00dcmit \u015eahiner<\/p>\n<p>Do\u00e7.Esra Birben (Ara\u015ft\u0131rma Laboratuvar Sorumlusu),<\/p>\n<p><strong>B\u00f6l\u00fcmden Emekli Olan \u00d6\u011fretim \u00dcyeleri:<\/strong>\u00a0 Prof.Dr.Kemal \u00d6zkarag\u00f6z (1979), Prof.Dr.Y\u0131ld\u0131z Sara\u00e7lar(2001), Prof.Dr. G\u00f6n\u00fcl Adal\u0131o\u011flu(2007), Prof.Dr.Ayfer Tuncer(2013), Prof.Dr.\u00d6mer\u00a0 Kalayc\u0131(2013).<\/p>\n<p><strong>B\u00f6l\u00fcmden Ayr\u0131lan \u00d6\u011fretim \u00dcyeleri:<\/strong>\u00a0Prof.Dr.Cans\u0131n Sa\u00e7kesen (2014)<\/p>\n<\/div><\/section>\n","protected":false},"excerpt":{"rendered":"","protected":false},"author":1,"featured_media":0,"parent":957,"menu_order":0,"comment_status":"closed","ping_status":"closed","template":"","meta":[],"yoast_head":"<!-- This site is optimized with the Yoast SEO plugin v20.1 - https:\/\/yoast.com\/wordpress\/plugins\/seo\/ -->\n<title>Hacettepe \u00dcni. \u00c7ocuk Allerji ve Ast\u0131m Bilim Dal\u0131 - Prof. Dr. B\u00fclent Enis \u015eekerel<\/title>\n<meta name=\"description\" content=\"hacettepe \u00fcniversitesi \u00e7ocuk alerji ve ast\u0131m bilim dal\u0131 ba\u015fkan\u0131 Prof. Dr. B\u00fclent Enis \u015eekerel ve b\u00f6l\u00fcm hakk\u0131nda detayl\u0131 bilgilendirme yaz\u0131s\u0131\" \/>\n<meta name=\"robots\" content=\"index, follow, max-snippet:-1, max-image-preview:large, max-video-preview:-1\" \/>\n<link rel=\"canonical\" href=\"https:\/\/bulentsekerel.com\/index.php\/hakkinda\/hacettepe-uni-cocuk-allerji-ve-astim-bilim-dali\/\" \/>\n<meta property=\"og:locale\" content=\"tr_TR\" \/>\n<meta property=\"og:type\" content=\"article\" \/>\n<meta property=\"og:title\" content=\"Hacettepe \u00dcni. \u00c7ocuk Allerji ve Ast\u0131m Bilim Dal\u0131 - Prof. Dr. B\u00fclent Enis \u015eekerel\" \/>\n<meta property=\"og:description\" content=\"hacettepe \u00fcniversitesi \u00e7ocuk alerji ve ast\u0131m bilim dal\u0131 ba\u015fkan\u0131 Prof. Dr. B\u00fclent Enis \u015eekerel ve b\u00f6l\u00fcm hakk\u0131nda detayl\u0131 bilgilendirme yaz\u0131s\u0131\" \/>\n<meta property=\"og:url\" content=\"https:\/\/bulentsekerel.com\/index.php\/hakkinda\/hacettepe-uni-cocuk-allerji-ve-astim-bilim-dali\/\" \/>\n<meta property=\"og:site_name\" content=\"Prof. Dr. B\u00fclent Enis \u015eekerel\" \/>\n<meta property=\"article:modified_time\" content=\"2017-05-03T05:57:39+00:00\" \/>\n<meta name=\"twitter:card\" content=\"summary_large_image\" \/>\n<meta name=\"twitter:label1\" content=\"Tahmini okuma s\u00fcresi\" \/>\n\t<meta name=\"twitter:data1\" content=\"3 dakika\" \/>\n<script type=\"application\/ld+json\" class=\"yoast-schema-graph\">{\"@context\":\"https:\/\/schema.org\",\"@graph\":[{\"@type\":\"WebPage\",\"@id\":\"https:\/\/bulentsekerel.com\/index.php\/hakkinda\/hacettepe-uni-cocuk-allerji-ve-astim-bilim-dali\/\",\"url\":\"https:\/\/bulentsekerel.com\/index.php\/hakkinda\/hacettepe-uni-cocuk-allerji-ve-astim-bilim-dali\/\",\"name\":\"Hacettepe \u00dcni. \u00c7ocuk Allerji ve Ast\u0131m Bilim Dal\u0131 - Prof. Dr. B\u00fclent Enis \u015eekerel\",\"isPartOf\":{\"@id\":\"https:\/\/bulentsekerel.com\/#website\"},\"datePublished\":\"2017-02-15T06:25:53+00:00\",\"dateModified\":\"2017-05-03T05:57:39+00:00\",\"description\":\"hacettepe \u00fcniversitesi \u00e7ocuk alerji ve ast\u0131m bilim dal\u0131 ba\u015fkan\u0131 Prof. Dr. B\u00fclent Enis \u015eekerel ve b\u00f6l\u00fcm hakk\u0131nda detayl\u0131 bilgilendirme yaz\u0131s\u0131\",\"breadcrumb\":{\"@id\":\"https:\/\/bulentsekerel.com\/index.php\/hakkinda\/hacettepe-uni-cocuk-allerji-ve-astim-bilim-dali\/#breadcrumb\"},\"inLanguage\":\"tr\",\"potentialAction\":[{\"@type\":\"ReadAction\",\"target\":[\"https:\/\/bulentsekerel.com\/index.php\/hakkinda\/hacettepe-uni-cocuk-allerji-ve-astim-bilim-dali\/\"]}]},{\"@type\":\"BreadcrumbList\",\"@id\":\"https:\/\/bulentsekerel.com\/index.php\/hakkinda\/hacettepe-uni-cocuk-allerji-ve-astim-bilim-dali\/#breadcrumb\",\"itemListElement\":[{\"@type\":\"ListItem\",\"position\":1,\"name\":\"Anasayfa\",\"item\":\"https:\/\/bulentsekerel.com\/\"},{\"@type\":\"ListItem\",\"position\":2,\"name\":\"Hakk\u0131nda\",\"item\":\"https:\/\/bulentsekerel.com\/index.php\/hakkinda\/\"},{\"@type\":\"ListItem\",\"position\":3,\"name\":\"Hacettepe \u00dcni. \u00c7ocuk Allerji ve Ast\u0131m Bilim Dal\u0131\"}]},{\"@type\":\"WebSite\",\"@id\":\"https:\/\/bulentsekerel.com\/#website\",\"url\":\"https:\/\/bulentsekerel.com\/\",\"name\":\"Prof. Dr. B\u00fclent Enis \u015eekerel\",\"description\":\"\u00c7ocuk Sa\u011fl\u0131\u011f\u0131 ve Hastal\u0131klar\u0131 &amp; \u00c7ocuk Alerji - Ast\u0131m Uzman\u0131\",\"potentialAction\":[{\"@type\":\"SearchAction\",\"target\":{\"@type\":\"EntryPoint\",\"urlTemplate\":\"https:\/\/bulentsekerel.com\/?s={search_term_string}\"},\"query-input\":\"required name=search_term_string\"}],\"inLanguage\":\"tr\"}]}<\/script>\n<!-- \/ Yoast SEO plugin. -->","yoast_head_json":{"title":"Hacettepe \u00dcni. \u00c7ocuk Allerji ve Ast\u0131m Bilim Dal\u0131 - Prof. Dr. B\u00fclent Enis \u015eekerel","description":"hacettepe \u00fcniversitesi \u00e7ocuk alerji ve ast\u0131m bilim dal\u0131 ba\u015fkan\u0131 Prof. Dr. B\u00fclent Enis \u015eekerel ve b\u00f6l\u00fcm hakk\u0131nda detayl\u0131 bilgilendirme yaz\u0131s\u0131","robots":{"index":"index","follow":"follow","max-snippet":"max-snippet:-1","max-image-preview":"max-image-preview:large","max-video-preview":"max-video-preview:-1"},"canonical":"https:\/\/bulentsekerel.com\/index.php\/hakkinda\/hacettepe-uni-cocuk-allerji-ve-astim-bilim-dali\/","og_locale":"tr_TR","og_type":"article","og_title":"Hacettepe \u00dcni. \u00c7ocuk Allerji ve Ast\u0131m Bilim Dal\u0131 - Prof. Dr. B\u00fclent Enis \u015eekerel","og_description":"hacettepe \u00fcniversitesi \u00e7ocuk alerji ve ast\u0131m bilim dal\u0131 ba\u015fkan\u0131 Prof. Dr. B\u00fclent Enis \u015eekerel ve b\u00f6l\u00fcm hakk\u0131nda detayl\u0131 bilgilendirme yaz\u0131s\u0131","og_url":"https:\/\/bulentsekerel.com\/index.php\/hakkinda\/hacettepe-uni-cocuk-allerji-ve-astim-bilim-dali\/","og_site_name":"Prof. Dr. B\u00fclent Enis \u015eekerel","article_modified_time":"2017-05-03T05:57:39+00:00","twitter_card":"summary_large_image","twitter_misc":{"Tahmini okuma s\u00fcresi":"3 dakika"},"schema":{"@context":"https:\/\/schema.org","@graph":[{"@type":"WebPage","@id":"https:\/\/bulentsekerel.com\/index.php\/hakkinda\/hacettepe-uni-cocuk-allerji-ve-astim-bilim-dali\/","url":"https:\/\/bulentsekerel.com\/index.php\/hakkinda\/hacettepe-uni-cocuk-allerji-ve-astim-bilim-dali\/","name":"Hacettepe \u00dcni. \u00c7ocuk Allerji ve Ast\u0131m Bilim Dal\u0131 - Prof. Dr. B\u00fclent Enis \u015eekerel","isPartOf":{"@id":"https:\/\/bulentsekerel.com\/#website"},"datePublished":"2017-02-15T06:25:53+00:00","dateModified":"2017-05-03T05:57:39+00:00","description":"hacettepe \u00fcniversitesi \u00e7ocuk alerji ve ast\u0131m bilim dal\u0131 ba\u015fkan\u0131 Prof. Dr. B\u00fclent Enis \u015eekerel ve b\u00f6l\u00fcm hakk\u0131nda detayl\u0131 bilgilendirme yaz\u0131s\u0131","breadcrumb":{"@id":"https:\/\/bulentsekerel.com\/index.php\/hakkinda\/hacettepe-uni-cocuk-allerji-ve-astim-bilim-dali\/#breadcrumb"},"inLanguage":"tr","potentialAction":[{"@type":"ReadAction","target":["https:\/\/bulentsekerel.com\/index.php\/hakkinda\/hacettepe-uni-cocuk-allerji-ve-astim-bilim-dali\/"]}]},{"@type":"BreadcrumbList","@id":"https:\/\/bulentsekerel.com\/index.php\/hakkinda\/hacettepe-uni-cocuk-allerji-ve-astim-bilim-dali\/#breadcrumb","itemListElement":[{"@type":"ListItem","position":1,"name":"Anasayfa","item":"https:\/\/bulentsekerel.com\/"},{"@type":"ListItem","position":2,"name":"Hakk\u0131nda","item":"https:\/\/bulentsekerel.com\/index.php\/hakkinda\/"},{"@type":"ListItem","position":3,"name":"Hacettepe \u00dcni. \u00c7ocuk Allerji ve Ast\u0131m Bilim Dal\u0131"}]},{"@type":"WebSite","@id":"https:\/\/bulentsekerel.com\/#website","url":"https:\/\/bulentsekerel.com\/","name":"Prof. Dr. B\u00fclent Enis \u015eekerel","description":"\u00c7ocuk Sa\u011fl\u0131\u011f\u0131 ve Hastal\u0131klar\u0131 &amp; \u00c7ocuk Alerji - Ast\u0131m Uzman\u0131","potentialAction":[{"@type":"SearchAction","target":{"@type":"EntryPoint","urlTemplate":"https:\/\/bulentsekerel.com\/?s={search_term_string}"},"query-input":"required name=search_term_string"}],"inLanguage":"tr"}]}},"_links":{"self":[{"href":"https:\/\/bulentsekerel.com\/index.php\/wp-json\/wp\/v2\/pages\/1185"}],"collection":[{"href":"https:\/\/bulentsekerel.com\/index.php\/wp-json\/wp\/v2\/pages"}],"about":[{"href":"https:\/\/bulentsekerel.com\/index.php\/wp-json\/wp\/v2\/types\/page"}],"author":[{"embeddable":true,"href":"https:\/\/bulentsekerel.com\/index.php\/wp-json\/wp\/v2\/users\/1"}],"replies":[{"embeddable":true,"href":"https:\/\/bulentsekerel.com\/index.php\/wp-json\/wp\/v2\/comments?post=1185"}],"version-history":[{"count":0,"href":"https:\/\/bulentsekerel.com\/index.php\/wp-json\/wp\/v2\/pages\/1185\/revisions"}],"up":[{"embeddable":true,"href":"https:\/\/bulentsekerel.com\/index.php\/wp-json\/wp\/v2\/pages\/957"}],"wp:attachment":[{"href":"https:\/\/bulentsekerel.com\/index.php\/wp-json\/wp\/v2\/media?parent=1185"}],"curies":[{"name":"wp","href":"https:\/\/api.w.org\/{rel}","templated":true}]}}