{"id":1154,"date":"2017-02-14T14:35:59","date_gmt":"2017-02-14T12:35:59","guid":{"rendered":"http:\/\/www.bulentsekerel.com\/?page_id=1154"},"modified":"2017-05-02T17:04:14","modified_gmt":"2017-05-02T14:04:14","slug":"kitaplari","status":"publish","type":"page","link":"https:\/\/bulentsekerel.com\/index.php\/hakkinda\/kitaplari\/","title":{"rendered":"Kitaplar\u0131"},"content":{"rendered":"\n<style type=\"text\/css\" data-created_by=\"avia_inline_auto\" id=\"style-css-av-av_heading-070a3047db8a0d9e79b4587e7fdd9fcf\">\n#top .av-special-heading.av-av_heading-070a3047db8a0d9e79b4587e7fdd9fcf{\npadding-bottom:10px;\ncolor:#7bb0e7;\n}\nbody .av-special-heading.av-av_heading-070a3047db8a0d9e79b4587e7fdd9fcf .av-special-heading-tag .heading-char{\nfont-size:25px;\n}\n.av-special-heading.av-av_heading-070a3047db8a0d9e79b4587e7fdd9fcf .special-heading-inner-border{\nborder-color:#7bb0e7;\n}\n.av-special-heading.av-av_heading-070a3047db8a0d9e79b4587e7fdd9fcf .av-subheading{\nfont-size:15px;\n}\n<\/style>\n<div  class='av-special-heading av-av_heading-070a3047db8a0d9e79b4587e7fdd9fcf av-special-heading-h3 custom-color-heading  avia-builder-el-0  el_before_av_toggle_container  avia-builder-el-first '><h3 class='av-special-heading-tag'  itemprop=\"headline\"  >Kitaplar\u0131<\/h3><div class=\"special-heading-border\"><div class=\"special-heading-inner-border\"><\/div><\/div><\/div>\n<div  class='togglecontainer av-av_toggle_container-8e0c6e39d39b619a829887bd54fff3ed  avia-builder-el-1  el_after_av_heading  avia-builder-el-last  toggle_close_all' >\n<section class='av_toggle_section av-av_toggle-d25d6b46c4b3cc81b2a71e6f4c31bcf2'  itemscope=\"itemscope\" itemtype=\"https:\/\/schema.org\/CreativeWork\" ><div role=\"tablist\" class=\"single_toggle\" data-tags=\"{T\u00fcm\u00fc} \"  ><p data-fake-id='#toggle-id-1' class='toggler   '  itemprop=\"headline\"  role='tab' tabindex='0' aria-controls='toggle-id-1'>\u00c7ocukluk \u00c7a\u011f\u0131 Ast\u0131m\u0131 (2008)<span class=\"toggle_icon\"><span class=\"vert_icon\"><\/span><span class=\"hor_icon\"><\/span><\/span><\/p><div id='toggle-id-1' class='toggle_wrap  '  ><div class='toggle_content invers-color '  itemprop=\"text\" ><p><img decoding=\"async\" loading=\"lazy\" class=\"size-full wp-image-1157 alignleft\" src=\"https:\/\/bulentsekerel.com\/wp-content\/uploads\/2017\/02\/Ekran-Resmi-2017-02-14-15.40.37.png\" alt=\"Ekran Resmi 2017-02-14 15.40.37\" width=\"199\" height=\"265\" \/><\/p>\n<p><strong><em>Bu kitap \u00fclkemizde \u00e7ocukluk \u00e7a\u011f\u0131 ast\u0131m\u0131 \u00fczerine hekimlerin bilgilendirmelerine y\u00f6nelik yaz\u0131lm\u0131\u015f ilk eserdir. Dr.\u015eekerel&#8217;in edit\u00f6rl\u00fc\u011f\u00fcn\u00fc yapmt\u0131\u011f\u0131 200 sayfal\u0131k bu eser\u00a0 \u00e7ocukluk \u00e7a\u011f\u0131 ast\u0131m\u0131 \u00fczerine \u00fclkemizin \u00f6nde gelen 17 akademisyenin \u00a0katk\u0131lar\u0131 ile olu\u015fmu\u015ftur. Ast\u0131m\u0131n tan\u0131, tedavi ve klinik \u00f6zellikleri irdelenmektedir . Poyraz T\u0131bbi Yay\u0131nc\u0131l\u0131k\u00a0 taraf\u0131ndan 2008 y\u0131l\u0131nda 2000 adet bas\u0131lan kitap t\u00fckenmi\u015ftir.\u00a0 <\/em><\/strong><\/p>\n<\/div><\/div><\/div><\/section>\n<section class='av_toggle_section av-av_toggle-0b476bb9d5801be0a1cd69af9a4a682b'  itemscope=\"itemscope\" itemtype=\"https:\/\/schema.org\/CreativeWork\" ><div role=\"tablist\" class=\"single_toggle\" data-tags=\"{T\u00fcm\u00fc} \"  ><p data-fake-id='#toggle-id-2' class='toggler   '  itemprop=\"headline\"  role='tab' tabindex='0' aria-controls='toggle-id-2'>Allerjik Rinit (2010)<span class=\"toggle_icon\"><span class=\"vert_icon\"><\/span><span class=\"hor_icon\"><\/span><\/span><\/p><div id='toggle-id-2' class='toggle_wrap  '  ><div class='toggle_content invers-color '  itemprop=\"text\" ><p><img decoding=\"async\" loading=\"lazy\" class=\"size-medium wp-image-1158 alignleft\" src=\"https:\/\/bulentsekerel.com\/wp-content\/uploads\/2017\/02\/Ekran-Resmi-2017-02-14-15.41.20-214x300.png\" alt=\"Ekran Resmi 2017-02-14 15.41.20\" width=\"214\" height=\"300\" srcset=\"https:\/\/bulentsekerel.com\/wp-content\/uploads\/2017\/02\/Ekran-Resmi-2017-02-14-15.41.20-214x300.png 214w, https:\/\/bulentsekerel.com\/wp-content\/uploads\/2017\/02\/Ekran-Resmi-2017-02-14-15.41.20.png 343w\" sizes=\"(max-width: 214px) 100vw, 214px\" \/><\/p>\n<p><strong><em>Allerjk rinit hakk\u0131nda hekimlere y\u00f6nelik yaz\u0131lm\u0131\u015f 300 safal\u0131k bu eser Dr.\u015eekerel&#8217;in edit\u00f6rl\u00fc\u011f\u00fcnde olu\u015fturulmu\u015ftur. Kitaba, \u00fclkemizin \u00f6nde gelen \u00a0\u00e7ocuk allerji, \u00a0eri\u015fkin allerji ve KBB\u00a0 uzman\u0131 \u00a028 akademisyen katk\u0131da bulunmu\u015ftur. Eserde allerjik rinitin klinik\u00a0 \u00f6zellikleri, tan\u0131s\u0131, tedavisi ayr\u0131nt\u0131l\u0131 olarak incelemekte, pratik bilgiler ve\u00a0 tedavi ilkeleri verilmektedir. \u00a0Bilimsel T\u0131p Yay\u0131nevi taraf\u0131ndan2010 y\u0131l\u0131nda \u00a03000 adet bas\u0131lan kitap t\u00fckenmi\u015ftir.\u00a0 <\/em><\/strong><\/p>\n<\/div><\/div><\/div><\/section>\n<section class='av_toggle_section av-av_toggle-23a3a11fe319874370496b6ec8eed60d'  itemscope=\"itemscope\" itemtype=\"https:\/\/schema.org\/CreativeWork\" ><div role=\"tablist\" class=\"single_toggle\" data-tags=\"{T\u00fcm\u00fc} \"  ><p data-fake-id='#toggle-id-3' class='toggler   '  itemprop=\"headline\"  role='tab' tabindex='0' aria-controls='toggle-id-3'>\u00c7ocukluk \u00c7a\u011f\u0131nda Ast\u0131m, Alerji, \u0130mm\u00fcnoloji (Kaynak Kitap, 2015)<span class=\"toggle_icon\"><span class=\"vert_icon\"><\/span><span class=\"hor_icon\"><\/span><\/span><\/p><div id='toggle-id-3' class='toggle_wrap  '  ><div class='toggle_content invers-color '  itemprop=\"text\" ><p><img decoding=\"async\" loading=\"lazy\" class=\"size-full wp-image-1162 alignleft\" src=\"https:\/\/bulentsekerel.com\/wp-content\/uploads\/2017\/02\/Ekran-Resmi-2017-02-14-15.42.02.png\" alt=\"Ekran Resmi 2017-02-14 15.42.02\" width=\"206\" height=\"297\" \/><\/p>\n<p><strong><em>Bu kitap \u00fclkemizde \u00e7ocukluk \u00e7a\u011f\u0131 allerji, ast\u0131m ve imm\u00fcnolojisi \u00fczerine hekimlerin bilgilendirmelerine y\u00f6nelik yaz\u0131lm\u0131\u015f ilk kaynak kitapt\u0131r(textbook). Dr.\u015eekerel&#8217;in edit\u00f6rl\u00fc\u011f\u00fcnde 100\u00fc a\u015fk\u0131n bilim insan\u0131n\u0131n katk\u0131lar\u0131 ile olu\u015fturulmu\u015ftur. \u0130mm\u00fcn sistemin \u00e7al\u0131\u015fma ilkeleri,\u00a0 imm\u00fcn sistem yetersizlikleri\/bozukluklar\u0131, allerjik hastal\u0131klar, allerjinin mekan\u0131zmalar\u0131 ve ast\u0131m ayr\u0131nt\u0131l\u0131 olarak irdelenmekte, tan\u0131 ve tedavi i\u00e7in g\u00fcncel bilgler verilmektedir. 1000 sayfal\u0131k bu eser \u00fclkemiz d\u0131\u015f\u0131nda Azerbeycan, Makedonya gibi T\u00fcrk\u00e7e konu\u015fan hekimlerin bulundu\u011fu \u00fclkelerden de talep g\u00f6rm\u015ft\u00fcr.\u00a0\u00a0 ADA Yay\u0131nc\u0131l\u0131k \u00a0taraf\u0131ndan 1000 adet bas\u0131lan kitap t\u00fckenmek \u00fczeredir.\u00a0 <\/em><\/strong><\/p>\n<\/div><\/div><\/div><\/section>\n<section class='av_toggle_section av-av_toggle-b8cb6b8dc89c8d8ab2a2edb101507571'  itemscope=\"itemscope\" itemtype=\"https:\/\/schema.org\/CreativeWork\" ><div role=\"tablist\" class=\"single_toggle\" data-tags=\"{T\u00fcm\u00fc} \"  ><p data-fake-id='#toggle-id-4' class='toggler   '  itemprop=\"headline\"  role='tab' tabindex='0' aria-controls='toggle-id-4'>A\u2018dan Z\u2019ye \u0130nek S\u00fct\u00fc Protein Alerjisi (2016)<span class=\"toggle_icon\"><span class=\"vert_icon\"><\/span><span class=\"hor_icon\"><\/span><\/span><\/p><div id='toggle-id-4' class='toggle_wrap  '  ><div class='toggle_content invers-color '  itemprop=\"text\" ><p><img decoding=\"async\" loading=\"lazy\" class=\"size-medium wp-image-1163 alignleft\" src=\"https:\/\/bulentsekerel.com\/wp-content\/uploads\/2017\/02\/Resim1-209x300.png\" alt=\"Resim1\" width=\"209\" height=\"300\" srcset=\"https:\/\/bulentsekerel.com\/wp-content\/uploads\/2017\/02\/Resim1-209x300.png 209w, https:\/\/bulentsekerel.com\/wp-content\/uploads\/2017\/02\/Resim1.png 268w\" sizes=\"(max-width: 209px) 100vw, 209px\" \/><\/p>\n<p><strong><em>Bu kitap \u00fclkemizde inek s\u00fct\u00fc alerjisi \u00fczerine hekimlerin bilgilendirmelerine y\u00f6nelik yaz\u0131lm\u0131\u015f ilk eserdir. Dr.\u015eekerel&#8217;in edit\u00f6rl\u00fc\u011f\u00fcn\u00fc yapt\u0131\u011f\u0131 110 sayfal\u0131k bu esere \u00fclkemizin \u00f6nde gelen 13 \u00e7ocuk allerji ve \u00e7ocuk gastroenteroloji uzman\u0131 yan\u0131s\u0131ra bir de detisyen katk\u0131da bulunmu\u015ftur. \u0130nek s\u00fct\u00fc protein allerjisinin farkl\u0131 kinik \u00f6zellikleri, tan\u0131s\u0131, tedavisi en g\u00fcncel geli\u015fmeler\/bulgular e\u015fli\u011finde derlenmi\u015ftir. Poyraz T\u0131bbi Yay\u0131nc\u0131l\u0131k\u00a0 taraf\u0131ndan 2015 y\u0131l\u0131nda1500 adet bas\u0131lan kitap k\u0131sa s\u00fcre i\u00e7inde t\u00fckenmi\u015ftir.\u00a0 <\/em><\/strong><\/p>\n<\/div><\/div><\/div><\/section>\n<\/div>\n","protected":false},"excerpt":{"rendered":"","protected":false},"author":1,"featured_media":0,"parent":957,"menu_order":0,"comment_status":"closed","ping_status":"closed","template":"","meta":[],"yoast_head":"<!-- This site is optimized with the Yoast SEO plugin v20.1 - https:\/\/yoast.com\/wordpress\/plugins\/seo\/ -->\n<title>Kitaplar\u0131 - Prof. Dr. B\u00fclent Enis \u015eekerel<\/title>\n<meta name=\"robots\" content=\"index, follow, max-snippet:-1, max-image-preview:large, max-video-preview:-1\" \/>\n<link rel=\"canonical\" href=\"https:\/\/bulentsekerel.com\/index.php\/hakkinda\/kitaplari\/\" \/>\n<meta property=\"og:locale\" content=\"tr_TR\" \/>\n<meta property=\"og:type\" content=\"article\" \/>\n<meta property=\"og:title\" content=\"Kitaplar\u0131 - Prof. Dr. B\u00fclent Enis \u015eekerel\" \/>\n<meta property=\"og:url\" content=\"https:\/\/bulentsekerel.com\/index.php\/hakkinda\/kitaplari\/\" \/>\n<meta property=\"og:site_name\" content=\"Prof. Dr. B\u00fclent Enis \u015eekerel\" \/>\n<meta property=\"article:modified_time\" content=\"2017-05-02T14:04:14+00:00\" \/>\n<meta property=\"og:image\" content=\"https:\/\/bulentsekerel.com\/wp-content\/uploads\/2017\/02\/Ekran-Resmi-2017-02-14-15.40.37.png\" \/>\n<meta name=\"twitter:card\" content=\"summary_large_image\" \/>\n<meta name=\"twitter:label1\" content=\"Tahmini okuma s\u00fcresi\" \/>\n\t<meta name=\"twitter:data1\" content=\"2 dakika\" \/>\n<script type=\"application\/ld+json\" class=\"yoast-schema-graph\">{\"@context\":\"https:\/\/schema.org\",\"@graph\":[{\"@type\":\"WebPage\",\"@id\":\"https:\/\/bulentsekerel.com\/index.php\/hakkinda\/kitaplari\/\",\"url\":\"https:\/\/bulentsekerel.com\/index.php\/hakkinda\/kitaplari\/\",\"name\":\"Kitaplar\u0131 - Prof. Dr. B\u00fclent Enis \u015eekerel\",\"isPartOf\":{\"@id\":\"https:\/\/bulentsekerel.com\/#website\"},\"datePublished\":\"2017-02-14T12:35:59+00:00\",\"dateModified\":\"2017-05-02T14:04:14+00:00\",\"breadcrumb\":{\"@id\":\"https:\/\/bulentsekerel.com\/index.php\/hakkinda\/kitaplari\/#breadcrumb\"},\"inLanguage\":\"tr\",\"potentialAction\":[{\"@type\":\"ReadAction\",\"target\":[\"https:\/\/bulentsekerel.com\/index.php\/hakkinda\/kitaplari\/\"]}]},{\"@type\":\"BreadcrumbList\",\"@id\":\"https:\/\/bulentsekerel.com\/index.php\/hakkinda\/kitaplari\/#breadcrumb\",\"itemListElement\":[{\"@type\":\"ListItem\",\"position\":1,\"name\":\"Anasayfa\",\"item\":\"https:\/\/bulentsekerel.com\/\"},{\"@type\":\"ListItem\",\"position\":2,\"name\":\"Hakk\u0131nda\",\"item\":\"https:\/\/bulentsekerel.com\/index.php\/hakkinda\/\"},{\"@type\":\"ListItem\",\"position\":3,\"name\":\"Kitaplar\u0131\"}]},{\"@type\":\"WebSite\",\"@id\":\"https:\/\/bulentsekerel.com\/#website\",\"url\":\"https:\/\/bulentsekerel.com\/\",\"name\":\"Prof. Dr. B\u00fclent Enis \u015eekerel\",\"description\":\"\u00c7ocuk Sa\u011fl\u0131\u011f\u0131 ve Hastal\u0131klar\u0131 &amp; \u00c7ocuk Alerji - Ast\u0131m Uzman\u0131\",\"potentialAction\":[{\"@type\":\"SearchAction\",\"target\":{\"@type\":\"EntryPoint\",\"urlTemplate\":\"https:\/\/bulentsekerel.com\/?s={search_term_string}\"},\"query-input\":\"required name=search_term_string\"}],\"inLanguage\":\"tr\"}]}<\/script>\n<!-- \/ Yoast SEO plugin. -->","yoast_head_json":{"title":"Kitaplar\u0131 - Prof. Dr. B\u00fclent Enis \u015eekerel","robots":{"index":"index","follow":"follow","max-snippet":"max-snippet:-1","max-image-preview":"max-image-preview:large","max-video-preview":"max-video-preview:-1"},"canonical":"https:\/\/bulentsekerel.com\/index.php\/hakkinda\/kitaplari\/","og_locale":"tr_TR","og_type":"article","og_title":"Kitaplar\u0131 - Prof. Dr. B\u00fclent Enis \u015eekerel","og_url":"https:\/\/bulentsekerel.com\/index.php\/hakkinda\/kitaplari\/","og_site_name":"Prof. Dr. B\u00fclent Enis \u015eekerel","article_modified_time":"2017-05-02T14:04:14+00:00","og_image":[{"url":"https:\/\/bulentsekerel.com\/wp-content\/uploads\/2017\/02\/Ekran-Resmi-2017-02-14-15.40.37.png"}],"twitter_card":"summary_large_image","twitter_misc":{"Tahmini okuma s\u00fcresi":"2 dakika"},"schema":{"@context":"https:\/\/schema.org","@graph":[{"@type":"WebPage","@id":"https:\/\/bulentsekerel.com\/index.php\/hakkinda\/kitaplari\/","url":"https:\/\/bulentsekerel.com\/index.php\/hakkinda\/kitaplari\/","name":"Kitaplar\u0131 - Prof. Dr. B\u00fclent Enis \u015eekerel","isPartOf":{"@id":"https:\/\/bulentsekerel.com\/#website"},"datePublished":"2017-02-14T12:35:59+00:00","dateModified":"2017-05-02T14:04:14+00:00","breadcrumb":{"@id":"https:\/\/bulentsekerel.com\/index.php\/hakkinda\/kitaplari\/#breadcrumb"},"inLanguage":"tr","potentialAction":[{"@type":"ReadAction","target":["https:\/\/bulentsekerel.com\/index.php\/hakkinda\/kitaplari\/"]}]},{"@type":"BreadcrumbList","@id":"https:\/\/bulentsekerel.com\/index.php\/hakkinda\/kitaplari\/#breadcrumb","itemListElement":[{"@type":"ListItem","position":1,"name":"Anasayfa","item":"https:\/\/bulentsekerel.com\/"},{"@type":"ListItem","position":2,"name":"Hakk\u0131nda","item":"https:\/\/bulentsekerel.com\/index.php\/hakkinda\/"},{"@type":"ListItem","position":3,"name":"Kitaplar\u0131"}]},{"@type":"WebSite","@id":"https:\/\/bulentsekerel.com\/#website","url":"https:\/\/bulentsekerel.com\/","name":"Prof. Dr. B\u00fclent Enis \u015eekerel","description":"\u00c7ocuk Sa\u011fl\u0131\u011f\u0131 ve Hastal\u0131klar\u0131 &amp; \u00c7ocuk Alerji - Ast\u0131m Uzman\u0131","potentialAction":[{"@type":"SearchAction","target":{"@type":"EntryPoint","urlTemplate":"https:\/\/bulentsekerel.com\/?s={search_term_string}"},"query-input":"required name=search_term_string"}],"inLanguage":"tr"}]}},"_links":{"self":[{"href":"https:\/\/bulentsekerel.com\/index.php\/wp-json\/wp\/v2\/pages\/1154"}],"collection":[{"href":"https:\/\/bulentsekerel.com\/index.php\/wp-json\/wp\/v2\/pages"}],"about":[{"href":"https:\/\/bulentsekerel.com\/index.php\/wp-json\/wp\/v2\/types\/page"}],"author":[{"embeddable":true,"href":"https:\/\/bulentsekerel.com\/index.php\/wp-json\/wp\/v2\/users\/1"}],"replies":[{"embeddable":true,"href":"https:\/\/bulentsekerel.com\/index.php\/wp-json\/wp\/v2\/comments?post=1154"}],"version-history":[{"count":0,"href":"https:\/\/bulentsekerel.com\/index.php\/wp-json\/wp\/v2\/pages\/1154\/revisions"}],"up":[{"embeddable":true,"href":"https:\/\/bulentsekerel.com\/index.php\/wp-json\/wp\/v2\/pages\/957"}],"wp:attachment":[{"href":"https:\/\/bulentsekerel.com\/index.php\/wp-json\/wp\/v2\/media?parent=1154"}],"curies":[{"name":"wp","href":"https:\/\/api.w.org\/{rel}","templated":true}]}}