{"id":1136,"date":"2017-02-14T13:49:12","date_gmt":"2017-02-14T11:49:12","guid":{"rendered":"http:\/\/www.bulentsekerel.com\/?page_id=1136"},"modified":"2017-05-04T13:21:39","modified_gmt":"2017-05-04T10:21:39","slug":"yararli-baglantilar","status":"publish","type":"page","link":"https:\/\/bulentsekerel.com\/index.php\/yararli-baglantilar\/","title":{"rendered":"Yararl\u0131 Ba\u011flant\u0131lar"},"content":{"rendered":"\n<style type=\"text\/css\" data-created_by=\"avia_inline_auto\" id=\"style-css-av-av_heading-3704fdb5a78ff6385d40ad0eadcb4d6e\">\n#top .av-special-heading.av-av_heading-3704fdb5a78ff6385d40ad0eadcb4d6e{\npadding-bottom:10px;\n}\nbody .av-special-heading.av-av_heading-3704fdb5a78ff6385d40ad0eadcb4d6e .av-special-heading-tag .heading-char{\nfont-size:25px;\n}\n.av-special-heading.av-av_heading-3704fdb5a78ff6385d40ad0eadcb4d6e .av-subheading{\nfont-size:15px;\n}\n<\/style>\n<div  class='av-special-heading av-av_heading-3704fdb5a78ff6385d40ad0eadcb4d6e av-special-heading-h3  avia-builder-el-0  el_before_av_textblock  avia-builder-el-first '><h3 class='av-special-heading-tag'  itemprop=\"headline\"  >Yararl\u0131 Ba\u011flant\u0131lar<\/h3><div class=\"special-heading-border\"><div class=\"special-heading-inner-border\"><\/div><\/div><\/div>\n<section  class='av_textblock_section av-av_textblock-0366cc7376be6c9e82a3e9cc8987b64f'  itemscope=\"itemscope\" itemtype=\"https:\/\/schema.org\/CreativeWork\" ><div class='avia_textblock'  itemprop=\"text\" ><ul>\n<li><a href=\"http:\/\/www.aid.org.tr\/\" target=\"_blank\" rel=\"noopener\"><strong>T\u00fcrkiye Ulusal Allerji ve Klinik \u0130mm\u00fcnoloji Derne\u011fi<\/strong><\/a><\/li>\n<li><a href=\"http:\/\/aaaai.org\" target=\"_blank\" rel=\"noopener\"><strong>Amerikan Allerji Astim ve Immunoloji Akademisi<\/strong><\/a><\/li>\n<li><a href=\"http:\/\/eaaci.net\" target=\"_blank\" rel=\"noopener\"><strong>Avrupa Allerji ve Klinik Immunoloji Akademisi<\/strong><\/a><\/li>\n<li><a href=\"http:\/\/www.allergicliving.com\" target=\"_blank\" rel=\"noopener\"><strong>Allergic Living Magazine<\/strong><\/a><\/li>\n<li><a href=\"http:\/\/www.foodallergy.org\/\" target=\"_blank\" rel=\"noopener\"><strong>FARE<\/strong><\/a><\/li>\n<li><a href=\"http:\/\/www.aafa.org\/\" target=\"_blank\" rel=\"noopener\"><strong>Asthma and Allergy Foundation of America<\/strong><\/a><\/li>\n<li><strong><a href=\"http:\/\/www.fda.gov\/food\" target=\"_blank\" rel=\"noopener\">S. Food and Drug Administration<\/a>\u00a0<\/strong><\/li>\n<\/ul>\n<\/div><\/section>\n","protected":false},"excerpt":{"rendered":"","protected":false},"author":1,"featured_media":0,"parent":0,"menu_order":0,"comment_status":"closed","ping_status":"closed","template":"","meta":[],"yoast_head":"<!-- This site is optimized with the Yoast SEO plugin v20.1 - https:\/\/yoast.com\/wordpress\/plugins\/seo\/ -->\n<title>Yararl\u0131 Ba\u011flant\u0131lar - Prof. Dr. B\u00fclent Enis \u015eekerel<\/title>\n<meta name=\"robots\" content=\"index, follow, max-snippet:-1, max-image-preview:large, max-video-preview:-1\" \/>\n<link rel=\"canonical\" href=\"https:\/\/bulentsekerel.com\/index.php\/yararli-baglantilar\/\" \/>\n<meta property=\"og:locale\" content=\"tr_TR\" \/>\n<meta property=\"og:type\" content=\"article\" \/>\n<meta property=\"og:title\" content=\"Yararl\u0131 Ba\u011flant\u0131lar - Prof. Dr. B\u00fclent Enis \u015eekerel\" \/>\n<meta property=\"og:url\" content=\"https:\/\/bulentsekerel.com\/index.php\/yararli-baglantilar\/\" \/>\n<meta property=\"og:site_name\" content=\"Prof. Dr. B\u00fclent Enis \u015eekerel\" \/>\n<meta property=\"article:modified_time\" content=\"2017-05-04T10:21:39+00:00\" \/>\n<meta name=\"twitter:card\" content=\"summary_large_image\" \/>\n<script type=\"application\/ld+json\" class=\"yoast-schema-graph\">{\"@context\":\"https:\/\/schema.org\",\"@graph\":[{\"@type\":\"WebPage\",\"@id\":\"https:\/\/bulentsekerel.com\/index.php\/yararli-baglantilar\/\",\"url\":\"https:\/\/bulentsekerel.com\/index.php\/yararli-baglantilar\/\",\"name\":\"Yararl\u0131 Ba\u011flant\u0131lar - Prof. Dr. B\u00fclent Enis \u015eekerel\",\"isPartOf\":{\"@id\":\"https:\/\/bulentsekerel.com\/#website\"},\"datePublished\":\"2017-02-14T11:49:12+00:00\",\"dateModified\":\"2017-05-04T10:21:39+00:00\",\"breadcrumb\":{\"@id\":\"https:\/\/bulentsekerel.com\/index.php\/yararli-baglantilar\/#breadcrumb\"},\"inLanguage\":\"tr\",\"potentialAction\":[{\"@type\":\"ReadAction\",\"target\":[\"https:\/\/bulentsekerel.com\/index.php\/yararli-baglantilar\/\"]}]},{\"@type\":\"BreadcrumbList\",\"@id\":\"https:\/\/bulentsekerel.com\/index.php\/yararli-baglantilar\/#breadcrumb\",\"itemListElement\":[{\"@type\":\"ListItem\",\"position\":1,\"name\":\"Anasayfa\",\"item\":\"https:\/\/bulentsekerel.com\/\"},{\"@type\":\"ListItem\",\"position\":2,\"name\":\"Yararl\u0131 Ba\u011flant\u0131lar\"}]},{\"@type\":\"WebSite\",\"@id\":\"https:\/\/bulentsekerel.com\/#website\",\"url\":\"https:\/\/bulentsekerel.com\/\",\"name\":\"Prof. Dr. B\u00fclent Enis \u015eekerel\",\"description\":\"\u00c7ocuk Sa\u011fl\u0131\u011f\u0131 ve Hastal\u0131klar\u0131 &amp; \u00c7ocuk Alerji - Ast\u0131m Uzman\u0131\",\"potentialAction\":[{\"@type\":\"SearchAction\",\"target\":{\"@type\":\"EntryPoint\",\"urlTemplate\":\"https:\/\/bulentsekerel.com\/?s={search_term_string}\"},\"query-input\":\"required name=search_term_string\"}],\"inLanguage\":\"tr\"}]}<\/script>\n<!-- \/ Yoast SEO plugin. -->","yoast_head_json":{"title":"Yararl\u0131 Ba\u011flant\u0131lar - Prof. Dr. B\u00fclent Enis \u015eekerel","robots":{"index":"index","follow":"follow","max-snippet":"max-snippet:-1","max-image-preview":"max-image-preview:large","max-video-preview":"max-video-preview:-1"},"canonical":"https:\/\/bulentsekerel.com\/index.php\/yararli-baglantilar\/","og_locale":"tr_TR","og_type":"article","og_title":"Yararl\u0131 Ba\u011flant\u0131lar - Prof. Dr. B\u00fclent Enis \u015eekerel","og_url":"https:\/\/bulentsekerel.com\/index.php\/yararli-baglantilar\/","og_site_name":"Prof. Dr. B\u00fclent Enis \u015eekerel","article_modified_time":"2017-05-04T10:21:39+00:00","twitter_card":"summary_large_image","schema":{"@context":"https:\/\/schema.org","@graph":[{"@type":"WebPage","@id":"https:\/\/bulentsekerel.com\/index.php\/yararli-baglantilar\/","url":"https:\/\/bulentsekerel.com\/index.php\/yararli-baglantilar\/","name":"Yararl\u0131 Ba\u011flant\u0131lar - Prof. Dr. B\u00fclent Enis \u015eekerel","isPartOf":{"@id":"https:\/\/bulentsekerel.com\/#website"},"datePublished":"2017-02-14T11:49:12+00:00","dateModified":"2017-05-04T10:21:39+00:00","breadcrumb":{"@id":"https:\/\/bulentsekerel.com\/index.php\/yararli-baglantilar\/#breadcrumb"},"inLanguage":"tr","potentialAction":[{"@type":"ReadAction","target":["https:\/\/bulentsekerel.com\/index.php\/yararli-baglantilar\/"]}]},{"@type":"BreadcrumbList","@id":"https:\/\/bulentsekerel.com\/index.php\/yararli-baglantilar\/#breadcrumb","itemListElement":[{"@type":"ListItem","position":1,"name":"Anasayfa","item":"https:\/\/bulentsekerel.com\/"},{"@type":"ListItem","position":2,"name":"Yararl\u0131 Ba\u011flant\u0131lar"}]},{"@type":"WebSite","@id":"https:\/\/bulentsekerel.com\/#website","url":"https:\/\/bulentsekerel.com\/","name":"Prof. Dr. B\u00fclent Enis \u015eekerel","description":"\u00c7ocuk Sa\u011fl\u0131\u011f\u0131 ve Hastal\u0131klar\u0131 &amp; \u00c7ocuk Alerji - Ast\u0131m Uzman\u0131","potentialAction":[{"@type":"SearchAction","target":{"@type":"EntryPoint","urlTemplate":"https:\/\/bulentsekerel.com\/?s={search_term_string}"},"query-input":"required name=search_term_string"}],"inLanguage":"tr"}]}},"_links":{"self":[{"href":"https:\/\/bulentsekerel.com\/index.php\/wp-json\/wp\/v2\/pages\/1136"}],"collection":[{"href":"https:\/\/bulentsekerel.com\/index.php\/wp-json\/wp\/v2\/pages"}],"about":[{"href":"https:\/\/bulentsekerel.com\/index.php\/wp-json\/wp\/v2\/types\/page"}],"author":[{"embeddable":true,"href":"https:\/\/bulentsekerel.com\/index.php\/wp-json\/wp\/v2\/users\/1"}],"replies":[{"embeddable":true,"href":"https:\/\/bulentsekerel.com\/index.php\/wp-json\/wp\/v2\/comments?post=1136"}],"version-history":[{"count":0,"href":"https:\/\/bulentsekerel.com\/index.php\/wp-json\/wp\/v2\/pages\/1136\/revisions"}],"wp:attachment":[{"href":"https:\/\/bulentsekerel.com\/index.php\/wp-json\/wp\/v2\/media?parent=1136"}],"curies":[{"name":"wp","href":"https:\/\/api.w.org\/{rel}","templated":true}]}}